{"id":987510530,"date":"2024-01-13T17:57:12","date_gmt":"2024-01-13T16:57:12","guid":{"rendered":"https:\/\/jaws-fishing.com\/?page_id=987510530"},"modified":"2024-07-31T11:31:55","modified_gmt":"2024-07-31T09:31:55","slug":"livraison","status":"publish","type":"page","link":"https:\/\/jaws-fishing.com\/index.php\/livraison\/","title":{"rendered":"LIVRAISON"},"content":{"rendered":"[et_pb_section fb_built=\u00a0\u00bb1&Prime; admin_label=\u00a0\u00bbsection\u00a0\u00bb _builder_version=\u00a0\u00bb4.16&Prime; global_colors_info=\u00a0\u00bb{}\u00a0\u00bb][et_pb_row admin_label=\u00a0\u00bbrow\u00a0\u00bb _builder_version=\u00a0\u00bb4.16&Prime; background_size=\u00a0\u00bbinitial\u00a0\u00bb background_position=\u00a0\u00bbtop_left\u00a0\u00bb background_repeat=\u00a0\u00bbrepeat\u00a0\u00bb global_colors_info=\u00a0\u00bb{}\u00a0\u00bb][et_pb_column type=\u00a0\u00bb4_4&Prime; _builder_version=\u00a0\u00bb4.16&Prime; custom_padding=\u00a0\u00bb|||\u00a0\u00bb global_colors_info=\u00a0\u00bb{}\u00a0\u00bb custom_padding__hover=\u00a0\u00bb|||\u00a0\u00bb][et_pb_text admin_label=\u00a0\u00bbText\u00a0\u00bb _builder_version=\u00a0\u00bb4.16&Prime; background_size=\u00a0\u00bbinitial\u00a0\u00bb background_position=\u00a0\u00bbtop_left\u00a0\u00bb background_repeat=\u00a0\u00bbrepeat\u00a0\u00bb global_colors_info=\u00a0\u00bb{}\u00a0\u00bb]<p><\/p>\n<p>JAWS offre la livraison pour toute commande pass\u00e9e en France et \u00e0 destination de la France et DROM.<\/p>\n<p><\/p>\n<p><\/p>\n<p>Les frais d\u2019exp\u00e9ditions sont les suivant :\u00a0<\/p>\n<p><\/p>\n<p><\/p>\n<p>Les frais d\u2019exp\u00e9ditions \u00e0 destination de l\u2019Europe s\u2019\u00e9l\u00e8vent \u00e0 4,99\u20ac.<\/p>\n<p><\/p>\n<p><\/p>\n<p>Ce prix correspond \u00e0 la moiti\u00e9 des frais d\u2019exp\u00e9ditions propos\u00e9s par La Poste. L\u2019autre moiti\u00e9 des frais d\u2019exp\u00e9ditions est prise en charge par JAWS.<\/p>\n<p><\/p>\n<p><\/p>\n<p>Les frais d\u2019exp\u00e9ditions \u00e0 destination du reste du monde ( Hors France et Hors UE ) s\u2019\u00e9l\u00e8vent \u00e0 9.99\u20ac (hors exception&#8230;)<\/p>\n<p><\/p>\n<p><\/p>\n<p>Ce prix correspond \u00e0 la moiti\u00e9 des frais d\u2019exp\u00e9ditions propos\u00e9s par La Poste. L\u2019autre moiti\u00e9 des frais d\u2019exp\u00e9ditions est prise en charge par JAWS.<\/p>\n<p><\/p>\n<p><\/p>\n<p>Les d\u00e9lais de livraison :<\/p>\n<p><\/p>\n<p><\/p>\n<p>D\u00e8s la commande effectu\u00e9e nous pr\u00e9parons votre commande et l\u2019exp\u00e9dions le plus rapidement possible ( des d\u00e9lais de productions peuvent rallonger l\u2019envoi de votre commande, certains produits pouvant \u00eatre en cours de production ).<\/p>\n<p><\/p>\n<p><\/p>\n<p>Pour les commandes pass\u00e9es en France les d\u00e9lais de livraison sont de\u00a072h en jours ouvr\u00e9s une fois l\u2019exp\u00e9dition faite.<\/p>\n<p><\/p>\n<p><\/p>\n<p>Nous rappelons que ces d\u00e9lais sont indicatifs et transmit par notre partenaire d\u2019exp\u00e9dition : La Poste Service.<\/p>\n<p>&nbsp;<\/p>\n<p>Nous nous engageons \u00e0 exp\u00e9dier toutes commandes \u00ab\u00a0classiques\u00a0\u00bb pass\u00e9s avant 14h le lendemain au plus tard.<\/p>\n<p><\/p>\n<p><\/p>\n<p><\/p>\n<p>Pour les colis \u00e0 destination du reste du monde cela reste variable selon les r\u00e9gions de commande, n\u00e9anmoins le colis sera livr\u00e9 entre 7 et 13 jours maximum pour des r\u00e9gions ou les liaisons a\u00e9riennes commerciales sont faibles.<\/p>\n<p><\/p>\n<p><\/p>\n<p>Nous rappelons que ces d\u00e9lais sont indicatifs et transmit par notre partenaire d\u2019exp\u00e9dition.<\/p>\n<p><\/p>\n<p><\/p>\n<p><strong>Pour les Etats-Unis par exemple comptez 7 \u00e0 8 jours<\/strong> minimum.<\/p>\n<p><\/p>\n<p><\/p>\n<p>Nous nous effor\u00e7ons de vous prodiguer un service de livraison pr\u00e9mium. Pour toute questions relatives \u00e0 l\u2019envoie d\u2019un colis ou des temps de livraison pour certaines destinations :\u00a0contact@jaws.com<\/p>\n<p><\/p>\n<p><\/p>\n<p>En vous remerciant,<\/p>\n<p><\/p>\n<p><\/p>\n<p>Sportivement,<\/p>\n<p><\/p>\n<p><\/p>\n<p>L\u2019\u00e9quipe JAWS.<\/p>\n<p><\/p>[\/et_pb_text][\/et_pb_column][\/et_pb_row][\/et_pb_section]","protected":false},"excerpt":{"rendered":"<p>JAWS offre la livraison pour toute commande pass\u00e9e en France et \u00e0 destination de la France et DROM. Les frais d\u2019exp\u00e9ditions sont les suivant :\u00a0 Les frais d\u2019exp\u00e9ditions \u00e0 destination de l\u2019Europe s\u2019\u00e9l\u00e8vent \u00e0 4,99\u20ac. Ce prix correspond \u00e0 la moiti\u00e9 des frais d\u2019exp\u00e9ditions propos\u00e9s par La Poste. L\u2019autre moiti\u00e9 des frais d\u2019exp\u00e9ditions est prise [&hellip;]<\/p>\n","protected":false},"author":1,"featured_media":0,"parent":0,"menu_order":0,"comment_status":"closed","ping_status":"closed","template":"","meta":{"_et_pb_use_builder":"on","_et_pb_old_content":"<!-- wp:paragraph -->\n<p>JAWS offre la livraison pour toute commande pass\u00e9e en France et \u00e0 destination de la France et DROM.<\/p>\n<!-- \/wp:paragraph -->\n\n<!-- wp:paragraph -->\n<p>Les frais d\u2019exp\u00e9ditions sont les suivant :&nbsp;<\/p>\n<!-- \/wp:paragraph -->\n\n<!-- wp:paragraph -->\n<p>Les frais d\u2019exp\u00e9ditions \u00e0 destination de l\u2019Europe s\u2019\u00e9l\u00e8vent \u00e0 4,99\u20ac.<\/p>\n<!-- \/wp:paragraph -->\n\n<!-- wp:paragraph -->\n<p>Ce prix correspond \u00e0 la moiti\u00e9 des frais d\u2019exp\u00e9ditions propos\u00e9s par La Poste. L\u2019autre moiti\u00e9 des frais d\u2019exp\u00e9ditions est prise en charge par JAWS.<\/p>\n<!-- \/wp:paragraph -->\n\n<!-- wp:paragraph -->\n<p>Les frais d\u2019exp\u00e9ditions \u00e0 destination du reste du monde ( Hors France et Hors UE ) s\u2019\u00e9l\u00e8vent \u00e0 9.99\u20ac (hors exception...)<\/p>\n<!-- \/wp:paragraph -->\n\n<!-- wp:paragraph -->\n<p>Ce prix correspond \u00e0 la moiti\u00e9 des frais d\u2019exp\u00e9ditions propos\u00e9s par La Poste. L\u2019autre moiti\u00e9 des frais d\u2019exp\u00e9ditions est prise en charge par JAWS.<\/p>\n<!-- \/wp:paragraph -->\n\n<!-- wp:paragraph -->\n<p>Les d\u00e9lais de livraison :<\/p>\n<!-- \/wp:paragraph -->\n\n<!-- wp:paragraph -->\n<p>D\u00e8s la commande effectu\u00e9e nous pr\u00e9parons votre commande et l\u2019exp\u00e9dions le plus rapidement possible ( des d\u00e9lais de productions peuvent rallonger l\u2019envoi de votre commande, certains produits pouvant \u00eatre en cours de production ).<\/p>\n<!-- \/wp:paragraph -->\n\n<!-- wp:paragraph -->\n<p>Pour les commandes pass\u00e9es en France les d\u00e9lais de livraison sont de\u00a072h en jours ouvr\u00e9s une fois l\u2019exp\u00e9dition faite.<\/p>\n<!-- \/wp:paragraph -->\n\n<!-- wp:paragraph -->\n<p>Nous rappelons que ces d\u00e9lais sont indicatifs et transmit par notre partenaire d\u2019exp\u00e9dition : La Poste Service.<\/p>\n<!-- \/wp:paragraph -->\n\n<!-- wp:paragraph -->\n<p>Vous permettre d\u2019obtenir la livraison gratuite de nos produits passe par un service de base de notre partenaire d\u2019exp\u00e9dition, l\u2019option de suivi permet de pouvoir suivre votre colis. La livraison gratuite ne comprend pas le num\u00e9ro de suivi.&nbsp;<\/p>\n<!-- \/wp:paragraph -->\n\n<!-- wp:paragraph -->\n<p>Pour les colis \u00e0 destination de l\u2019Europe, les d\u00e9lais de livraison sont de&nbsp;3 jours \u00e0 6 jours&nbsp;maximum.<\/p>\n<!-- \/wp:paragraph -->\n\n<!-- wp:paragraph -->\n<p>Nous rappelons que ces d\u00e9lais sont indicatifs et transmit par notre partenaire d\u2019exp\u00e9dition.<\/p>\n<!-- \/wp:paragraph -->\n\n<!-- wp:paragraph -->\n<p>Pour les colis \u00e0 destination du reste du monde cela reste variable selon les r\u00e9gions de commande, n\u00e9anmoins le colis sera livr\u00e9 entre&nbsp;7 et 13 jours&nbsp;maximum pour des r\u00e9gions ou les liaisons a\u00e9riennes commerciales sont faibles.<\/p>\n<!-- \/wp:paragraph -->\n\n<!-- wp:paragraph -->\n<p>Nous rappelons que ces d\u00e9lais sont indicatifs et transmit par notre partenaire d\u2019exp\u00e9dition.<\/p>\n<!-- \/wp:paragraph -->\n\n<!-- wp:paragraph -->\n<p><strong>Pour les Etats-Unis par exemple comptez 7 \u00e0 8 jours<\/strong> minimum.<\/p>\n<!-- \/wp:paragraph -->\n\n<!-- wp:paragraph -->\n<p>Nous nous effor\u00e7ons de vous prodiguer un service de livraison pr\u00e9mium. Pour toute questions relatives \u00e0 l\u2019envoie d\u2019un colis ou des temps de livraison pour certaines destinations :\u00a0contact@jaws.com<\/p>\n<!-- \/wp:paragraph -->\n\n<!-- wp:paragraph -->\n<p>En vous remerciant,<\/p>\n<!-- \/wp:paragraph -->\n\n<!-- wp:paragraph -->\n<p>Sportivement,<\/p>\n<!-- \/wp:paragraph -->\n\n<!-- wp:paragraph -->\n<p>L\u2019\u00e9quipe JAWS.<\/p>\n<!-- \/wp:paragraph -->","_et_gb_content_width":"","footnotes":""},"class_list":["post-987510530","page","type-page","status-publish","hentry"],"yoast_head":"<!-- This site is optimized with the Yoast SEO plugin v25.6 - https:\/\/yoast.com\/wordpress\/plugins\/seo\/ -->\n<title>LIVRAISON - JAWS<\/title>\n<meta name=\"robots\" content=\"index, follow, max-snippet:-1, max-image-preview:large, max-video-preview:-1\" \/>\n<link rel=\"canonical\" href=\"https:\/\/jaws-fishing.com\/index.php\/livraison\/\" \/>\n<meta property=\"og:locale\" content=\"fr_FR\" \/>\n<meta property=\"og:type\" content=\"article\" \/>\n<meta property=\"og:title\" content=\"LIVRAISON - JAWS\" \/>\n<meta property=\"og:description\" content=\"JAWS offre la livraison pour toute commande pass\u00e9e en France et \u00e0 destination de la France et DROM. Les frais d\u2019exp\u00e9ditions sont les suivant :\u00a0 Les frais d\u2019exp\u00e9ditions \u00e0 destination de l\u2019Europe s\u2019\u00e9l\u00e8vent \u00e0 4,99\u20ac. Ce prix correspond \u00e0 la moiti\u00e9 des frais d\u2019exp\u00e9ditions propos\u00e9s par La Poste. L\u2019autre moiti\u00e9 des frais d\u2019exp\u00e9ditions est prise [&hellip;]\" \/>\n<meta property=\"og:url\" content=\"https:\/\/jaws-fishing.com\/index.php\/livraison\/\" \/>\n<meta property=\"og:site_name\" content=\"JAWS\" \/>\n<meta property=\"article:modified_time\" content=\"2024-07-31T09:31:55+00:00\" \/>\n<meta name=\"twitter:card\" content=\"summary_large_image\" \/>\n<meta name=\"twitter:label1\" content=\"Dur\u00e9e de lecture estim\u00e9e\" \/>\n\t<meta name=\"twitter:data1\" content=\"2 minutes\" \/>\n<script type=\"application\/ld+json\" class=\"yoast-schema-graph\">{\"@context\":\"https:\/\/schema.org\",\"@graph\":[{\"@type\":\"WebPage\",\"@id\":\"https:\/\/jaws-fishing.com\/index.php\/livraison\/\",\"url\":\"https:\/\/jaws-fishing.com\/index.php\/livraison\/\",\"name\":\"LIVRAISON - JAWS\",\"isPartOf\":{\"@id\":\"https:\/\/jaws-fishing.com\/#website\"},\"datePublished\":\"2024-01-13T16:57:12+00:00\",\"dateModified\":\"2024-07-31T09:31:55+00:00\",\"breadcrumb\":{\"@id\":\"https:\/\/jaws-fishing.com\/index.php\/livraison\/#breadcrumb\"},\"inLanguage\":\"fr-FR\",\"potentialAction\":[{\"@type\":\"ReadAction\",\"target\":[\"https:\/\/jaws-fishing.com\/index.php\/livraison\/\"]}]},{\"@type\":\"BreadcrumbList\",\"@id\":\"https:\/\/jaws-fishing.com\/index.php\/livraison\/#breadcrumb\",\"itemListElement\":[{\"@type\":\"ListItem\",\"position\":1,\"name\":\"Accueil\",\"item\":\"https:\/\/jaws-fishing.com\/\"},{\"@type\":\"ListItem\",\"position\":2,\"name\":\"LIVRAISON\"}]},{\"@type\":\"WebSite\",\"@id\":\"https:\/\/jaws-fishing.com\/#website\",\"url\":\"https:\/\/jaws-fishing.com\/\",\"name\":\"JAWS\",\"description\":\"HANDMADE FISHING LURES\",\"publisher\":{\"@id\":\"https:\/\/jaws-fishing.com\/#organization\"},\"potentialAction\":[{\"@type\":\"SearchAction\",\"target\":{\"@type\":\"EntryPoint\",\"urlTemplate\":\"https:\/\/jaws-fishing.com\/?s={search_term_string}\"},\"query-input\":{\"@type\":\"PropertyValueSpecification\",\"valueRequired\":true,\"valueName\":\"search_term_string\"}}],\"inLanguage\":\"fr-FR\"},{\"@type\":\"Organization\",\"@id\":\"https:\/\/jaws-fishing.com\/#organization\",\"name\":\"JAWS\",\"url\":\"https:\/\/jaws-fishing.com\/\",\"logo\":{\"@type\":\"ImageObject\",\"inLanguage\":\"fr-FR\",\"@id\":\"https:\/\/jaws-fishing.com\/#\/schema\/logo\/image\/\",\"url\":\"https:\/\/jaws-fishing.com\/wp-content\/uploads\/2020\/12\/web-agency-logo-3.png\",\"contentUrl\":\"https:\/\/jaws-fishing.com\/wp-content\/uploads\/2020\/12\/web-agency-logo-3.png\",\"width\":200,\"height\":200,\"caption\":\"JAWS\"},\"image\":{\"@id\":\"https:\/\/jaws-fishing.com\/#\/schema\/logo\/image\/\"}}]}<\/script>\n<!-- \/ Yoast SEO plugin. -->","yoast_head_json":{"title":"LIVRAISON - JAWS","robots":{"index":"index","follow":"follow","max-snippet":"max-snippet:-1","max-image-preview":"max-image-preview:large","max-video-preview":"max-video-preview:-1"},"canonical":"https:\/\/jaws-fishing.com\/index.php\/livraison\/","og_locale":"fr_FR","og_type":"article","og_title":"LIVRAISON - JAWS","og_description":"JAWS offre la livraison pour toute commande pass\u00e9e en France et \u00e0 destination de la France et DROM. Les frais d\u2019exp\u00e9ditions sont les suivant :\u00a0 Les frais d\u2019exp\u00e9ditions \u00e0 destination de l\u2019Europe s\u2019\u00e9l\u00e8vent \u00e0 4,99\u20ac. Ce prix correspond \u00e0 la moiti\u00e9 des frais d\u2019exp\u00e9ditions propos\u00e9s par La Poste. L\u2019autre moiti\u00e9 des frais d\u2019exp\u00e9ditions est prise [&hellip;]","og_url":"https:\/\/jaws-fishing.com\/index.php\/livraison\/","og_site_name":"JAWS","article_modified_time":"2024-07-31T09:31:55+00:00","twitter_card":"summary_large_image","twitter_misc":{"Dur\u00e9e de lecture estim\u00e9e":"2 minutes"},"schema":{"@context":"https:\/\/schema.org","@graph":[{"@type":"WebPage","@id":"https:\/\/jaws-fishing.com\/index.php\/livraison\/","url":"https:\/\/jaws-fishing.com\/index.php\/livraison\/","name":"LIVRAISON - JAWS","isPartOf":{"@id":"https:\/\/jaws-fishing.com\/#website"},"datePublished":"2024-01-13T16:57:12+00:00","dateModified":"2024-07-31T09:31:55+00:00","breadcrumb":{"@id":"https:\/\/jaws-fishing.com\/index.php\/livraison\/#breadcrumb"},"inLanguage":"fr-FR","potentialAction":[{"@type":"ReadAction","target":["https:\/\/jaws-fishing.com\/index.php\/livraison\/"]}]},{"@type":"BreadcrumbList","@id":"https:\/\/jaws-fishing.com\/index.php\/livraison\/#breadcrumb","itemListElement":[{"@type":"ListItem","position":1,"name":"Accueil","item":"https:\/\/jaws-fishing.com\/"},{"@type":"ListItem","position":2,"name":"LIVRAISON"}]},{"@type":"WebSite","@id":"https:\/\/jaws-fishing.com\/#website","url":"https:\/\/jaws-fishing.com\/","name":"JAWS","description":"HANDMADE FISHING LURES","publisher":{"@id":"https:\/\/jaws-fishing.com\/#organization"},"potentialAction":[{"@type":"SearchAction","target":{"@type":"EntryPoint","urlTemplate":"https:\/\/jaws-fishing.com\/?s={search_term_string}"},"query-input":{"@type":"PropertyValueSpecification","valueRequired":true,"valueName":"search_term_string"}}],"inLanguage":"fr-FR"},{"@type":"Organization","@id":"https:\/\/jaws-fishing.com\/#organization","name":"JAWS","url":"https:\/\/jaws-fishing.com\/","logo":{"@type":"ImageObject","inLanguage":"fr-FR","@id":"https:\/\/jaws-fishing.com\/#\/schema\/logo\/image\/","url":"https:\/\/jaws-fishing.com\/wp-content\/uploads\/2020\/12\/web-agency-logo-3.png","contentUrl":"https:\/\/jaws-fishing.com\/wp-content\/uploads\/2020\/12\/web-agency-logo-3.png","width":200,"height":200,"caption":"JAWS"},"image":{"@id":"https:\/\/jaws-fishing.com\/#\/schema\/logo\/image\/"}}]}},"_links":{"self":[{"href":"https:\/\/jaws-fishing.com\/index.php\/wp-json\/wp\/v2\/pages\/987510530","targetHints":{"allow":["GET"]}}],"collection":[{"href":"https:\/\/jaws-fishing.com\/index.php\/wp-json\/wp\/v2\/pages"}],"about":[{"href":"https:\/\/jaws-fishing.com\/index.php\/wp-json\/wp\/v2\/types\/page"}],"author":[{"embeddable":true,"href":"https:\/\/jaws-fishing.com\/index.php\/wp-json\/wp\/v2\/users\/1"}],"replies":[{"embeddable":true,"href":"https:\/\/jaws-fishing.com\/index.php\/wp-json\/wp\/v2\/comments?post=987510530"}],"version-history":[{"count":3,"href":"https:\/\/jaws-fishing.com\/index.php\/wp-json\/wp\/v2\/pages\/987510530\/revisions"}],"predecessor-version":[{"id":987510787,"href":"https:\/\/jaws-fishing.com\/index.php\/wp-json\/wp\/v2\/pages\/987510530\/revisions\/987510787"}],"wp:attachment":[{"href":"https:\/\/jaws-fishing.com\/index.php\/wp-json\/wp\/v2\/media?parent=987510530"}],"curies":[{"name":"wp","href":"https:\/\/api.w.org\/{rel}","templated":true}]}}