{"id":987510536,"date":"2024-01-13T18:12:48","date_gmt":"2024-01-13T17:12:48","guid":{"rendered":"https:\/\/jaws-fishing.com\/?page_id=987510536"},"modified":"2024-01-13T18:12:51","modified_gmt":"2024-01-13T17:12:51","slug":"politique-dutilisation","status":"publish","type":"page","link":"https:\/\/jaws-fishing.com\/index.php\/politique-dutilisation\/","title":{"rendered":"POLITIQUE D&rsquo;UTILISATION"},"content":{"rendered":"\n<p>Conseil d\u2019utilisation des produits JAWS:\u00a0<\/p>\n\n\n\n<p>Il est obligatoire de lire ce document avant utilisation des produits JAWS.<\/p>\n\n\n\n<p>Nos produits sont destin\u00e9s \u00e0 la p\u00eache sportive ou de loisir.&nbsp;<\/p>\n\n\n\n<p>Toute autre utilisation de nos produits que celle \u00e9tablie par la pr\u00e9c\u00e9dente phrase est d\u00e9conseill\u00e9e et ne saurait porter pr\u00e9judice \u00e0 JAWSSAS.<\/p>\n\n\n\n<p>En raison de leur production manuelle et unitaire, les produits re\u00e7us peuvent tr\u00e8s l\u00e9g\u00e8rement diff\u00e9r\u00e9s des photos du site et pr\u00e9senter de petites singularit\u00e9s qui n\u2019affecte pas les capacit\u00e9s techniques du produit.&nbsp; N\u00e9anmoins tout produit d\u00e9fectueux et inutilisable sera bien \u00e9videmment remplac\u00e9.&nbsp;<\/p>\n\n\n\n<p><strong>Utilisation de nos produits<\/strong>&nbsp;:&nbsp;<\/p>\n\n\n\n<p>Ne pas ing\u00e9rer ou ins\u00e9rer nos produits.&nbsp;<\/p>\n\n\n\n<p>Ne pas laisser \u00e0 la port\u00e9e des enfants.&nbsp;<\/p>\n\n\n\n<p>Convient \u00e0 une utilisation entre -20\u00b0C et 40\u00b0C.\u00a0<\/p>\n\n\n\n<p>Ne pas approcher d\u2019une source de chaleur.&nbsp;&nbsp;<\/p>\n\n\n\n<p>Un leurre de p\u00eache est un \u00e9l\u00e9ment polluant s\u2019il est laiss\u00e9 dans la nature et doit \u00eatre ramass\u00e9 dans la mesure du possible et jeter dans la poubelle qui convient s\u2019il est inutilisable .<\/p>\n\n\n\n<p>Tout \u00e9l\u00e9ment d\u2019emballage de nos produits suit les m\u00eames pr\u00e9rogatives.<\/p>\n\n\n\n<p><strong>Conseils sp\u00e9ciaux additionnels pour les produits contenants des hame\u00e7ons<\/strong>&nbsp;:&nbsp;<\/p>\n\n\n\n<p>Il est conseill\u00e9 de porter des lunettes de protection pendant l\u2019utilisation d\u2019un hame\u00e7on par soi-m\u00eame ou une personne proche de nous.&nbsp;<\/p>\n\n\n\n<p>Eloigner ces produits des yeux et de toutes les zones sensibles du corps humain.&nbsp;<\/p>\n\n\n\n<p>Un hame\u00e7on m\u00eame en dehors d\u2019une partie de p\u00eache reste dangereux.&nbsp;<\/p>\n\n\n\n<p>V\u00e9rifier les alentours avant de manipuler ces produits.&nbsp;<\/p>\n\n\n\n<p>Un hame\u00e7on est un objet dangereux et il est de la responsabilit\u00e9 de l\u2019utilisateur de veiller \u00e0 le manipuler en toute s\u00e9curit\u00e9 pour lui et les tiers personnes qui l\u2019entourent.<\/p>\n\n\n\n<p>En vous remerciant,<\/p>\n\n\n\n<p>L\u2019\u00e9quipe JAWS<\/p>\n","protected":false},"excerpt":{"rendered":"<p>Conseil d\u2019utilisation des produits JAWS:\u00a0 Il est obligatoire de lire ce document avant utilisation des produits JAWS. Nos produits sont destin\u00e9s \u00e0 la p\u00eache sportive ou de loisir.&nbsp; Toute autre utilisation de nos produits que celle \u00e9tablie par la pr\u00e9c\u00e9dente phrase est d\u00e9conseill\u00e9e et ne saurait porter pr\u00e9judice \u00e0 JAWSSAS. En raison de leur production [&hellip;]<\/p>\n","protected":false},"author":1,"featured_media":0,"parent":0,"menu_order":0,"comment_status":"closed","ping_status":"closed","template":"","meta":{"_et_pb_use_builder":"off","_et_pb_old_content":"","_et_gb_content_width":"","footnotes":""},"class_list":["post-987510536","page","type-page","status-publish","hentry"],"yoast_head":"<!-- This site is optimized with the Yoast SEO plugin v25.6 - https:\/\/yoast.com\/wordpress\/plugins\/seo\/ -->\n<title>POLITIQUE D&#039;UTILISATION - JAWS<\/title>\n<meta name=\"robots\" content=\"index, follow, max-snippet:-1, max-image-preview:large, max-video-preview:-1\" \/>\n<link rel=\"canonical\" href=\"https:\/\/jaws-fishing.com\/index.php\/politique-dutilisation\/\" \/>\n<meta property=\"og:locale\" content=\"fr_FR\" \/>\n<meta property=\"og:type\" content=\"article\" \/>\n<meta property=\"og:title\" content=\"POLITIQUE D&#039;UTILISATION - JAWS\" \/>\n<meta property=\"og:description\" content=\"Conseil d\u2019utilisation des produits JAWS:\u00a0 Il est obligatoire de lire ce document avant utilisation des produits JAWS. Nos produits sont destin\u00e9s \u00e0 la p\u00eache sportive ou de loisir.&nbsp; Toute autre utilisation de nos produits que celle \u00e9tablie par la pr\u00e9c\u00e9dente phrase est d\u00e9conseill\u00e9e et ne saurait porter pr\u00e9judice \u00e0 JAWSSAS. En raison de leur production [&hellip;]\" \/>\n<meta property=\"og:url\" content=\"https:\/\/jaws-fishing.com\/index.php\/politique-dutilisation\/\" \/>\n<meta property=\"og:site_name\" content=\"JAWS\" \/>\n<meta property=\"article:modified_time\" content=\"2024-01-13T17:12:51+00:00\" \/>\n<meta name=\"twitter:card\" content=\"summary_large_image\" \/>\n<meta name=\"twitter:label1\" content=\"Dur\u00e9e de lecture estim\u00e9e\" \/>\n\t<meta name=\"twitter:data1\" content=\"2 minutes\" \/>\n<script type=\"application\/ld+json\" class=\"yoast-schema-graph\">{\"@context\":\"https:\/\/schema.org\",\"@graph\":[{\"@type\":\"WebPage\",\"@id\":\"https:\/\/jaws-fishing.com\/index.php\/politique-dutilisation\/\",\"url\":\"https:\/\/jaws-fishing.com\/index.php\/politique-dutilisation\/\",\"name\":\"POLITIQUE D'UTILISATION - JAWS\",\"isPartOf\":{\"@id\":\"https:\/\/jaws-fishing.com\/#website\"},\"datePublished\":\"2024-01-13T17:12:48+00:00\",\"dateModified\":\"2024-01-13T17:12:51+00:00\",\"breadcrumb\":{\"@id\":\"https:\/\/jaws-fishing.com\/index.php\/politique-dutilisation\/#breadcrumb\"},\"inLanguage\":\"fr-FR\",\"potentialAction\":[{\"@type\":\"ReadAction\",\"target\":[\"https:\/\/jaws-fishing.com\/index.php\/politique-dutilisation\/\"]}]},{\"@type\":\"BreadcrumbList\",\"@id\":\"https:\/\/jaws-fishing.com\/index.php\/politique-dutilisation\/#breadcrumb\",\"itemListElement\":[{\"@type\":\"ListItem\",\"position\":1,\"name\":\"Accueil\",\"item\":\"https:\/\/jaws-fishing.com\/\"},{\"@type\":\"ListItem\",\"position\":2,\"name\":\"POLITIQUE D&rsquo;UTILISATION\"}]},{\"@type\":\"WebSite\",\"@id\":\"https:\/\/jaws-fishing.com\/#website\",\"url\":\"https:\/\/jaws-fishing.com\/\",\"name\":\"JAWS\",\"description\":\"HANDMADE FISHING LURES\",\"publisher\":{\"@id\":\"https:\/\/jaws-fishing.com\/#organization\"},\"potentialAction\":[{\"@type\":\"SearchAction\",\"target\":{\"@type\":\"EntryPoint\",\"urlTemplate\":\"https:\/\/jaws-fishing.com\/?s={search_term_string}\"},\"query-input\":{\"@type\":\"PropertyValueSpecification\",\"valueRequired\":true,\"valueName\":\"search_term_string\"}}],\"inLanguage\":\"fr-FR\"},{\"@type\":\"Organization\",\"@id\":\"https:\/\/jaws-fishing.com\/#organization\",\"name\":\"JAWS\",\"url\":\"https:\/\/jaws-fishing.com\/\",\"logo\":{\"@type\":\"ImageObject\",\"inLanguage\":\"fr-FR\",\"@id\":\"https:\/\/jaws-fishing.com\/#\/schema\/logo\/image\/\",\"url\":\"https:\/\/jaws-fishing.com\/wp-content\/uploads\/2020\/12\/web-agency-logo-3.png\",\"contentUrl\":\"https:\/\/jaws-fishing.com\/wp-content\/uploads\/2020\/12\/web-agency-logo-3.png\",\"width\":200,\"height\":200,\"caption\":\"JAWS\"},\"image\":{\"@id\":\"https:\/\/jaws-fishing.com\/#\/schema\/logo\/image\/\"}}]}<\/script>\n<!-- \/ Yoast SEO plugin. -->","yoast_head_json":{"title":"POLITIQUE D'UTILISATION - JAWS","robots":{"index":"index","follow":"follow","max-snippet":"max-snippet:-1","max-image-preview":"max-image-preview:large","max-video-preview":"max-video-preview:-1"},"canonical":"https:\/\/jaws-fishing.com\/index.php\/politique-dutilisation\/","og_locale":"fr_FR","og_type":"article","og_title":"POLITIQUE D'UTILISATION - JAWS","og_description":"Conseil d\u2019utilisation des produits JAWS:\u00a0 Il est obligatoire de lire ce document avant utilisation des produits JAWS. Nos produits sont destin\u00e9s \u00e0 la p\u00eache sportive ou de loisir.&nbsp; Toute autre utilisation de nos produits que celle \u00e9tablie par la pr\u00e9c\u00e9dente phrase est d\u00e9conseill\u00e9e et ne saurait porter pr\u00e9judice \u00e0 JAWSSAS. En raison de leur production [&hellip;]","og_url":"https:\/\/jaws-fishing.com\/index.php\/politique-dutilisation\/","og_site_name":"JAWS","article_modified_time":"2024-01-13T17:12:51+00:00","twitter_card":"summary_large_image","twitter_misc":{"Dur\u00e9e de lecture estim\u00e9e":"2 minutes"},"schema":{"@context":"https:\/\/schema.org","@graph":[{"@type":"WebPage","@id":"https:\/\/jaws-fishing.com\/index.php\/politique-dutilisation\/","url":"https:\/\/jaws-fishing.com\/index.php\/politique-dutilisation\/","name":"POLITIQUE D'UTILISATION - JAWS","isPartOf":{"@id":"https:\/\/jaws-fishing.com\/#website"},"datePublished":"2024-01-13T17:12:48+00:00","dateModified":"2024-01-13T17:12:51+00:00","breadcrumb":{"@id":"https:\/\/jaws-fishing.com\/index.php\/politique-dutilisation\/#breadcrumb"},"inLanguage":"fr-FR","potentialAction":[{"@type":"ReadAction","target":["https:\/\/jaws-fishing.com\/index.php\/politique-dutilisation\/"]}]},{"@type":"BreadcrumbList","@id":"https:\/\/jaws-fishing.com\/index.php\/politique-dutilisation\/#breadcrumb","itemListElement":[{"@type":"ListItem","position":1,"name":"Accueil","item":"https:\/\/jaws-fishing.com\/"},{"@type":"ListItem","position":2,"name":"POLITIQUE D&rsquo;UTILISATION"}]},{"@type":"WebSite","@id":"https:\/\/jaws-fishing.com\/#website","url":"https:\/\/jaws-fishing.com\/","name":"JAWS","description":"HANDMADE FISHING LURES","publisher":{"@id":"https:\/\/jaws-fishing.com\/#organization"},"potentialAction":[{"@type":"SearchAction","target":{"@type":"EntryPoint","urlTemplate":"https:\/\/jaws-fishing.com\/?s={search_term_string}"},"query-input":{"@type":"PropertyValueSpecification","valueRequired":true,"valueName":"search_term_string"}}],"inLanguage":"fr-FR"},{"@type":"Organization","@id":"https:\/\/jaws-fishing.com\/#organization","name":"JAWS","url":"https:\/\/jaws-fishing.com\/","logo":{"@type":"ImageObject","inLanguage":"fr-FR","@id":"https:\/\/jaws-fishing.com\/#\/schema\/logo\/image\/","url":"https:\/\/jaws-fishing.com\/wp-content\/uploads\/2020\/12\/web-agency-logo-3.png","contentUrl":"https:\/\/jaws-fishing.com\/wp-content\/uploads\/2020\/12\/web-agency-logo-3.png","width":200,"height":200,"caption":"JAWS"},"image":{"@id":"https:\/\/jaws-fishing.com\/#\/schema\/logo\/image\/"}}]}},"_links":{"self":[{"href":"https:\/\/jaws-fishing.com\/index.php\/wp-json\/wp\/v2\/pages\/987510536","targetHints":{"allow":["GET"]}}],"collection":[{"href":"https:\/\/jaws-fishing.com\/index.php\/wp-json\/wp\/v2\/pages"}],"about":[{"href":"https:\/\/jaws-fishing.com\/index.php\/wp-json\/wp\/v2\/types\/page"}],"author":[{"embeddable":true,"href":"https:\/\/jaws-fishing.com\/index.php\/wp-json\/wp\/v2\/users\/1"}],"replies":[{"embeddable":true,"href":"https:\/\/jaws-fishing.com\/index.php\/wp-json\/wp\/v2\/comments?post=987510536"}],"version-history":[{"count":1,"href":"https:\/\/jaws-fishing.com\/index.php\/wp-json\/wp\/v2\/pages\/987510536\/revisions"}],"predecessor-version":[{"id":987510537,"href":"https:\/\/jaws-fishing.com\/index.php\/wp-json\/wp\/v2\/pages\/987510536\/revisions\/987510537"}],"wp:attachment":[{"href":"https:\/\/jaws-fishing.com\/index.php\/wp-json\/wp\/v2\/media?parent=987510536"}],"curies":[{"name":"wp","href":"https:\/\/api.w.org\/{rel}","templated":true}]}}