{"id":1956,"date":"2023-12-23T15:11:42","date_gmt":"2023-12-23T14:11:42","guid":{"rendered":"https:\/\/jaws-fishing.com\/?post_type=product&#038;p=1956"},"modified":"2025-06-19T00:02:08","modified_gmt":"2025-06-18T22:02:08","slug":"trouty-shad-22cm","status":"publish","type":"product","link":"https:\/\/jaws-fishing.com\/index.php\/produit\/trouty-shad-22cm\/","title":{"rendered":"EAGLE SHAD 200"},"content":{"rendered":"\n<p><strong>Longueur<\/strong> : 200 mm <br><strong>Poids<\/strong> : \u2248 55 g<br><strong>Type<\/strong> : Leurre souple non arm\u00e9<br><strong>Action<\/strong> : Nage lente et rapide, peu de rolling + basse vibration<br><strong>Utilisation<\/strong> : Lin\u00e9aire ultra lent, traction lente, stop &amp; go, vertical<br><strong>Recommand\u00e9 pour<\/strong> : Grands brochets, milieux froids ou tr\u00e8s p\u00each\u00e9s<br><strong>Armement sugg\u00e9r\u00e9<\/strong> : Montage shallow \/ Montage 360<br><strong>Flottabilit\u00e9<\/strong> : Neutre \u00e0 l\u00e9g\u00e8rement coulante (selon armement)<br><strong>Compatibilit\u00e9<\/strong> : Toutes t\u00eates plomb\u00e9es classiques ou montages personnalis\u00e9s<\/p>\n","protected":false},"excerpt":{"rendered":"<p>Le leurre embl\u00e9matique de la marque !<\/p>\n<p>Apr\u00e8s <strong>6 mois de d\u00e9veloppement<\/strong>, nous avons cr\u00e9\u00e9 le Shad qui se rapproche le plus de la perfection \u00e0 nos yeux. Il s\u2019adapte \u00e0 <strong>toutes les plomb\u00e9es<\/strong>, d\u00e9place <strong>un maximum d\u2019eau<\/strong> tout en conservant une nage atypique et surtout propose une vibration basse fr\u00e9quence tr\u00e8s appr\u00e9ci\u00e9e des grands brochets.<\/p>\n<p><strong>Notre best-seller<\/strong>, et assur\u00e9ment le leurre qui nous a rapport\u00e9 le plus de poissons records jusqu\u2019\u00e0 pr\u00e9sent !<\/p>\n<p>Pour un coloris personnalis\u00e9, contacte-nous sur <strong>Instagram<\/strong> ou laisse une note lors de ta commande. Absolument tout est envisageable&#8230; Du coloris UV en passant par le phosphor\u00e9cent, flashy, r\u00e9aliste&#8230;. Ton imagination est la seule limite ! <\/p>\n","protected":false},"featured_media":987510844,"comment_status":"open","ping_status":"closed","template":"","meta":{"_et_pb_use_builder":"","_et_pb_old_content":"","_et_gb_content_width":""},"product_brand":[],"product_cat":[86,121],"product_tag":[87,88],"class_list":{"0":"post-1956","1":"product","2":"type-product","3":"status-publish","4":"has-post-thumbnail","6":"product_cat-leurre-souple","7":"product_cat-shad","8":"product_tag-leurre","9":"product_tag-shad","11":"first","12":"instock","13":"taxable","14":"shipping-taxable","15":"purchasable","16":"product-type-variable","17":"has-default-attributes"},"yoast_head":"<!-- This site is optimized with the Yoast SEO plugin v25.6 - https:\/\/yoast.com\/wordpress\/plugins\/seo\/ -->\n<title>EAGLE SHAD 200 - JAWS<\/title>\n<meta name=\"robots\" content=\"index, follow, max-snippet:-1, max-image-preview:large, max-video-preview:-1\" \/>\n<link rel=\"canonical\" href=\"https:\/\/jaws-fishing.com\/index.php\/produit\/trouty-shad-22cm\/\" \/>\n<meta property=\"og:locale\" content=\"fr_FR\" \/>\n<meta property=\"og:type\" content=\"article\" \/>\n<meta property=\"og:title\" content=\"EAGLE SHAD 200 - JAWS\" \/>\n<meta property=\"og:description\" content=\"Le leurre embl\u00e9matique de la marque !Apr\u00e8s 6 mois de d\u00e9veloppement, nous avons cr\u00e9\u00e9 le Shad qui se rapproche le plus de la perfection \u00e0 nos yeux. Il s\u2019adapte \u00e0 toutes les plomb\u00e9es, d\u00e9place un maximum d\u2019eau tout en conservant une nage atypique et surtout propose une vibration basse fr\u00e9quence tr\u00e8s appr\u00e9ci\u00e9e des grands brochets.Notre best-seller, et assur\u00e9ment le leurre qui nous a rapport\u00e9 le plus de poissons records jusqu\u2019\u00e0 pr\u00e9sent !Pour un coloris personnalis\u00e9, contacte-nous sur Instagram ou laisse une note lors de ta commande. Absolument tout est envisageable... Du coloris UV en passant par le phosphor\u00e9cent, flashy, r\u00e9aliste.... Ton imagination est la seule limite !\" \/>\n<meta property=\"og:url\" content=\"https:\/\/jaws-fishing.com\/index.php\/produit\/trouty-shad-22cm\/\" \/>\n<meta property=\"og:site_name\" content=\"JAWS\" \/>\n<meta property=\"article:modified_time\" content=\"2025-06-18T22:02:08+00:00\" \/>\n<meta property=\"og:image\" content=\"https:\/\/jaws-fishing.com\/wp-content\/uploads\/2024\/07\/IMG_7157-scaled.jpeg\" \/>\n\t<meta property=\"og:image:width\" content=\"1920\" \/>\n\t<meta property=\"og:image:height\" content=\"2560\" \/>\n\t<meta property=\"og:image:type\" content=\"image\/jpeg\" \/>\n<meta name=\"twitter:card\" content=\"summary_large_image\" \/>\n<meta name=\"twitter:label1\" content=\"Dur\u00e9e de lecture estim\u00e9e\" \/>\n\t<meta name=\"twitter:data1\" content=\"1 minute\" \/>\n<script type=\"application\/ld+json\" class=\"yoast-schema-graph\">{\"@context\":\"https:\/\/schema.org\",\"@graph\":[{\"@type\":\"WebPage\",\"@id\":\"https:\/\/jaws-fishing.com\/index.php\/produit\/trouty-shad-22cm\/\",\"url\":\"https:\/\/jaws-fishing.com\/index.php\/produit\/trouty-shad-22cm\/\",\"name\":\"EAGLE SHAD 200 - JAWS\",\"isPartOf\":{\"@id\":\"https:\/\/jaws-fishing.com\/#website\"},\"primaryImageOfPage\":{\"@id\":\"https:\/\/jaws-fishing.com\/index.php\/produit\/trouty-shad-22cm\/#primaryimage\"},\"image\":{\"@id\":\"https:\/\/jaws-fishing.com\/index.php\/produit\/trouty-shad-22cm\/#primaryimage\"},\"thumbnailUrl\":\"https:\/\/jaws-fishing.com\/wp-content\/uploads\/2024\/07\/IMG_7157-scaled.jpeg\",\"datePublished\":\"2023-12-23T14:11:42+00:00\",\"dateModified\":\"2025-06-18T22:02:08+00:00\",\"breadcrumb\":{\"@id\":\"https:\/\/jaws-fishing.com\/index.php\/produit\/trouty-shad-22cm\/#breadcrumb\"},\"inLanguage\":\"fr-FR\",\"potentialAction\":[{\"@type\":\"ReadAction\",\"target\":[\"https:\/\/jaws-fishing.com\/index.php\/produit\/trouty-shad-22cm\/\"]}]},{\"@type\":\"ImageObject\",\"inLanguage\":\"fr-FR\",\"@id\":\"https:\/\/jaws-fishing.com\/index.php\/produit\/trouty-shad-22cm\/#primaryimage\",\"url\":\"https:\/\/jaws-fishing.com\/wp-content\/uploads\/2024\/07\/IMG_7157-scaled.jpeg\",\"contentUrl\":\"https:\/\/jaws-fishing.com\/wp-content\/uploads\/2024\/07\/IMG_7157-scaled.jpeg\",\"width\":1920,\"height\":2560},{\"@type\":\"BreadcrumbList\",\"@id\":\"https:\/\/jaws-fishing.com\/index.php\/produit\/trouty-shad-22cm\/#breadcrumb\",\"itemListElement\":[{\"@type\":\"ListItem\",\"position\":1,\"name\":\"Accueil\",\"item\":\"https:\/\/jaws-fishing.com\/\"},{\"@type\":\"ListItem\",\"position\":2,\"name\":\"Boutique\",\"item\":\"https:\/\/jaws-fishing.com\/index.php\/boutique\/\"},{\"@type\":\"ListItem\",\"position\":3,\"name\":\"EAGLE SHAD 200\"}]},{\"@type\":\"WebSite\",\"@id\":\"https:\/\/jaws-fishing.com\/#website\",\"url\":\"https:\/\/jaws-fishing.com\/\",\"name\":\"JAWS\",\"description\":\"HANDMADE FISHING LURES\",\"publisher\":{\"@id\":\"https:\/\/jaws-fishing.com\/#organization\"},\"potentialAction\":[{\"@type\":\"SearchAction\",\"target\":{\"@type\":\"EntryPoint\",\"urlTemplate\":\"https:\/\/jaws-fishing.com\/?s={search_term_string}\"},\"query-input\":{\"@type\":\"PropertyValueSpecification\",\"valueRequired\":true,\"valueName\":\"search_term_string\"}}],\"inLanguage\":\"fr-FR\"},{\"@type\":\"Organization\",\"@id\":\"https:\/\/jaws-fishing.com\/#organization\",\"name\":\"JAWS\",\"url\":\"https:\/\/jaws-fishing.com\/\",\"logo\":{\"@type\":\"ImageObject\",\"inLanguage\":\"fr-FR\",\"@id\":\"https:\/\/jaws-fishing.com\/#\/schema\/logo\/image\/\",\"url\":\"https:\/\/jaws-fishing.com\/wp-content\/uploads\/2020\/12\/web-agency-logo-3.png\",\"contentUrl\":\"https:\/\/jaws-fishing.com\/wp-content\/uploads\/2020\/12\/web-agency-logo-3.png\",\"width\":200,\"height\":200,\"caption\":\"JAWS\"},\"image\":{\"@id\":\"https:\/\/jaws-fishing.com\/#\/schema\/logo\/image\/\"}}]}<\/script>\n<!-- \/ Yoast SEO plugin. -->","yoast_head_json":{"title":"EAGLE SHAD 200 - JAWS","robots":{"index":"index","follow":"follow","max-snippet":"max-snippet:-1","max-image-preview":"max-image-preview:large","max-video-preview":"max-video-preview:-1"},"canonical":"https:\/\/jaws-fishing.com\/index.php\/produit\/trouty-shad-22cm\/","og_locale":"fr_FR","og_type":"article","og_title":"EAGLE SHAD 200 - JAWS","og_description":"Le leurre embl\u00e9matique de la marque !Apr\u00e8s 6 mois de d\u00e9veloppement, nous avons cr\u00e9\u00e9 le Shad qui se rapproche le plus de la perfection \u00e0 nos yeux. Il s\u2019adapte \u00e0 toutes les plomb\u00e9es, d\u00e9place un maximum d\u2019eau tout en conservant une nage atypique et surtout propose une vibration basse fr\u00e9quence tr\u00e8s appr\u00e9ci\u00e9e des grands brochets.Notre best-seller, et assur\u00e9ment le leurre qui nous a rapport\u00e9 le plus de poissons records jusqu\u2019\u00e0 pr\u00e9sent !Pour un coloris personnalis\u00e9, contacte-nous sur Instagram ou laisse une note lors de ta commande. Absolument tout est envisageable... Du coloris UV en passant par le phosphor\u00e9cent, flashy, r\u00e9aliste.... Ton imagination est la seule limite !","og_url":"https:\/\/jaws-fishing.com\/index.php\/produit\/trouty-shad-22cm\/","og_site_name":"JAWS","article_modified_time":"2025-06-18T22:02:08+00:00","og_image":[{"width":1920,"height":2560,"url":"https:\/\/jaws-fishing.com\/wp-content\/uploads\/2024\/07\/IMG_7157-scaled.jpeg","type":"image\/jpeg"}],"twitter_card":"summary_large_image","twitter_misc":{"Dur\u00e9e de lecture estim\u00e9e":"1 minute"},"schema":{"@context":"https:\/\/schema.org","@graph":[{"@type":"WebPage","@id":"https:\/\/jaws-fishing.com\/index.php\/produit\/trouty-shad-22cm\/","url":"https:\/\/jaws-fishing.com\/index.php\/produit\/trouty-shad-22cm\/","name":"EAGLE SHAD 200 - JAWS","isPartOf":{"@id":"https:\/\/jaws-fishing.com\/#website"},"primaryImageOfPage":{"@id":"https:\/\/jaws-fishing.com\/index.php\/produit\/trouty-shad-22cm\/#primaryimage"},"image":{"@id":"https:\/\/jaws-fishing.com\/index.php\/produit\/trouty-shad-22cm\/#primaryimage"},"thumbnailUrl":"https:\/\/jaws-fishing.com\/wp-content\/uploads\/2024\/07\/IMG_7157-scaled.jpeg","datePublished":"2023-12-23T14:11:42+00:00","dateModified":"2025-06-18T22:02:08+00:00","breadcrumb":{"@id":"https:\/\/jaws-fishing.com\/index.php\/produit\/trouty-shad-22cm\/#breadcrumb"},"inLanguage":"fr-FR","potentialAction":[{"@type":"ReadAction","target":["https:\/\/jaws-fishing.com\/index.php\/produit\/trouty-shad-22cm\/"]}]},{"@type":"ImageObject","inLanguage":"fr-FR","@id":"https:\/\/jaws-fishing.com\/index.php\/produit\/trouty-shad-22cm\/#primaryimage","url":"https:\/\/jaws-fishing.com\/wp-content\/uploads\/2024\/07\/IMG_7157-scaled.jpeg","contentUrl":"https:\/\/jaws-fishing.com\/wp-content\/uploads\/2024\/07\/IMG_7157-scaled.jpeg","width":1920,"height":2560},{"@type":"BreadcrumbList","@id":"https:\/\/jaws-fishing.com\/index.php\/produit\/trouty-shad-22cm\/#breadcrumb","itemListElement":[{"@type":"ListItem","position":1,"name":"Accueil","item":"https:\/\/jaws-fishing.com\/"},{"@type":"ListItem","position":2,"name":"Boutique","item":"https:\/\/jaws-fishing.com\/index.php\/boutique\/"},{"@type":"ListItem","position":3,"name":"EAGLE SHAD 200"}]},{"@type":"WebSite","@id":"https:\/\/jaws-fishing.com\/#website","url":"https:\/\/jaws-fishing.com\/","name":"JAWS","description":"HANDMADE FISHING LURES","publisher":{"@id":"https:\/\/jaws-fishing.com\/#organization"},"potentialAction":[{"@type":"SearchAction","target":{"@type":"EntryPoint","urlTemplate":"https:\/\/jaws-fishing.com\/?s={search_term_string}"},"query-input":{"@type":"PropertyValueSpecification","valueRequired":true,"valueName":"search_term_string"}}],"inLanguage":"fr-FR"},{"@type":"Organization","@id":"https:\/\/jaws-fishing.com\/#organization","name":"JAWS","url":"https:\/\/jaws-fishing.com\/","logo":{"@type":"ImageObject","inLanguage":"fr-FR","@id":"https:\/\/jaws-fishing.com\/#\/schema\/logo\/image\/","url":"https:\/\/jaws-fishing.com\/wp-content\/uploads\/2020\/12\/web-agency-logo-3.png","contentUrl":"https:\/\/jaws-fishing.com\/wp-content\/uploads\/2020\/12\/web-agency-logo-3.png","width":200,"height":200,"caption":"JAWS"},"image":{"@id":"https:\/\/jaws-fishing.com\/#\/schema\/logo\/image\/"}}]}},"_links":{"self":[{"href":"https:\/\/jaws-fishing.com\/index.php\/wp-json\/wp\/v2\/product\/1956","targetHints":{"allow":["GET"]}}],"collection":[{"href":"https:\/\/jaws-fishing.com\/index.php\/wp-json\/wp\/v2\/product"}],"about":[{"href":"https:\/\/jaws-fishing.com\/index.php\/wp-json\/wp\/v2\/types\/product"}],"replies":[{"embeddable":true,"href":"https:\/\/jaws-fishing.com\/index.php\/wp-json\/wp\/v2\/comments?post=1956"}],"wp:featuredmedia":[{"embeddable":true,"href":"https:\/\/jaws-fishing.com\/index.php\/wp-json\/wp\/v2\/media\/987510844"}],"wp:attachment":[{"href":"https:\/\/jaws-fishing.com\/index.php\/wp-json\/wp\/v2\/media?parent=1956"}],"wp:term":[{"taxonomy":"product_brand","embeddable":true,"href":"https:\/\/jaws-fishing.com\/index.php\/wp-json\/wp\/v2\/product_brand?post=1956"},{"taxonomy":"product_cat","embeddable":true,"href":"https:\/\/jaws-fishing.com\/index.php\/wp-json\/wp\/v2\/product_cat?post=1956"},{"taxonomy":"product_tag","embeddable":true,"href":"https:\/\/jaws-fishing.com\/index.php\/wp-json\/wp\/v2\/product_tag?post=1956"}],"curies":[{"name":"wp","href":"https:\/\/api.w.org\/{rel}","templated":true}]}}