{"id":987510558,"date":"2024-04-09T23:19:25","date_gmt":"2024-04-09T21:19:25","guid":{"rendered":"https:\/\/jaws-fishing.com\/?post_type=product&#038;p=987510558"},"modified":"2025-06-19T00:39:27","modified_gmt":"2025-06-18T22:39:27","slug":"trouty-grub","status":"publish","type":"product","link":"https:\/\/jaws-fishing.com\/index.php\/produit\/trouty-grub\/","title":{"rendered":"EAGLE GRUB 200"},"content":{"rendered":"<p><strong>Longueur<\/strong> : 200 mm (queue non \u00e9tir\u00e9e)<br \/><strong>Poids<\/strong> : \u2248 55 g<br \/><strong>Type<\/strong> : Leurre souple non arm\u00e9<br \/><strong>Action<\/strong> : Nage lente, peu de rolling + ondulation continue de la queue<br \/><strong>Utilisation<\/strong> : Lin\u00e9aire ultra lent, traction lente, stop &amp; go, vertical<br \/><strong>Recommand\u00e9 pour<\/strong> : Grands brochets, milieux froids ou tr\u00e8s p\u00each\u00e9s<br \/><strong>Armement sugg\u00e9r\u00e9<\/strong> : Montage shallow \/ Montage 360<br \/><strong>Flottabilit\u00e9<\/strong> : Neutre \u00e0 l\u00e9g\u00e8rement coulante (selon armement)<br \/><strong>Compatibilit\u00e9<\/strong> : Toutes t\u00eates plomb\u00e9es classiques ou montages personnalis\u00e9s<\/p>\n","protected":false},"excerpt":{"rendered":"<p><strong>EAGLE GRUB 200 \u2013 L\u2019Arme Fatale pour les Conditions Difficiles<\/strong><\/p>\n<p>Issu de la lign\u00e9e du redoutable <strong>EAGLE SHAD<\/strong>, le <strong>EAGLE GRUB 200<\/strong> a \u00e9t\u00e9 con\u00e7u pour r\u00e9pondre \u00e0 une probl\u00e9matique qui se pr\u00e9sente malheureusement bien trop souvent : <strong>d\u00e9clencher les brochets les plus \u00e9duqu\u00e9s, et ce m\u00eame dans des zones \u00e0 forte pression<\/strong> de p\u00eache.<\/p>\n<p>Dot\u00e9 d\u2019un <strong>corps puissant et stable<\/strong>, coupl\u00e9 \u00e0 une <strong>queue grub oversize<\/strong> au faible rolling naturel, il permet une <strong>pr\u00e9sentation lente, contr\u00f4l\u00e9e et hyper attractive<\/strong>, id\u00e9ale lorsque les poissons sont coll\u00e9s au fond, m\u00e9fiants ou post\u00e9s dans des eaux froides.<\/p>\n<p>C\u2019est un leurre pens\u00e9 pour <strong>ralentir le p\u00eache sans perdre d&rsquo;efficacit\u00e9<\/strong>, avec une nage ample et souple qui <strong>se met en action \u00e0 la moindre sollicitation<\/strong>.<\/p>\n<p><strong>Le Eagle Grub 200, c\u2019est votre joker.<\/strong> Celui qui fait la diff\u00e9rence quand plus rien ne fonctionne. Un v\u00e9ritable sauve-capot\u2026 mais en version haut de gamme.<\/p>\n<p>Pour un coloris personnalis\u00e9, contacte-nous sur\u00a0<strong>Instagram<\/strong>\u00a0ou laisse une note lors de ta commande. Absolument tout est envisageable\u2026 Du coloris UV en passant par le phosphor\u00e9cent, flashy, r\u00e9aliste\u2026. Ton imagination est la seule limite !<\/p>\n","protected":false},"featured_media":987510617,"comment_status":"open","ping_status":"closed","template":"","meta":{"_et_pb_use_builder":"on","_et_pb_old_content":"<!-- wp:paragraph -->\n<p>Taille : 20 centim\u00e8tres<\/p>\n<!-- \/wp:paragraph -->\n\n<!-- wp:paragraph -->\n<p>Poids : 65 grammes<\/p>\n<!-- \/wp:paragraph -->","_et_gb_content_width":""},"product_brand":[],"product_cat":[122,86],"product_tag":[111,87],"class_list":{"0":"post-987510558","1":"product","2":"type-product","3":"status-publish","4":"has-post-thumbnail","6":"product_cat-grub","7":"product_cat-leurre-souple","8":"product_tag-grub","9":"product_tag-leurre","11":"first","12":"instock","13":"taxable","14":"shipping-taxable","15":"purchasable","16":"product-type-variable","17":"has-default-attributes"},"yoast_head":"<!-- This site is optimized with the Yoast SEO plugin v25.6 - https:\/\/yoast.com\/wordpress\/plugins\/seo\/ -->\n<title>EAGLE GRUB 200 - JAWS<\/title>\n<meta name=\"robots\" content=\"index, follow, max-snippet:-1, max-image-preview:large, max-video-preview:-1\" \/>\n<link rel=\"canonical\" href=\"https:\/\/jaws-fishing.com\/index.php\/produit\/trouty-grub\/\" \/>\n<meta property=\"og:locale\" content=\"fr_FR\" \/>\n<meta property=\"og:type\" content=\"article\" \/>\n<meta property=\"og:title\" content=\"EAGLE GRUB 200 - JAWS\" \/>\n<meta property=\"og:description\" content=\"EAGLE GRUB 200 \u2013 L\u2019Arme Fatale pour les Conditions DifficilesIssu de la lign\u00e9e du redoutable EAGLE SHAD, le EAGLE GRUB 200 a \u00e9t\u00e9 con\u00e7u pour r\u00e9pondre \u00e0 une probl\u00e9matique qui se pr\u00e9sente malheureusement bien trop souvent : d\u00e9clencher les brochets les plus \u00e9duqu\u00e9s, et ce m\u00eame dans des zones \u00e0 forte pression de p\u00eache.Dot\u00e9 d\u2019un corps puissant et stable, coupl\u00e9 \u00e0 une queue grub oversize au faible rolling naturel, il permet une pr\u00e9sentation lente, contr\u00f4l\u00e9e et hyper attractive, id\u00e9ale lorsque les poissons sont coll\u00e9s au fond, m\u00e9fiants ou post\u00e9s dans des eaux froides.C\u2019est un leurre pens\u00e9 pour ralentir le p\u00eache sans perdre d&#039;efficacit\u00e9, avec une nage ample et souple qui se met en action \u00e0 la moindre sollicitation.Le Eagle Grub 200, c\u2019est votre joker. Celui qui fait la diff\u00e9rence quand plus rien ne fonctionne. Un v\u00e9ritable sauve-capot\u2026 mais en version haut de gamme.Pour un coloris personnalis\u00e9, contacte-nous sur\u00a0Instagram\u00a0ou laisse une note lors de ta commande. Absolument tout est envisageable\u2026 Du coloris UV en passant par le phosphor\u00e9cent, flashy, r\u00e9aliste\u2026. Ton imagination est la seule limite !\" \/>\n<meta property=\"og:url\" content=\"https:\/\/jaws-fishing.com\/index.php\/produit\/trouty-grub\/\" \/>\n<meta property=\"og:site_name\" content=\"JAWS\" \/>\n<meta property=\"article:modified_time\" content=\"2025-06-18T22:39:27+00:00\" \/>\n<meta property=\"og:image\" content=\"https:\/\/jaws-fishing.com\/wp-content\/uploads\/2024\/06\/IMG_7757-scaled.jpeg\" \/>\n\t<meta property=\"og:image:width\" content=\"1920\" \/>\n\t<meta property=\"og:image:height\" content=\"2560\" \/>\n\t<meta property=\"og:image:type\" content=\"image\/jpeg\" \/>\n<meta name=\"twitter:card\" content=\"summary_large_image\" \/>\n<script type=\"application\/ld+json\" class=\"yoast-schema-graph\">{\"@context\":\"https:\/\/schema.org\",\"@graph\":[{\"@type\":\"WebPage\",\"@id\":\"https:\/\/jaws-fishing.com\/index.php\/produit\/trouty-grub\/\",\"url\":\"https:\/\/jaws-fishing.com\/index.php\/produit\/trouty-grub\/\",\"name\":\"EAGLE GRUB 200 - JAWS\",\"isPartOf\":{\"@id\":\"https:\/\/jaws-fishing.com\/#website\"},\"primaryImageOfPage\":{\"@id\":\"https:\/\/jaws-fishing.com\/index.php\/produit\/trouty-grub\/#primaryimage\"},\"image\":{\"@id\":\"https:\/\/jaws-fishing.com\/index.php\/produit\/trouty-grub\/#primaryimage\"},\"thumbnailUrl\":\"https:\/\/jaws-fishing.com\/wp-content\/uploads\/2024\/06\/IMG_7757-scaled.jpeg\",\"datePublished\":\"2024-04-09T21:19:25+00:00\",\"dateModified\":\"2025-06-18T22:39:27+00:00\",\"breadcrumb\":{\"@id\":\"https:\/\/jaws-fishing.com\/index.php\/produit\/trouty-grub\/#breadcrumb\"},\"inLanguage\":\"fr-FR\",\"potentialAction\":[{\"@type\":\"ReadAction\",\"target\":[\"https:\/\/jaws-fishing.com\/index.php\/produit\/trouty-grub\/\"]}]},{\"@type\":\"ImageObject\",\"inLanguage\":\"fr-FR\",\"@id\":\"https:\/\/jaws-fishing.com\/index.php\/produit\/trouty-grub\/#primaryimage\",\"url\":\"https:\/\/jaws-fishing.com\/wp-content\/uploads\/2024\/06\/IMG_7757-scaled.jpeg\",\"contentUrl\":\"https:\/\/jaws-fishing.com\/wp-content\/uploads\/2024\/06\/IMG_7757-scaled.jpeg\",\"width\":1920,\"height\":2560},{\"@type\":\"BreadcrumbList\",\"@id\":\"https:\/\/jaws-fishing.com\/index.php\/produit\/trouty-grub\/#breadcrumb\",\"itemListElement\":[{\"@type\":\"ListItem\",\"position\":1,\"name\":\"Accueil\",\"item\":\"https:\/\/jaws-fishing.com\/\"},{\"@type\":\"ListItem\",\"position\":2,\"name\":\"Boutique\",\"item\":\"https:\/\/jaws-fishing.com\/index.php\/boutique\/\"},{\"@type\":\"ListItem\",\"position\":3,\"name\":\"EAGLE GRUB 200\"}]},{\"@type\":\"WebSite\",\"@id\":\"https:\/\/jaws-fishing.com\/#website\",\"url\":\"https:\/\/jaws-fishing.com\/\",\"name\":\"JAWS\",\"description\":\"HANDMADE FISHING LURES\",\"publisher\":{\"@id\":\"https:\/\/jaws-fishing.com\/#organization\"},\"potentialAction\":[{\"@type\":\"SearchAction\",\"target\":{\"@type\":\"EntryPoint\",\"urlTemplate\":\"https:\/\/jaws-fishing.com\/?s={search_term_string}\"},\"query-input\":{\"@type\":\"PropertyValueSpecification\",\"valueRequired\":true,\"valueName\":\"search_term_string\"}}],\"inLanguage\":\"fr-FR\"},{\"@type\":\"Organization\",\"@id\":\"https:\/\/jaws-fishing.com\/#organization\",\"name\":\"JAWS\",\"url\":\"https:\/\/jaws-fishing.com\/\",\"logo\":{\"@type\":\"ImageObject\",\"inLanguage\":\"fr-FR\",\"@id\":\"https:\/\/jaws-fishing.com\/#\/schema\/logo\/image\/\",\"url\":\"https:\/\/jaws-fishing.com\/wp-content\/uploads\/2020\/12\/web-agency-logo-3.png\",\"contentUrl\":\"https:\/\/jaws-fishing.com\/wp-content\/uploads\/2020\/12\/web-agency-logo-3.png\",\"width\":200,\"height\":200,\"caption\":\"JAWS\"},\"image\":{\"@id\":\"https:\/\/jaws-fishing.com\/#\/schema\/logo\/image\/\"}}]}<\/script>\n<!-- \/ Yoast SEO plugin. -->","yoast_head_json":{"title":"EAGLE GRUB 200 - JAWS","robots":{"index":"index","follow":"follow","max-snippet":"max-snippet:-1","max-image-preview":"max-image-preview:large","max-video-preview":"max-video-preview:-1"},"canonical":"https:\/\/jaws-fishing.com\/index.php\/produit\/trouty-grub\/","og_locale":"fr_FR","og_type":"article","og_title":"EAGLE GRUB 200 - JAWS","og_description":"EAGLE GRUB 200 \u2013 L\u2019Arme Fatale pour les Conditions DifficilesIssu de la lign\u00e9e du redoutable EAGLE SHAD, le EAGLE GRUB 200 a \u00e9t\u00e9 con\u00e7u pour r\u00e9pondre \u00e0 une probl\u00e9matique qui se pr\u00e9sente malheureusement bien trop souvent : d\u00e9clencher les brochets les plus \u00e9duqu\u00e9s, et ce m\u00eame dans des zones \u00e0 forte pression de p\u00eache.Dot\u00e9 d\u2019un corps puissant et stable, coupl\u00e9 \u00e0 une queue grub oversize au faible rolling naturel, il permet une pr\u00e9sentation lente, contr\u00f4l\u00e9e et hyper attractive, id\u00e9ale lorsque les poissons sont coll\u00e9s au fond, m\u00e9fiants ou post\u00e9s dans des eaux froides.C\u2019est un leurre pens\u00e9 pour ralentir le p\u00eache sans perdre d'efficacit\u00e9, avec une nage ample et souple qui se met en action \u00e0 la moindre sollicitation.Le Eagle Grub 200, c\u2019est votre joker. Celui qui fait la diff\u00e9rence quand plus rien ne fonctionne. Un v\u00e9ritable sauve-capot\u2026 mais en version haut de gamme.Pour un coloris personnalis\u00e9, contacte-nous sur\u00a0Instagram\u00a0ou laisse une note lors de ta commande. Absolument tout est envisageable\u2026 Du coloris UV en passant par le phosphor\u00e9cent, flashy, r\u00e9aliste\u2026. Ton imagination est la seule limite !","og_url":"https:\/\/jaws-fishing.com\/index.php\/produit\/trouty-grub\/","og_site_name":"JAWS","article_modified_time":"2025-06-18T22:39:27+00:00","og_image":[{"width":1920,"height":2560,"url":"https:\/\/jaws-fishing.com\/wp-content\/uploads\/2024\/06\/IMG_7757-scaled.jpeg","type":"image\/jpeg"}],"twitter_card":"summary_large_image","schema":{"@context":"https:\/\/schema.org","@graph":[{"@type":"WebPage","@id":"https:\/\/jaws-fishing.com\/index.php\/produit\/trouty-grub\/","url":"https:\/\/jaws-fishing.com\/index.php\/produit\/trouty-grub\/","name":"EAGLE GRUB 200 - JAWS","isPartOf":{"@id":"https:\/\/jaws-fishing.com\/#website"},"primaryImageOfPage":{"@id":"https:\/\/jaws-fishing.com\/index.php\/produit\/trouty-grub\/#primaryimage"},"image":{"@id":"https:\/\/jaws-fishing.com\/index.php\/produit\/trouty-grub\/#primaryimage"},"thumbnailUrl":"https:\/\/jaws-fishing.com\/wp-content\/uploads\/2024\/06\/IMG_7757-scaled.jpeg","datePublished":"2024-04-09T21:19:25+00:00","dateModified":"2025-06-18T22:39:27+00:00","breadcrumb":{"@id":"https:\/\/jaws-fishing.com\/index.php\/produit\/trouty-grub\/#breadcrumb"},"inLanguage":"fr-FR","potentialAction":[{"@type":"ReadAction","target":["https:\/\/jaws-fishing.com\/index.php\/produit\/trouty-grub\/"]}]},{"@type":"ImageObject","inLanguage":"fr-FR","@id":"https:\/\/jaws-fishing.com\/index.php\/produit\/trouty-grub\/#primaryimage","url":"https:\/\/jaws-fishing.com\/wp-content\/uploads\/2024\/06\/IMG_7757-scaled.jpeg","contentUrl":"https:\/\/jaws-fishing.com\/wp-content\/uploads\/2024\/06\/IMG_7757-scaled.jpeg","width":1920,"height":2560},{"@type":"BreadcrumbList","@id":"https:\/\/jaws-fishing.com\/index.php\/produit\/trouty-grub\/#breadcrumb","itemListElement":[{"@type":"ListItem","position":1,"name":"Accueil","item":"https:\/\/jaws-fishing.com\/"},{"@type":"ListItem","position":2,"name":"Boutique","item":"https:\/\/jaws-fishing.com\/index.php\/boutique\/"},{"@type":"ListItem","position":3,"name":"EAGLE GRUB 200"}]},{"@type":"WebSite","@id":"https:\/\/jaws-fishing.com\/#website","url":"https:\/\/jaws-fishing.com\/","name":"JAWS","description":"HANDMADE FISHING LURES","publisher":{"@id":"https:\/\/jaws-fishing.com\/#organization"},"potentialAction":[{"@type":"SearchAction","target":{"@type":"EntryPoint","urlTemplate":"https:\/\/jaws-fishing.com\/?s={search_term_string}"},"query-input":{"@type":"PropertyValueSpecification","valueRequired":true,"valueName":"search_term_string"}}],"inLanguage":"fr-FR"},{"@type":"Organization","@id":"https:\/\/jaws-fishing.com\/#organization","name":"JAWS","url":"https:\/\/jaws-fishing.com\/","logo":{"@type":"ImageObject","inLanguage":"fr-FR","@id":"https:\/\/jaws-fishing.com\/#\/schema\/logo\/image\/","url":"https:\/\/jaws-fishing.com\/wp-content\/uploads\/2020\/12\/web-agency-logo-3.png","contentUrl":"https:\/\/jaws-fishing.com\/wp-content\/uploads\/2020\/12\/web-agency-logo-3.png","width":200,"height":200,"caption":"JAWS"},"image":{"@id":"https:\/\/jaws-fishing.com\/#\/schema\/logo\/image\/"}}]}},"_links":{"self":[{"href":"https:\/\/jaws-fishing.com\/index.php\/wp-json\/wp\/v2\/product\/987510558","targetHints":{"allow":["GET"]}}],"collection":[{"href":"https:\/\/jaws-fishing.com\/index.php\/wp-json\/wp\/v2\/product"}],"about":[{"href":"https:\/\/jaws-fishing.com\/index.php\/wp-json\/wp\/v2\/types\/product"}],"replies":[{"embeddable":true,"href":"https:\/\/jaws-fishing.com\/index.php\/wp-json\/wp\/v2\/comments?post=987510558"}],"wp:featuredmedia":[{"embeddable":true,"href":"https:\/\/jaws-fishing.com\/index.php\/wp-json\/wp\/v2\/media\/987510617"}],"wp:attachment":[{"href":"https:\/\/jaws-fishing.com\/index.php\/wp-json\/wp\/v2\/media?parent=987510558"}],"wp:term":[{"taxonomy":"product_brand","embeddable":true,"href":"https:\/\/jaws-fishing.com\/index.php\/wp-json\/wp\/v2\/product_brand?post=987510558"},{"taxonomy":"product_cat","embeddable":true,"href":"https:\/\/jaws-fishing.com\/index.php\/wp-json\/wp\/v2\/product_cat?post=987510558"},{"taxonomy":"product_tag","embeddable":true,"href":"https:\/\/jaws-fishing.com\/index.php\/wp-json\/wp\/v2\/product_tag?post=987510558"}],"curies":[{"name":"wp","href":"https:\/\/api.w.org\/{rel}","templated":true}]}}