{"id":987510560,"date":"2024-04-09T23:29:40","date_gmt":"2024-04-09T21:29:40","guid":{"rendered":"https:\/\/jaws-fishing.com\/?post_type=product&#038;p=987510560"},"modified":"2025-08-11T02:29:01","modified_gmt":"2025-08-11T00:29:01","slug":"a-venir-trouty-shad-26cm","status":"publish","type":"product","link":"https:\/\/jaws-fishing.com\/index.php\/produit\/a-venir-trouty-shad-26cm\/","title":{"rendered":"EAGLE SHAD 260"},"content":{"rendered":"\n<ul class=\"wp-block-list\">\n<li><strong>Longueur totale<\/strong> : 260 mm<\/li>\n\n\n\n<li><strong>Poids<\/strong> : \u2248 145 gr<\/li>\n\n\n\n<li><strong>Type<\/strong> : Leurre souple type shad, non arm\u00e9<\/li>\n\n\n\n<li><strong>Action<\/strong> : Faible rolling naturel + battement puissant de la caudale basse fr\u00e9quence<\/li>\n\n\n\n<li><strong>Utilisation<\/strong> : Lin\u00e9aire, traction , p\u00eache verticale, cranking lent ou rapide&#8230; TOUT<\/li>\n\n\n\n<li><strong>Cibl\u00e9 pour<\/strong> : Brochets record, milieux ouverts<\/li>\n\n\n\n<li><strong>Conditions id\u00e9ales<\/strong> : Grands volumes d\u2019eau, poissons m\u00e9fiants, grosse pression de p\u00eache<\/li>\n\n\n\n<li><strong>Montage recommand\u00e9<\/strong> : Montage shallow deux triples 2\/0 ou Montage 360 (Simple 10\/0 + 1 triple 2\/0)<\/li>\n\n\n\n<li><strong>Flottabilit\u00e9<\/strong> : L\u00e9g\u00e8rement coulante (modulable selon armement)<\/li>\n\n\n\n<li><strong>Compatibilit\u00e9<\/strong> : Toutes t\u00eates plomb\u00e9es classiques \/ screw rig \/ shallow rig&#8230;<\/li>\n<\/ul>\n","protected":false},"excerpt":{"rendered":"<p><strong>EAGLE SHAD 260 \u2013 Le Shad Ultra Polyvalent pour Grands Brochets<\/strong><\/p>\n<p>Le <strong>EAGLE SHAD 260<\/strong> est le <strong>c\u0153ur battant de la gamme JAWS<\/strong> : un shad big bait con\u00e7u pour combiner <strong>polyvalence, puissance et r\u00e9gularit\u00e9<\/strong> dans toutes les conditions.<\/p>\n<p>Avec ses <strong>26 cm<\/strong> pour environ <strong>145 g<\/strong>, il s\u2019impose comme un <strong>leurre souple de r\u00e9f\u00e9rence pour les brochets<\/strong> records en qu\u00eate d\u2019une proie consistante.<\/p>\n<p>Son corps massif mais pas trop, coupl\u00e9 \u00e0 un <strong>paddle carr\u00e9 \u00e9mettant des vibrations basse fr\u00e9quence ultra efficace<\/strong>, produit une nage <strong>ample et r\u00e9guli\u00e8re<\/strong>, capable de d\u00e9placer \u00e9norm\u00e9ment d\u2019eau, m\u00eame \u00e0 faible vitesse.<\/p>\n<p>Il supporte aussi bien les animations lentes dans les couches profondes que les r\u00e9cup\u00e9rations soutenues en pleine eau, faisant de lui <strong>un v\u00e9ritable aimant \u00e0 brochets<\/strong>.<\/p>\n<p>C\u2019est le shad que tu laisses nager longtemps. Celui qui travaille pour toi. Celui qui d\u00e9clenche les poissons que les autres leurres ne font plus bouger. <\/p>\n","protected":false},"featured_media":987511302,"comment_status":"open","ping_status":"closed","template":"","meta":{"_et_pb_use_builder":"on","_et_pb_old_content":"<!-- wp:list -->\n<ul class=\"wp-block-list\"><!-- wp:list-item -->\n<li><strong>Longueur totale<\/strong> : 260 mm<\/li>\n<!-- \/wp:list-item -->\n\n<!-- wp:list-item -->\n<li><strong>Poids<\/strong> : \u2248 145 gr<\/li>\n<!-- \/wp:list-item -->\n\n<!-- wp:list-item -->\n<li><strong>Type<\/strong> : Leurre souple type shad, non arm\u00e9<\/li>\n<!-- \/wp:list-item -->\n\n<!-- wp:list-item -->\n<li><strong>Action<\/strong> : Faible rolling naturel + battement puissant de la caudale basse fr\u00e9quence<\/li>\n<!-- \/wp:list-item -->\n\n<!-- wp:list-item -->\n<li><strong>Utilisation<\/strong> : Lin\u00e9aire, traction , p\u00eache verticale, cranking lent ou rapide... TOUT<\/li>\n<!-- \/wp:list-item -->\n\n<!-- wp:list-item -->\n<li><strong>Cibl\u00e9 pour<\/strong> : Brochets record, milieux ouverts<\/li>\n<!-- \/wp:list-item -->\n\n<!-- wp:list-item -->\n<li><strong>Conditions id\u00e9ales<\/strong> : Grands volumes d\u2019eau, poissons m\u00e9fiants, grosse pression de p\u00eache<\/li>\n<!-- \/wp:list-item -->\n\n<!-- wp:list-item -->\n<li><strong>Montage recommand\u00e9<\/strong> : Montage shallow deux triples 2\/0 ou Montage 360 (Simple 10\/0 + 1 triple 2\/0)<\/li>\n<!-- \/wp:list-item -->\n\n<!-- wp:list-item -->\n<li><strong>Flottabilit\u00e9<\/strong> : L\u00e9g\u00e8rement coulante (modulable selon armement)<\/li>\n<!-- \/wp:list-item -->\n\n<!-- wp:list-item -->\n<li><strong>Compatibilit\u00e9<\/strong> : Toutes t\u00eates plomb\u00e9es classiques \/ screw rig \/ shallow rig...<\/li>\n<!-- \/wp:list-item --><\/ul>\n<!-- \/wp:list -->","_et_gb_content_width":""},"product_brand":[],"product_cat":[86,121],"product_tag":[87,88],"class_list":{"0":"post-987510560","1":"product","2":"type-product","3":"status-publish","4":"has-post-thumbnail","6":"product_cat-leurre-souple","7":"product_cat-shad","8":"product_tag-leurre","9":"product_tag-shad","11":"first","12":"instock","13":"featured","14":"taxable","15":"shipping-taxable","16":"purchasable","17":"product-type-variable","18":"has-default-attributes"},"yoast_head":"<!-- This site is optimized with the Yoast SEO plugin v25.6 - https:\/\/yoast.com\/wordpress\/plugins\/seo\/ -->\n<title>EAGLE SHAD 260 - JAWS<\/title>\n<meta name=\"robots\" content=\"index, follow, max-snippet:-1, max-image-preview:large, max-video-preview:-1\" \/>\n<link rel=\"canonical\" href=\"https:\/\/jaws-fishing.com\/index.php\/produit\/a-venir-trouty-shad-26cm\/\" \/>\n<meta property=\"og:locale\" content=\"fr_FR\" \/>\n<meta property=\"og:type\" content=\"article\" \/>\n<meta property=\"og:title\" content=\"EAGLE SHAD 260 - JAWS\" \/>\n<meta property=\"og:description\" content=\"EAGLE SHAD 260 \u2013 Le Shad Ultra Polyvalent pour Grands BrochetsLe EAGLE SHAD 260 est le c\u0153ur battant de la gamme JAWS : un shad big bait con\u00e7u pour combiner polyvalence, puissance et r\u00e9gularit\u00e9 dans toutes les conditions.Avec ses 26 cm pour environ 145 g, il s\u2019impose comme un leurre souple de r\u00e9f\u00e9rence pour les brochets records en qu\u00eate d\u2019une proie consistante.Son corps massif mais pas trop, coupl\u00e9 \u00e0 un paddle carr\u00e9 \u00e9mettant des vibrations basse fr\u00e9quence ultra efficace, produit une nage ample et r\u00e9guli\u00e8re, capable de d\u00e9placer \u00e9norm\u00e9ment d\u2019eau, m\u00eame \u00e0 faible vitesse.Il supporte aussi bien les animations lentes dans les couches profondes que les r\u00e9cup\u00e9rations soutenues en pleine eau, faisant de lui un v\u00e9ritable aimant \u00e0 brochets.C\u2019est le shad que tu laisses nager longtemps. Celui qui travaille pour toi. Celui qui d\u00e9clenche les poissons que les autres leurres ne font plus bouger.\" \/>\n<meta property=\"og:url\" content=\"https:\/\/jaws-fishing.com\/index.php\/produit\/a-venir-trouty-shad-26cm\/\" \/>\n<meta property=\"og:site_name\" content=\"JAWS\" \/>\n<meta property=\"article:modified_time\" content=\"2025-08-11T00:29:01+00:00\" \/>\n<meta property=\"og:image\" content=\"https:\/\/jaws-fishing.com\/wp-content\/uploads\/2024\/07\/IMG_8248-scaled.jpeg\" \/>\n\t<meta property=\"og:image:width\" content=\"1920\" \/>\n\t<meta property=\"og:image:height\" content=\"2560\" \/>\n\t<meta property=\"og:image:type\" content=\"image\/jpeg\" \/>\n<meta name=\"twitter:card\" content=\"summary_large_image\" \/>\n<script type=\"application\/ld+json\" class=\"yoast-schema-graph\">{\"@context\":\"https:\/\/schema.org\",\"@graph\":[{\"@type\":\"WebPage\",\"@id\":\"https:\/\/jaws-fishing.com\/index.php\/produit\/a-venir-trouty-shad-26cm\/\",\"url\":\"https:\/\/jaws-fishing.com\/index.php\/produit\/a-venir-trouty-shad-26cm\/\",\"name\":\"EAGLE SHAD 260 - JAWS\",\"isPartOf\":{\"@id\":\"https:\/\/jaws-fishing.com\/#website\"},\"primaryImageOfPage\":{\"@id\":\"https:\/\/jaws-fishing.com\/index.php\/produit\/a-venir-trouty-shad-26cm\/#primaryimage\"},\"image\":{\"@id\":\"https:\/\/jaws-fishing.com\/index.php\/produit\/a-venir-trouty-shad-26cm\/#primaryimage\"},\"thumbnailUrl\":\"https:\/\/jaws-fishing.com\/wp-content\/uploads\/2025\/06\/26-shad-truite-et-perche.jpeg\",\"datePublished\":\"2024-04-09T21:29:40+00:00\",\"dateModified\":\"2025-08-11T00:29:01+00:00\",\"breadcrumb\":{\"@id\":\"https:\/\/jaws-fishing.com\/index.php\/produit\/a-venir-trouty-shad-26cm\/#breadcrumb\"},\"inLanguage\":\"fr-FR\",\"potentialAction\":[{\"@type\":\"ReadAction\",\"target\":[\"https:\/\/jaws-fishing.com\/index.php\/produit\/a-venir-trouty-shad-26cm\/\"]}]},{\"@type\":\"ImageObject\",\"inLanguage\":\"fr-FR\",\"@id\":\"https:\/\/jaws-fishing.com\/index.php\/produit\/a-venir-trouty-shad-26cm\/#primaryimage\",\"url\":\"https:\/\/jaws-fishing.com\/wp-content\/uploads\/2025\/06\/26-shad-truite-et-perche.jpeg\",\"contentUrl\":\"https:\/\/jaws-fishing.com\/wp-content\/uploads\/2025\/06\/26-shad-truite-et-perche.jpeg\",\"width\":1536,\"height\":2048},{\"@type\":\"BreadcrumbList\",\"@id\":\"https:\/\/jaws-fishing.com\/index.php\/produit\/a-venir-trouty-shad-26cm\/#breadcrumb\",\"itemListElement\":[{\"@type\":\"ListItem\",\"position\":1,\"name\":\"Accueil\",\"item\":\"https:\/\/jaws-fishing.com\/\"},{\"@type\":\"ListItem\",\"position\":2,\"name\":\"Boutique\",\"item\":\"https:\/\/jaws-fishing.com\/index.php\/boutique\/\"},{\"@type\":\"ListItem\",\"position\":3,\"name\":\"EAGLE SHAD 260\"}]},{\"@type\":\"WebSite\",\"@id\":\"https:\/\/jaws-fishing.com\/#website\",\"url\":\"https:\/\/jaws-fishing.com\/\",\"name\":\"JAWS\",\"description\":\"HANDMADE FISHING LURES\",\"publisher\":{\"@id\":\"https:\/\/jaws-fishing.com\/#organization\"},\"potentialAction\":[{\"@type\":\"SearchAction\",\"target\":{\"@type\":\"EntryPoint\",\"urlTemplate\":\"https:\/\/jaws-fishing.com\/?s={search_term_string}\"},\"query-input\":{\"@type\":\"PropertyValueSpecification\",\"valueRequired\":true,\"valueName\":\"search_term_string\"}}],\"inLanguage\":\"fr-FR\"},{\"@type\":\"Organization\",\"@id\":\"https:\/\/jaws-fishing.com\/#organization\",\"name\":\"JAWS\",\"url\":\"https:\/\/jaws-fishing.com\/\",\"logo\":{\"@type\":\"ImageObject\",\"inLanguage\":\"fr-FR\",\"@id\":\"https:\/\/jaws-fishing.com\/#\/schema\/logo\/image\/\",\"url\":\"https:\/\/jaws-fishing.com\/wp-content\/uploads\/2020\/12\/web-agency-logo-3.png\",\"contentUrl\":\"https:\/\/jaws-fishing.com\/wp-content\/uploads\/2020\/12\/web-agency-logo-3.png\",\"width\":200,\"height\":200,\"caption\":\"JAWS\"},\"image\":{\"@id\":\"https:\/\/jaws-fishing.com\/#\/schema\/logo\/image\/\"}}]}<\/script>\n<!-- \/ Yoast SEO plugin. -->","yoast_head_json":{"title":"EAGLE SHAD 260 - JAWS","robots":{"index":"index","follow":"follow","max-snippet":"max-snippet:-1","max-image-preview":"max-image-preview:large","max-video-preview":"max-video-preview:-1"},"canonical":"https:\/\/jaws-fishing.com\/index.php\/produit\/a-venir-trouty-shad-26cm\/","og_locale":"fr_FR","og_type":"article","og_title":"EAGLE SHAD 260 - JAWS","og_description":"EAGLE SHAD 260 \u2013 Le Shad Ultra Polyvalent pour Grands BrochetsLe EAGLE SHAD 260 est le c\u0153ur battant de la gamme JAWS : un shad big bait con\u00e7u pour combiner polyvalence, puissance et r\u00e9gularit\u00e9 dans toutes les conditions.Avec ses 26 cm pour environ 145 g, il s\u2019impose comme un leurre souple de r\u00e9f\u00e9rence pour les brochets records en qu\u00eate d\u2019une proie consistante.Son corps massif mais pas trop, coupl\u00e9 \u00e0 un paddle carr\u00e9 \u00e9mettant des vibrations basse fr\u00e9quence ultra efficace, produit une nage ample et r\u00e9guli\u00e8re, capable de d\u00e9placer \u00e9norm\u00e9ment d\u2019eau, m\u00eame \u00e0 faible vitesse.Il supporte aussi bien les animations lentes dans les couches profondes que les r\u00e9cup\u00e9rations soutenues en pleine eau, faisant de lui un v\u00e9ritable aimant \u00e0 brochets.C\u2019est le shad que tu laisses nager longtemps. Celui qui travaille pour toi. Celui qui d\u00e9clenche les poissons que les autres leurres ne font plus bouger.","og_url":"https:\/\/jaws-fishing.com\/index.php\/produit\/a-venir-trouty-shad-26cm\/","og_site_name":"JAWS","article_modified_time":"2025-08-11T00:29:01+00:00","og_image":[{"width":1920,"height":2560,"url":"https:\/\/jaws-fishing.com\/wp-content\/uploads\/2024\/07\/IMG_8248-scaled.jpeg","type":"image\/jpeg"}],"twitter_card":"summary_large_image","schema":{"@context":"https:\/\/schema.org","@graph":[{"@type":"WebPage","@id":"https:\/\/jaws-fishing.com\/index.php\/produit\/a-venir-trouty-shad-26cm\/","url":"https:\/\/jaws-fishing.com\/index.php\/produit\/a-venir-trouty-shad-26cm\/","name":"EAGLE SHAD 260 - JAWS","isPartOf":{"@id":"https:\/\/jaws-fishing.com\/#website"},"primaryImageOfPage":{"@id":"https:\/\/jaws-fishing.com\/index.php\/produit\/a-venir-trouty-shad-26cm\/#primaryimage"},"image":{"@id":"https:\/\/jaws-fishing.com\/index.php\/produit\/a-venir-trouty-shad-26cm\/#primaryimage"},"thumbnailUrl":"https:\/\/jaws-fishing.com\/wp-content\/uploads\/2025\/06\/26-shad-truite-et-perche.jpeg","datePublished":"2024-04-09T21:29:40+00:00","dateModified":"2025-08-11T00:29:01+00:00","breadcrumb":{"@id":"https:\/\/jaws-fishing.com\/index.php\/produit\/a-venir-trouty-shad-26cm\/#breadcrumb"},"inLanguage":"fr-FR","potentialAction":[{"@type":"ReadAction","target":["https:\/\/jaws-fishing.com\/index.php\/produit\/a-venir-trouty-shad-26cm\/"]}]},{"@type":"ImageObject","inLanguage":"fr-FR","@id":"https:\/\/jaws-fishing.com\/index.php\/produit\/a-venir-trouty-shad-26cm\/#primaryimage","url":"https:\/\/jaws-fishing.com\/wp-content\/uploads\/2025\/06\/26-shad-truite-et-perche.jpeg","contentUrl":"https:\/\/jaws-fishing.com\/wp-content\/uploads\/2025\/06\/26-shad-truite-et-perche.jpeg","width":1536,"height":2048},{"@type":"BreadcrumbList","@id":"https:\/\/jaws-fishing.com\/index.php\/produit\/a-venir-trouty-shad-26cm\/#breadcrumb","itemListElement":[{"@type":"ListItem","position":1,"name":"Accueil","item":"https:\/\/jaws-fishing.com\/"},{"@type":"ListItem","position":2,"name":"Boutique","item":"https:\/\/jaws-fishing.com\/index.php\/boutique\/"},{"@type":"ListItem","position":3,"name":"EAGLE SHAD 260"}]},{"@type":"WebSite","@id":"https:\/\/jaws-fishing.com\/#website","url":"https:\/\/jaws-fishing.com\/","name":"JAWS","description":"HANDMADE FISHING LURES","publisher":{"@id":"https:\/\/jaws-fishing.com\/#organization"},"potentialAction":[{"@type":"SearchAction","target":{"@type":"EntryPoint","urlTemplate":"https:\/\/jaws-fishing.com\/?s={search_term_string}"},"query-input":{"@type":"PropertyValueSpecification","valueRequired":true,"valueName":"search_term_string"}}],"inLanguage":"fr-FR"},{"@type":"Organization","@id":"https:\/\/jaws-fishing.com\/#organization","name":"JAWS","url":"https:\/\/jaws-fishing.com\/","logo":{"@type":"ImageObject","inLanguage":"fr-FR","@id":"https:\/\/jaws-fishing.com\/#\/schema\/logo\/image\/","url":"https:\/\/jaws-fishing.com\/wp-content\/uploads\/2020\/12\/web-agency-logo-3.png","contentUrl":"https:\/\/jaws-fishing.com\/wp-content\/uploads\/2020\/12\/web-agency-logo-3.png","width":200,"height":200,"caption":"JAWS"},"image":{"@id":"https:\/\/jaws-fishing.com\/#\/schema\/logo\/image\/"}}]}},"_links":{"self":[{"href":"https:\/\/jaws-fishing.com\/index.php\/wp-json\/wp\/v2\/product\/987510560","targetHints":{"allow":["GET"]}}],"collection":[{"href":"https:\/\/jaws-fishing.com\/index.php\/wp-json\/wp\/v2\/product"}],"about":[{"href":"https:\/\/jaws-fishing.com\/index.php\/wp-json\/wp\/v2\/types\/product"}],"replies":[{"embeddable":true,"href":"https:\/\/jaws-fishing.com\/index.php\/wp-json\/wp\/v2\/comments?post=987510560"}],"wp:featuredmedia":[{"embeddable":true,"href":"https:\/\/jaws-fishing.com\/index.php\/wp-json\/wp\/v2\/media\/987511302"}],"wp:attachment":[{"href":"https:\/\/jaws-fishing.com\/index.php\/wp-json\/wp\/v2\/media?parent=987510560"}],"wp:term":[{"taxonomy":"product_brand","embeddable":true,"href":"https:\/\/jaws-fishing.com\/index.php\/wp-json\/wp\/v2\/product_brand?post=987510560"},{"taxonomy":"product_cat","embeddable":true,"href":"https:\/\/jaws-fishing.com\/index.php\/wp-json\/wp\/v2\/product_cat?post=987510560"},{"taxonomy":"product_tag","embeddable":true,"href":"https:\/\/jaws-fishing.com\/index.php\/wp-json\/wp\/v2\/product_tag?post=987510560"}],"curies":[{"name":"wp","href":"https:\/\/api.w.org\/{rel}","templated":true}]}}