{"id":987510664,"date":"2024-06-16T23:02:01","date_gmt":"2024-06-16T21:02:01","guid":{"rendered":"https:\/\/jaws-fishing.com\/?post_type=product&#038;p=987510664"},"modified":"2025-08-11T00:48:55","modified_gmt":"2025-08-10T22:48:55","slug":"trouty-grub-32cm","status":"publish","type":"product","link":"https:\/\/jaws-fishing.com\/index.php\/produit\/trouty-grub-32cm\/","title":{"rendered":"EAGLE GRUB 320"},"content":{"rendered":"<p>[et_pb_section fb_built=\u00a0\u00bb1&Prime; _builder_version=\u00a0\u00bb4.16&Prime; custom_padding=\u00a0\u00bb0px||||false|false\u00a0\u00bb global_colors_info=\u00a0\u00bb{}\u00a0\u00bb][et_pb_row _builder_version=\u00a0\u00bb4.16&Prime; background_size=\u00a0\u00bbinitial\u00a0\u00bb background_position=\u00a0\u00bbtop_left\u00a0\u00bb background_repeat=\u00a0\u00bbrepeat\u00a0\u00bb width=\u00a0\u00bb100%\u00a0\u00bb custom_padding=\u00a0\u00bb0px||0px||false|false\u00a0\u00bb hover_enabled=\u00a0\u00bb0&Prime; global_colors_info=\u00a0\u00bb{}\u00a0\u00bb sticky_enabled=\u00a0\u00bb0&Prime;][et_pb_column type=\u00a0\u00bb4_4&Prime; _builder_version=\u00a0\u00bb4.16&Prime; custom_padding=\u00a0\u00bb|||\u00a0\u00bb global_colors_info=\u00a0\u00bb{}\u00a0\u00bb custom_padding__hover=\u00a0\u00bb|||\u00a0\u00bb][et_pb_wc_breadcrumb _builder_version=\u00a0\u00bb4.16&Prime; global_colors_info=\u00a0\u00bb{}\u00a0\u00bb][\/et_pb_wc_breadcrumb][et_pb_wc_cart_notice _builder_version=\u00a0\u00bb4.23.4&Prime; hover_enabled=\u00a0\u00bb0&Prime; global_colors_info=\u00a0\u00bb{}\u00a0\u00bb sticky_enabled=\u00a0\u00bb0&Prime; title_font_size=\u00a0\u00bb34px\u00a0\u00bb title_font_size_last_edited=\u00a0\u00bbon|phone\u00a0\u00bb title_font_size_phone=\u00a0\u00bb17px\u00a0\u00bb custom_button=\u00a0\u00bbon\u00a0\u00bb button_text_size_last_edited=\u00a0\u00bbon|phone\u00a0\u00bb button_text_size_phone=\u00a0\u00bb26px\u00a0\u00bb title_font_size_tablet=\u00a0\u00bb34px\u00a0\u00bb][\/et_pb_wc_cart_notice][\/et_pb_column][\/et_pb_row][et_pb_row _builder_version=\u00a0\u00bb4.16&Prime; background_size=\u00a0\u00bbinitial\u00a0\u00bb background_position=\u00a0\u00bbtop_left\u00a0\u00bb background_repeat=\u00a0\u00bbrepeat\u00a0\u00bb width=\u00a0\u00bb100%\u00a0\u00bb custom_padding=\u00a0\u00bb0px||||false|false\u00a0\u00bb global_colors_info=\u00a0\u00bb{}\u00a0\u00bb column_structure=\u00a0\u00bb1_2,1_2&Prime;][et_pb_column type=\u00a0\u00bb1_2&Prime; _builder_version=\u00a0\u00bb4.16&Prime; custom_padding=\u00a0\u00bb|||\u00a0\u00bb global_colors_info=\u00a0\u00bb{}\u00a0\u00bb custom_padding__hover=\u00a0\u00bb|||\u00a0\u00bb][et_pb_wc_images _builder_version=\u00a0\u00bb4.16&Prime; global_colors_info=\u00a0\u00bb{}\u00a0\u00bb custom_padding=\u00a0\u00bb|17px||14px||\u00a0\u00bb][\/et_pb_wc_images][\/et_pb_column][et_pb_column type=\u00a0\u00bb1_2&Prime; _builder_version=\u00a0\u00bb4.16&Prime; custom_padding=\u00a0\u00bb|||\u00a0\u00bb global_colors_info=\u00a0\u00bb{}\u00a0\u00bb custom_padding__hover=\u00a0\u00bb|||\u00a0\u00bb][et_pb_wc_title _builder_version=\u00a0\u00bb4.16&Prime; global_colors_info=\u00a0\u00bb{}\u00a0\u00bb custom_padding=\u00a0\u00bb|||18px||\u00a0\u00bb][\/et_pb_wc_title][et_pb_wc_rating _builder_version=\u00a0\u00bb4.16&Prime; global_colors_info=\u00a0\u00bb{}\u00a0\u00bb custom_padding=\u00a0\u00bb|||10px||\u00a0\u00bb][\/et_pb_wc_rating][et_pb_wc_price _builder_version=\u00a0\u00bb4.16&Prime; global_colors_info=\u00a0\u00bb{}\u00a0\u00bb custom_padding=\u00a0\u00bb|||12px||\u00a0\u00bb][\/et_pb_wc_price][et_pb_wc_description _builder_version=\u00a0\u00bb4.16&Prime; global_colors_info=\u00a0\u00bb{}\u00a0\u00bb custom_padding=\u00a0\u00bb|16px||16px||\u00a0\u00bb][\/et_pb_wc_description][et_pb_wc_add_to_cart _builder_version=\u00a0\u00bb4.23.4&Prime; hover_enabled=\u00a0\u00bb0&Prime; global_colors_info=\u00a0\u00bb{}\u00a0\u00bb custom_button=\u00a0\u00bbon\u00a0\u00bb button_text_color=\u00a0\u00bb#0C71C3&Prime; button_border_width=\u00a0\u00bb16px\u00a0\u00bb button_bg_enable_color=\u00a0\u00bboff\u00a0\u00bb sticky_enabled=\u00a0\u00bb0&Prime; custom_padding=\u00a0\u00bb|23px||16px||\u00a0\u00bb][\/et_pb_wc_add_to_cart][et_pb_wc_meta _builder_version=\u00a0\u00bb4.16&Prime; global_colors_info=\u00a0\u00bb{}\u00a0\u00bb][\/et_pb_wc_meta][\/et_pb_column][\/et_pb_row][et_pb_row _builder_version=\u00a0\u00bb4.16&Prime; background_size=\u00a0\u00bbinitial\u00a0\u00bb background_position=\u00a0\u00bbtop_left\u00a0\u00bb background_repeat=\u00a0\u00bbrepeat\u00a0\u00bb width=\u00a0\u00bb100%\u00a0\u00bb global_colors_info=\u00a0\u00bb{}\u00a0\u00bb][et_pb_column type=\u00a0\u00bb4_4&Prime; _builder_version=\u00a0\u00bb4.16&Prime; custom_padding=\u00a0\u00bb|||\u00a0\u00bb global_colors_info=\u00a0\u00bb{}\u00a0\u00bb custom_padding__hover=\u00a0\u00bb|||\u00a0\u00bb][et_pb_wc_tabs _builder_version=\u00a0\u00bb4.23.4&Prime; hover_enabled=\u00a0\u00bb0&Prime; global_colors_info=\u00a0\u00bb{}\u00a0\u00bb body_line_height_last_edited=\u00a0\u00bbon|phone\u00a0\u00bb sticky_enabled=\u00a0\u00bb0&Prime; body_font_size_last_edited=\u00a0\u00bbon|phone\u00a0\u00bb body_font_size_phone=\u00a0\u00bb13px\u00a0\u00bb]\t\t\t\t\t[\/et_pb_wc_tabs][et_pb_wc_upsells columns_number=\u00a0\u00bb3&Prime; _builder_version=\u00a0\u00bb4.16&Prime; global_colors_info=\u00a0\u00bb{}\u00a0\u00bb][\/et_pb_wc_upsells][et_pb_wc_related_products columns_number=\u00a0\u00bb3&Prime; _builder_version=\u00a0\u00bb4.16&Prime; global_colors_info=\u00a0\u00bb{}\u00a0\u00bb custom_padding=\u00a0\u00bb|21px||19px||\u00a0\u00bb][\/et_pb_wc_related_products][\/et_pb_column][\/et_pb_row][\/et_pb_section]<\/p>\n","protected":false},"excerpt":{"rendered":"<p><strong>EAGLE GRUB 320 \u2013 L\u2019Ultime Grub pour les p\u00eaches de Brochet Record<\/strong><\/p>\n<p>Le <strong>EAGLE GRUB 320<\/strong> est le plus extr\u00eame des leurres souples sign\u00e9s JAWS.<\/p>\n<p>Un <strong>big bait massif<\/strong>, au profil d\u00e9mesur\u00e9, pens\u00e9 pour s\u00e9duire <strong>les brochets les plus s\u00e9lectifs et les plus puissants<\/strong>, dans les grands milieux o\u00f9 le moindre d\u00e9tail compte.<\/p>\n<p>Avec ses <strong>32 cm de longueur et environ 265 g<\/strong>, ce grub oversize combine une <strong>pr\u00e9sence visuelle imposante<\/strong> et une <strong>nage ondulante d\u2019une douceur chirurgicale<\/strong>, m\u00eame \u00e0 tr\u00e8s basse vitesse.<\/p>\n<p>Sa <strong>queue curly surdimensionn\u00e9e<\/strong> reste en action constante \u00e0 la descente, \u00e0 la pause ou dans les r\u00e9cup\u00e9rations les plus lentes, g\u00e9n\u00e9rant des vibrations basses fr\u00e9quences irr\u00e9sistibles.<\/p>\n<p>C\u2019est le leurre qu\u2019on sort quand on <strong>vise un seul poisson<\/strong>, mais <strong>le bon<\/strong>.<br \/>Quand tout le reste \u00e9choue, le <strong>EAGLE GRUB 320<\/strong> impose une nage unique et un signal fort dans l\u2019eau.<\/p>\n","protected":false},"featured_media":987511323,"comment_status":"open","ping_status":"closed","template":"","meta":{"_et_pb_use_builder":"on","_et_pb_old_content":"<!-- wp:list -->\n<ul class=\"wp-block-list\"><!-- wp:list-item -->\n<li><strong>Longueur totale<\/strong> : 320 mm (queue non \u00e9tir\u00e9e)<\/li>\n<!-- \/wp:list-item -->\n\n<!-- wp:list-item -->\n<li><strong>Poids<\/strong> : \u2248 230 g<\/li>\n<!-- \/wp:list-item -->\n\n<!-- wp:list-item -->\n<li><strong>Type<\/strong> : Grub souple grand format, non arm\u00e9<\/li>\n<!-- \/wp:list-item -->\n\n<!-- wp:list-item -->\n<li><strong>Action<\/strong> : Nage lente + queue ultra mobile \u00e0 toutes vitesses<\/li>\n<!-- \/wp:list-item -->\n\n<!-- wp:list-item -->\n<li><strong>Utilisation<\/strong> : Lin\u00e9aire lent, p\u00eache de prospection, sharpshooting<\/li>\n<!-- \/wp:list-item -->\n\n<!-- wp:list-item -->\n<li><strong>Cibl\u00e9 pour<\/strong> : Brochets troph\u00e9es, poissons inactifs, conditions extr\u00eames<\/li>\n<!-- \/wp:list-item -->\n\n<!-- wp:list-item -->\n<li><strong>Conditions id\u00e9ales<\/strong> : Poissons pos\u00e9s, grands milieux, forte pression de p\u00eache<\/li>\n<!-- \/wp:list-item -->\n\n<!-- wp:list-item -->\n<li><strong>Montage recommand\u00e9<\/strong> : Screw rig renforc\u00e9 + stingers doubles\/triples (taille 3\/0 \u00e0 5\/0)<\/li>\n<!-- \/wp:list-item -->\n\n<!-- wp:list-item -->\n<li><strong>Flottabilit\u00e9<\/strong> : L\u00e9g\u00e8rement coulante (modulable selon montage)<\/li>\n<!-- \/wp:list-item --><\/ul>\n<!-- \/wp:list -->","_et_gb_content_width":""},"product_brand":[],"product_cat":[122,86],"product_tag":[111,87],"class_list":{"0":"post-987510664","1":"product","2":"type-product","3":"status-publish","4":"has-post-thumbnail","6":"product_cat-grub","7":"product_cat-leurre-souple","8":"product_tag-grub","9":"product_tag-leurre","11":"first","12":"instock","13":"taxable","14":"shipping-taxable","15":"purchasable","16":"product-type-variable","17":"has-default-attributes"},"yoast_head":"<!-- This site is optimized with the Yoast SEO plugin v25.6 - https:\/\/yoast.com\/wordpress\/plugins\/seo\/ -->\n<title>EAGLE GRUB 320 - JAWS<\/title>\n<meta name=\"robots\" content=\"index, follow, max-snippet:-1, max-image-preview:large, max-video-preview:-1\" \/>\n<link rel=\"canonical\" href=\"https:\/\/jaws-fishing.com\/index.php\/produit\/trouty-grub-32cm\/\" \/>\n<meta property=\"og:locale\" content=\"fr_FR\" \/>\n<meta property=\"og:type\" content=\"article\" \/>\n<meta property=\"og:title\" content=\"EAGLE GRUB 320 - JAWS\" \/>\n<meta property=\"og:description\" content=\"EAGLE GRUB 320 \u2013 L\u2019Ultime Grub pour les p\u00eaches de Brochet RecordLe EAGLE GRUB 320 est le plus extr\u00eame des leurres souples sign\u00e9s JAWS.Un big bait massif, au profil d\u00e9mesur\u00e9, pens\u00e9 pour s\u00e9duire les brochets les plus s\u00e9lectifs et les plus puissants, dans les grands milieux o\u00f9 le moindre d\u00e9tail compte.Avec ses 32 cm de longueur et environ 265 g, ce grub oversize combine une pr\u00e9sence visuelle imposante et une nage ondulante d\u2019une douceur chirurgicale, m\u00eame \u00e0 tr\u00e8s basse vitesse.Sa queue curly surdimensionn\u00e9e reste en action constante \u00e0 la descente, \u00e0 la pause ou dans les r\u00e9cup\u00e9rations les plus lentes, g\u00e9n\u00e9rant des vibrations basses fr\u00e9quences irr\u00e9sistibles.C\u2019est le leurre qu\u2019on sort quand on vise un seul poisson, mais le bon.Quand tout le reste \u00e9choue, le EAGLE GRUB 320 impose une nage unique et un signal fort dans l\u2019eau.\" \/>\n<meta property=\"og:url\" content=\"https:\/\/jaws-fishing.com\/index.php\/produit\/trouty-grub-32cm\/\" \/>\n<meta property=\"og:site_name\" content=\"JAWS\" \/>\n<meta property=\"article:modified_time\" content=\"2025-08-10T22:48:55+00:00\" \/>\n<meta property=\"og:image\" content=\"https:\/\/jaws-fishing.com\/wp-content\/uploads\/2025\/06\/IMG_4238.jpeg\" \/>\n\t<meta property=\"og:image:width\" content=\"1536\" \/>\n\t<meta property=\"og:image:height\" content=\"2048\" \/>\n\t<meta property=\"og:image:type\" content=\"image\/jpeg\" \/>\n<meta name=\"twitter:card\" content=\"summary_large_image\" \/>\n<meta name=\"twitter:label1\" content=\"Dur\u00e9e de lecture estim\u00e9e\" \/>\n\t<meta name=\"twitter:data1\" content=\"2 minutes\" \/>\n<script type=\"application\/ld+json\" class=\"yoast-schema-graph\">{\"@context\":\"https:\/\/schema.org\",\"@graph\":[{\"@type\":\"WebPage\",\"@id\":\"https:\/\/jaws-fishing.com\/index.php\/produit\/trouty-grub-32cm\/\",\"url\":\"https:\/\/jaws-fishing.com\/index.php\/produit\/trouty-grub-32cm\/\",\"name\":\"EAGLE GRUB 320 - JAWS\",\"isPartOf\":{\"@id\":\"https:\/\/jaws-fishing.com\/#website\"},\"primaryImageOfPage\":{\"@id\":\"https:\/\/jaws-fishing.com\/index.php\/produit\/trouty-grub-32cm\/#primaryimage\"},\"image\":{\"@id\":\"https:\/\/jaws-fishing.com\/index.php\/produit\/trouty-grub-32cm\/#primaryimage\"},\"thumbnailUrl\":\"https:\/\/jaws-fishing.com\/wp-content\/uploads\/2025\/06\/IMG_4238.jpeg\",\"datePublished\":\"2024-06-16T21:02:01+00:00\",\"dateModified\":\"2025-08-10T22:48:55+00:00\",\"breadcrumb\":{\"@id\":\"https:\/\/jaws-fishing.com\/index.php\/produit\/trouty-grub-32cm\/#breadcrumb\"},\"inLanguage\":\"fr-FR\",\"potentialAction\":[{\"@type\":\"ReadAction\",\"target\":[\"https:\/\/jaws-fishing.com\/index.php\/produit\/trouty-grub-32cm\/\"]}]},{\"@type\":\"ImageObject\",\"inLanguage\":\"fr-FR\",\"@id\":\"https:\/\/jaws-fishing.com\/index.php\/produit\/trouty-grub-32cm\/#primaryimage\",\"url\":\"https:\/\/jaws-fishing.com\/wp-content\/uploads\/2025\/06\/IMG_4238.jpeg\",\"contentUrl\":\"https:\/\/jaws-fishing.com\/wp-content\/uploads\/2025\/06\/IMG_4238.jpeg\",\"width\":1536,\"height\":2048},{\"@type\":\"BreadcrumbList\",\"@id\":\"https:\/\/jaws-fishing.com\/index.php\/produit\/trouty-grub-32cm\/#breadcrumb\",\"itemListElement\":[{\"@type\":\"ListItem\",\"position\":1,\"name\":\"Accueil\",\"item\":\"https:\/\/jaws-fishing.com\/\"},{\"@type\":\"ListItem\",\"position\":2,\"name\":\"Boutique\",\"item\":\"https:\/\/jaws-fishing.com\/index.php\/boutique\/\"},{\"@type\":\"ListItem\",\"position\":3,\"name\":\"EAGLE GRUB 320\"}]},{\"@type\":\"WebSite\",\"@id\":\"https:\/\/jaws-fishing.com\/#website\",\"url\":\"https:\/\/jaws-fishing.com\/\",\"name\":\"JAWS\",\"description\":\"HANDMADE FISHING LURES\",\"publisher\":{\"@id\":\"https:\/\/jaws-fishing.com\/#organization\"},\"potentialAction\":[{\"@type\":\"SearchAction\",\"target\":{\"@type\":\"EntryPoint\",\"urlTemplate\":\"https:\/\/jaws-fishing.com\/?s={search_term_string}\"},\"query-input\":{\"@type\":\"PropertyValueSpecification\",\"valueRequired\":true,\"valueName\":\"search_term_string\"}}],\"inLanguage\":\"fr-FR\"},{\"@type\":\"Organization\",\"@id\":\"https:\/\/jaws-fishing.com\/#organization\",\"name\":\"JAWS\",\"url\":\"https:\/\/jaws-fishing.com\/\",\"logo\":{\"@type\":\"ImageObject\",\"inLanguage\":\"fr-FR\",\"@id\":\"https:\/\/jaws-fishing.com\/#\/schema\/logo\/image\/\",\"url\":\"https:\/\/jaws-fishing.com\/wp-content\/uploads\/2020\/12\/web-agency-logo-3.png\",\"contentUrl\":\"https:\/\/jaws-fishing.com\/wp-content\/uploads\/2020\/12\/web-agency-logo-3.png\",\"width\":200,\"height\":200,\"caption\":\"JAWS\"},\"image\":{\"@id\":\"https:\/\/jaws-fishing.com\/#\/schema\/logo\/image\/\"}}]}<\/script>\n<!-- \/ Yoast SEO plugin. -->","yoast_head_json":{"title":"EAGLE GRUB 320 - JAWS","robots":{"index":"index","follow":"follow","max-snippet":"max-snippet:-1","max-image-preview":"max-image-preview:large","max-video-preview":"max-video-preview:-1"},"canonical":"https:\/\/jaws-fishing.com\/index.php\/produit\/trouty-grub-32cm\/","og_locale":"fr_FR","og_type":"article","og_title":"EAGLE GRUB 320 - JAWS","og_description":"EAGLE GRUB 320 \u2013 L\u2019Ultime Grub pour les p\u00eaches de Brochet RecordLe EAGLE GRUB 320 est le plus extr\u00eame des leurres souples sign\u00e9s JAWS.Un big bait massif, au profil d\u00e9mesur\u00e9, pens\u00e9 pour s\u00e9duire les brochets les plus s\u00e9lectifs et les plus puissants, dans les grands milieux o\u00f9 le moindre d\u00e9tail compte.Avec ses 32 cm de longueur et environ 265 g, ce grub oversize combine une pr\u00e9sence visuelle imposante et une nage ondulante d\u2019une douceur chirurgicale, m\u00eame \u00e0 tr\u00e8s basse vitesse.Sa queue curly surdimensionn\u00e9e reste en action constante \u00e0 la descente, \u00e0 la pause ou dans les r\u00e9cup\u00e9rations les plus lentes, g\u00e9n\u00e9rant des vibrations basses fr\u00e9quences irr\u00e9sistibles.C\u2019est le leurre qu\u2019on sort quand on vise un seul poisson, mais le bon.Quand tout le reste \u00e9choue, le EAGLE GRUB 320 impose une nage unique et un signal fort dans l\u2019eau.","og_url":"https:\/\/jaws-fishing.com\/index.php\/produit\/trouty-grub-32cm\/","og_site_name":"JAWS","article_modified_time":"2025-08-10T22:48:55+00:00","og_image":[{"width":1536,"height":2048,"url":"https:\/\/jaws-fishing.com\/wp-content\/uploads\/2025\/06\/IMG_4238.jpeg","type":"image\/jpeg"}],"twitter_card":"summary_large_image","twitter_misc":{"Dur\u00e9e de lecture estim\u00e9e":"2 minutes"},"schema":{"@context":"https:\/\/schema.org","@graph":[{"@type":"WebPage","@id":"https:\/\/jaws-fishing.com\/index.php\/produit\/trouty-grub-32cm\/","url":"https:\/\/jaws-fishing.com\/index.php\/produit\/trouty-grub-32cm\/","name":"EAGLE GRUB 320 - JAWS","isPartOf":{"@id":"https:\/\/jaws-fishing.com\/#website"},"primaryImageOfPage":{"@id":"https:\/\/jaws-fishing.com\/index.php\/produit\/trouty-grub-32cm\/#primaryimage"},"image":{"@id":"https:\/\/jaws-fishing.com\/index.php\/produit\/trouty-grub-32cm\/#primaryimage"},"thumbnailUrl":"https:\/\/jaws-fishing.com\/wp-content\/uploads\/2025\/06\/IMG_4238.jpeg","datePublished":"2024-06-16T21:02:01+00:00","dateModified":"2025-08-10T22:48:55+00:00","breadcrumb":{"@id":"https:\/\/jaws-fishing.com\/index.php\/produit\/trouty-grub-32cm\/#breadcrumb"},"inLanguage":"fr-FR","potentialAction":[{"@type":"ReadAction","target":["https:\/\/jaws-fishing.com\/index.php\/produit\/trouty-grub-32cm\/"]}]},{"@type":"ImageObject","inLanguage":"fr-FR","@id":"https:\/\/jaws-fishing.com\/index.php\/produit\/trouty-grub-32cm\/#primaryimage","url":"https:\/\/jaws-fishing.com\/wp-content\/uploads\/2025\/06\/IMG_4238.jpeg","contentUrl":"https:\/\/jaws-fishing.com\/wp-content\/uploads\/2025\/06\/IMG_4238.jpeg","width":1536,"height":2048},{"@type":"BreadcrumbList","@id":"https:\/\/jaws-fishing.com\/index.php\/produit\/trouty-grub-32cm\/#breadcrumb","itemListElement":[{"@type":"ListItem","position":1,"name":"Accueil","item":"https:\/\/jaws-fishing.com\/"},{"@type":"ListItem","position":2,"name":"Boutique","item":"https:\/\/jaws-fishing.com\/index.php\/boutique\/"},{"@type":"ListItem","position":3,"name":"EAGLE GRUB 320"}]},{"@type":"WebSite","@id":"https:\/\/jaws-fishing.com\/#website","url":"https:\/\/jaws-fishing.com\/","name":"JAWS","description":"HANDMADE FISHING LURES","publisher":{"@id":"https:\/\/jaws-fishing.com\/#organization"},"potentialAction":[{"@type":"SearchAction","target":{"@type":"EntryPoint","urlTemplate":"https:\/\/jaws-fishing.com\/?s={search_term_string}"},"query-input":{"@type":"PropertyValueSpecification","valueRequired":true,"valueName":"search_term_string"}}],"inLanguage":"fr-FR"},{"@type":"Organization","@id":"https:\/\/jaws-fishing.com\/#organization","name":"JAWS","url":"https:\/\/jaws-fishing.com\/","logo":{"@type":"ImageObject","inLanguage":"fr-FR","@id":"https:\/\/jaws-fishing.com\/#\/schema\/logo\/image\/","url":"https:\/\/jaws-fishing.com\/wp-content\/uploads\/2020\/12\/web-agency-logo-3.png","contentUrl":"https:\/\/jaws-fishing.com\/wp-content\/uploads\/2020\/12\/web-agency-logo-3.png","width":200,"height":200,"caption":"JAWS"},"image":{"@id":"https:\/\/jaws-fishing.com\/#\/schema\/logo\/image\/"}}]}},"_links":{"self":[{"href":"https:\/\/jaws-fishing.com\/index.php\/wp-json\/wp\/v2\/product\/987510664","targetHints":{"allow":["GET"]}}],"collection":[{"href":"https:\/\/jaws-fishing.com\/index.php\/wp-json\/wp\/v2\/product"}],"about":[{"href":"https:\/\/jaws-fishing.com\/index.php\/wp-json\/wp\/v2\/types\/product"}],"replies":[{"embeddable":true,"href":"https:\/\/jaws-fishing.com\/index.php\/wp-json\/wp\/v2\/comments?post=987510664"}],"wp:featuredmedia":[{"embeddable":true,"href":"https:\/\/jaws-fishing.com\/index.php\/wp-json\/wp\/v2\/media\/987511323"}],"wp:attachment":[{"href":"https:\/\/jaws-fishing.com\/index.php\/wp-json\/wp\/v2\/media?parent=987510664"}],"wp:term":[{"taxonomy":"product_brand","embeddable":true,"href":"https:\/\/jaws-fishing.com\/index.php\/wp-json\/wp\/v2\/product_brand?post=987510664"},{"taxonomy":"product_cat","embeddable":true,"href":"https:\/\/jaws-fishing.com\/index.php\/wp-json\/wp\/v2\/product_cat?post=987510664"},{"taxonomy":"product_tag","embeddable":true,"href":"https:\/\/jaws-fishing.com\/index.php\/wp-json\/wp\/v2\/product_tag?post=987510664"}],"curies":[{"name":"wp","href":"https:\/\/api.w.org\/{rel}","templated":true}]}}