{"id":987510987,"date":"2024-12-09T15:29:57","date_gmt":"2024-12-09T14:29:57","guid":{"rendered":"https:\/\/jaws-fishing.com\/?post_type=product&#038;p=987510987"},"modified":"2025-08-22T11:31:24","modified_gmt":"2025-08-22T09:31:24","slug":"jawsy-soft-swimbait-200","status":"publish","type":"product","link":"https:\/\/jaws-fishing.com\/index.php\/produit\/jawsy-soft-swimbait-200\/","title":{"rendered":"FALCON SWIMBAIT 200"},"content":{"rendered":"<p>Vendu \u00e0 l\u2019unit\u00e9.<br \/><strong>Longueur<\/strong> : 200 mm<br \/><strong>Poids<\/strong> : \u2248 50 g<br \/><strong>Type<\/strong> : Swimbait souple \u00e0 sangle<br \/><strong>Action<\/strong> : Oscillation fluide + rolling discret + nage naturelle \u00e0 faible vitesse<br \/><strong>Utilisation<\/strong> : Lin\u00e9aire lent, cranking r\u00e9gulier, stop &amp; go<br \/><strong>Cibl\u00e9 pour<\/strong> : Brochets \u00e9duqu\u00e9s, eaux pressuris\u00e9es, eaux claires<br \/><strong>Conditions id\u00e9ales<\/strong> : Soleil, eaux claires<br \/><strong>Montage recommand\u00e9<\/strong> : Shallow screw + stinger triple 1\/0<br \/><strong>Mat\u00e9riau<\/strong> : Plastique raide, syst\u00e8me de sangle r\u00e9sistante<br \/><strong>Flottabilit\u00e9<\/strong> : Neutre \u00e0 l\u00e9g\u00e8rement coulante<br \/><strong>Compatibilit\u00e9<\/strong> : Shallow rig, t\u00eate plomb\u00e9e light, armement custom<\/p>\n","protected":false},"excerpt":{"rendered":"<p><strong>FALCON SWIMBAIT 200 \u2013 Au plus proche du naturel<\/strong><\/p>\n<p>Le <strong>FALCON SWIMBAIT 200<\/strong> incarne l\u2019\u00e9quilibre parfait entre <strong>r\u00e9alisme, discr\u00e9tion et efficacit\u00e9<\/strong>. Ce <strong>swimbait souple <\/strong>a sangle est destin\u00e9 \u00e0 la p\u00eache des brochets m\u00e9fiants et \u00e9duqu\u00e9s, notamment en p\u00e9riode de forte pression ou d\u2019eaux claires.<\/p>\n<p>Gr\u00e2ce \u00e0 son <strong>profil fin et \u00e9lanc\u00e9<\/strong>, il d\u00e9veloppe une <strong>nage naturelle \u00e0 faible vitesse<\/strong>, avec une oscillation subtile du corps et un l\u00e9ger rolling, imitant \u00e0 la perfection un poisson fourrage en fuite.<\/p>\n<p>C\u2019est le swimbait \u00e0 sortir quand le brochet <strong>est le plus m\u00e9fiant<\/strong>, et que tout se joue dans le d\u00e9tail.<\/p>\n","protected":false},"featured_media":987510990,"comment_status":"open","ping_status":"closed","template":"","meta":{"_et_pb_use_builder":"","_et_pb_old_content":"","_et_gb_content_width":""},"product_brand":[],"product_cat":[86,139],"product_tag":[],"class_list":{"0":"post-987510987","1":"product","2":"type-product","3":"status-publish","4":"has-post-thumbnail","6":"product_cat-leurre-souple","7":"product_cat-swimbait","9":"first","10":"instock","11":"taxable","12":"shipping-taxable","13":"purchasable","14":"product-type-variable","15":"has-default-attributes"},"yoast_head":"<!-- This site is optimized with the Yoast SEO plugin v25.6 - https:\/\/yoast.com\/wordpress\/plugins\/seo\/ -->\n<title>FALCON SWIMBAIT 200 - JAWS<\/title>\n<meta name=\"robots\" content=\"index, follow, max-snippet:-1, max-image-preview:large, max-video-preview:-1\" \/>\n<link rel=\"canonical\" href=\"https:\/\/jaws-fishing.com\/index.php\/produit\/jawsy-soft-swimbait-200\/\" \/>\n<meta property=\"og:locale\" content=\"fr_FR\" \/>\n<meta property=\"og:type\" content=\"article\" \/>\n<meta property=\"og:title\" content=\"FALCON SWIMBAIT 200 - JAWS\" \/>\n<meta property=\"og:description\" content=\"FALCON SWIMBAIT 200 \u2013 Au plus proche du naturelLe FALCON SWIMBAIT 200 incarne l\u2019\u00e9quilibre parfait entre r\u00e9alisme, discr\u00e9tion et efficacit\u00e9. Ce swimbait souple a sangle est destin\u00e9 \u00e0 la p\u00eache des brochets m\u00e9fiants et \u00e9duqu\u00e9s, notamment en p\u00e9riode de forte pression ou d\u2019eaux claires.Gr\u00e2ce \u00e0 son profil fin et \u00e9lanc\u00e9, il d\u00e9veloppe une nage naturelle \u00e0 faible vitesse, avec une oscillation subtile du corps et un l\u00e9ger rolling, imitant \u00e0 la perfection un poisson fourrage en fuite.C\u2019est le swimbait \u00e0 sortir quand le brochet est le plus m\u00e9fiant, et que tout se joue dans le d\u00e9tail.\" \/>\n<meta property=\"og:url\" content=\"https:\/\/jaws-fishing.com\/index.php\/produit\/jawsy-soft-swimbait-200\/\" \/>\n<meta property=\"og:site_name\" content=\"JAWS\" \/>\n<meta property=\"article:modified_time\" content=\"2025-08-22T09:31:24+00:00\" \/>\n<meta property=\"og:image\" content=\"https:\/\/jaws-fishing.com\/wp-content\/uploads\/2024\/12\/IMG_0029-scaled.jpeg\" \/>\n\t<meta property=\"og:image:width\" content=\"1920\" \/>\n\t<meta property=\"og:image:height\" content=\"2560\" \/>\n\t<meta property=\"og:image:type\" content=\"image\/jpeg\" \/>\n<meta name=\"twitter:card\" content=\"summary_large_image\" \/>\n<script type=\"application\/ld+json\" class=\"yoast-schema-graph\">{\"@context\":\"https:\/\/schema.org\",\"@graph\":[{\"@type\":\"WebPage\",\"@id\":\"https:\/\/jaws-fishing.com\/index.php\/produit\/jawsy-soft-swimbait-200\/\",\"url\":\"https:\/\/jaws-fishing.com\/index.php\/produit\/jawsy-soft-swimbait-200\/\",\"name\":\"FALCON SWIMBAIT 200 - JAWS\",\"isPartOf\":{\"@id\":\"https:\/\/jaws-fishing.com\/#website\"},\"primaryImageOfPage\":{\"@id\":\"https:\/\/jaws-fishing.com\/index.php\/produit\/jawsy-soft-swimbait-200\/#primaryimage\"},\"image\":{\"@id\":\"https:\/\/jaws-fishing.com\/index.php\/produit\/jawsy-soft-swimbait-200\/#primaryimage\"},\"thumbnailUrl\":\"https:\/\/jaws-fishing.com\/wp-content\/uploads\/2024\/12\/IMG_0029-scaled.jpeg\",\"datePublished\":\"2024-12-09T14:29:57+00:00\",\"dateModified\":\"2025-08-22T09:31:24+00:00\",\"breadcrumb\":{\"@id\":\"https:\/\/jaws-fishing.com\/index.php\/produit\/jawsy-soft-swimbait-200\/#breadcrumb\"},\"inLanguage\":\"fr-FR\",\"potentialAction\":[{\"@type\":\"ReadAction\",\"target\":[\"https:\/\/jaws-fishing.com\/index.php\/produit\/jawsy-soft-swimbait-200\/\"]}]},{\"@type\":\"ImageObject\",\"inLanguage\":\"fr-FR\",\"@id\":\"https:\/\/jaws-fishing.com\/index.php\/produit\/jawsy-soft-swimbait-200\/#primaryimage\",\"url\":\"https:\/\/jaws-fishing.com\/wp-content\/uploads\/2024\/12\/IMG_0029-scaled.jpeg\",\"contentUrl\":\"https:\/\/jaws-fishing.com\/wp-content\/uploads\/2024\/12\/IMG_0029-scaled.jpeg\",\"width\":1920,\"height\":2560},{\"@type\":\"BreadcrumbList\",\"@id\":\"https:\/\/jaws-fishing.com\/index.php\/produit\/jawsy-soft-swimbait-200\/#breadcrumb\",\"itemListElement\":[{\"@type\":\"ListItem\",\"position\":1,\"name\":\"Accueil\",\"item\":\"https:\/\/jaws-fishing.com\/\"},{\"@type\":\"ListItem\",\"position\":2,\"name\":\"Boutique\",\"item\":\"https:\/\/jaws-fishing.com\/index.php\/boutique\/\"},{\"@type\":\"ListItem\",\"position\":3,\"name\":\"FALCON SWIMBAIT 200\"}]},{\"@type\":\"WebSite\",\"@id\":\"https:\/\/jaws-fishing.com\/#website\",\"url\":\"https:\/\/jaws-fishing.com\/\",\"name\":\"JAWS\",\"description\":\"HANDMADE FISHING LURES\",\"publisher\":{\"@id\":\"https:\/\/jaws-fishing.com\/#organization\"},\"potentialAction\":[{\"@type\":\"SearchAction\",\"target\":{\"@type\":\"EntryPoint\",\"urlTemplate\":\"https:\/\/jaws-fishing.com\/?s={search_term_string}\"},\"query-input\":{\"@type\":\"PropertyValueSpecification\",\"valueRequired\":true,\"valueName\":\"search_term_string\"}}],\"inLanguage\":\"fr-FR\"},{\"@type\":\"Organization\",\"@id\":\"https:\/\/jaws-fishing.com\/#organization\",\"name\":\"JAWS\",\"url\":\"https:\/\/jaws-fishing.com\/\",\"logo\":{\"@type\":\"ImageObject\",\"inLanguage\":\"fr-FR\",\"@id\":\"https:\/\/jaws-fishing.com\/#\/schema\/logo\/image\/\",\"url\":\"https:\/\/jaws-fishing.com\/wp-content\/uploads\/2020\/12\/web-agency-logo-3.png\",\"contentUrl\":\"https:\/\/jaws-fishing.com\/wp-content\/uploads\/2020\/12\/web-agency-logo-3.png\",\"width\":200,\"height\":200,\"caption\":\"JAWS\"},\"image\":{\"@id\":\"https:\/\/jaws-fishing.com\/#\/schema\/logo\/image\/\"}}]}<\/script>\n<!-- \/ Yoast SEO plugin. -->","yoast_head_json":{"title":"FALCON SWIMBAIT 200 - JAWS","robots":{"index":"index","follow":"follow","max-snippet":"max-snippet:-1","max-image-preview":"max-image-preview:large","max-video-preview":"max-video-preview:-1"},"canonical":"https:\/\/jaws-fishing.com\/index.php\/produit\/jawsy-soft-swimbait-200\/","og_locale":"fr_FR","og_type":"article","og_title":"FALCON SWIMBAIT 200 - JAWS","og_description":"FALCON SWIMBAIT 200 \u2013 Au plus proche du naturelLe FALCON SWIMBAIT 200 incarne l\u2019\u00e9quilibre parfait entre r\u00e9alisme, discr\u00e9tion et efficacit\u00e9. Ce swimbait souple a sangle est destin\u00e9 \u00e0 la p\u00eache des brochets m\u00e9fiants et \u00e9duqu\u00e9s, notamment en p\u00e9riode de forte pression ou d\u2019eaux claires.Gr\u00e2ce \u00e0 son profil fin et \u00e9lanc\u00e9, il d\u00e9veloppe une nage naturelle \u00e0 faible vitesse, avec une oscillation subtile du corps et un l\u00e9ger rolling, imitant \u00e0 la perfection un poisson fourrage en fuite.C\u2019est le swimbait \u00e0 sortir quand le brochet est le plus m\u00e9fiant, et que tout se joue dans le d\u00e9tail.","og_url":"https:\/\/jaws-fishing.com\/index.php\/produit\/jawsy-soft-swimbait-200\/","og_site_name":"JAWS","article_modified_time":"2025-08-22T09:31:24+00:00","og_image":[{"width":1920,"height":2560,"url":"https:\/\/jaws-fishing.com\/wp-content\/uploads\/2024\/12\/IMG_0029-scaled.jpeg","type":"image\/jpeg"}],"twitter_card":"summary_large_image","schema":{"@context":"https:\/\/schema.org","@graph":[{"@type":"WebPage","@id":"https:\/\/jaws-fishing.com\/index.php\/produit\/jawsy-soft-swimbait-200\/","url":"https:\/\/jaws-fishing.com\/index.php\/produit\/jawsy-soft-swimbait-200\/","name":"FALCON SWIMBAIT 200 - JAWS","isPartOf":{"@id":"https:\/\/jaws-fishing.com\/#website"},"primaryImageOfPage":{"@id":"https:\/\/jaws-fishing.com\/index.php\/produit\/jawsy-soft-swimbait-200\/#primaryimage"},"image":{"@id":"https:\/\/jaws-fishing.com\/index.php\/produit\/jawsy-soft-swimbait-200\/#primaryimage"},"thumbnailUrl":"https:\/\/jaws-fishing.com\/wp-content\/uploads\/2024\/12\/IMG_0029-scaled.jpeg","datePublished":"2024-12-09T14:29:57+00:00","dateModified":"2025-08-22T09:31:24+00:00","breadcrumb":{"@id":"https:\/\/jaws-fishing.com\/index.php\/produit\/jawsy-soft-swimbait-200\/#breadcrumb"},"inLanguage":"fr-FR","potentialAction":[{"@type":"ReadAction","target":["https:\/\/jaws-fishing.com\/index.php\/produit\/jawsy-soft-swimbait-200\/"]}]},{"@type":"ImageObject","inLanguage":"fr-FR","@id":"https:\/\/jaws-fishing.com\/index.php\/produit\/jawsy-soft-swimbait-200\/#primaryimage","url":"https:\/\/jaws-fishing.com\/wp-content\/uploads\/2024\/12\/IMG_0029-scaled.jpeg","contentUrl":"https:\/\/jaws-fishing.com\/wp-content\/uploads\/2024\/12\/IMG_0029-scaled.jpeg","width":1920,"height":2560},{"@type":"BreadcrumbList","@id":"https:\/\/jaws-fishing.com\/index.php\/produit\/jawsy-soft-swimbait-200\/#breadcrumb","itemListElement":[{"@type":"ListItem","position":1,"name":"Accueil","item":"https:\/\/jaws-fishing.com\/"},{"@type":"ListItem","position":2,"name":"Boutique","item":"https:\/\/jaws-fishing.com\/index.php\/boutique\/"},{"@type":"ListItem","position":3,"name":"FALCON SWIMBAIT 200"}]},{"@type":"WebSite","@id":"https:\/\/jaws-fishing.com\/#website","url":"https:\/\/jaws-fishing.com\/","name":"JAWS","description":"HANDMADE FISHING LURES","publisher":{"@id":"https:\/\/jaws-fishing.com\/#organization"},"potentialAction":[{"@type":"SearchAction","target":{"@type":"EntryPoint","urlTemplate":"https:\/\/jaws-fishing.com\/?s={search_term_string}"},"query-input":{"@type":"PropertyValueSpecification","valueRequired":true,"valueName":"search_term_string"}}],"inLanguage":"fr-FR"},{"@type":"Organization","@id":"https:\/\/jaws-fishing.com\/#organization","name":"JAWS","url":"https:\/\/jaws-fishing.com\/","logo":{"@type":"ImageObject","inLanguage":"fr-FR","@id":"https:\/\/jaws-fishing.com\/#\/schema\/logo\/image\/","url":"https:\/\/jaws-fishing.com\/wp-content\/uploads\/2020\/12\/web-agency-logo-3.png","contentUrl":"https:\/\/jaws-fishing.com\/wp-content\/uploads\/2020\/12\/web-agency-logo-3.png","width":200,"height":200,"caption":"JAWS"},"image":{"@id":"https:\/\/jaws-fishing.com\/#\/schema\/logo\/image\/"}}]}},"_links":{"self":[{"href":"https:\/\/jaws-fishing.com\/index.php\/wp-json\/wp\/v2\/product\/987510987","targetHints":{"allow":["GET"]}}],"collection":[{"href":"https:\/\/jaws-fishing.com\/index.php\/wp-json\/wp\/v2\/product"}],"about":[{"href":"https:\/\/jaws-fishing.com\/index.php\/wp-json\/wp\/v2\/types\/product"}],"replies":[{"embeddable":true,"href":"https:\/\/jaws-fishing.com\/index.php\/wp-json\/wp\/v2\/comments?post=987510987"}],"wp:featuredmedia":[{"embeddable":true,"href":"https:\/\/jaws-fishing.com\/index.php\/wp-json\/wp\/v2\/media\/987510990"}],"wp:attachment":[{"href":"https:\/\/jaws-fishing.com\/index.php\/wp-json\/wp\/v2\/media?parent=987510987"}],"wp:term":[{"taxonomy":"product_brand","embeddable":true,"href":"https:\/\/jaws-fishing.com\/index.php\/wp-json\/wp\/v2\/product_brand?post=987510987"},{"taxonomy":"product_cat","embeddable":true,"href":"https:\/\/jaws-fishing.com\/index.php\/wp-json\/wp\/v2\/product_cat?post=987510987"},{"taxonomy":"product_tag","embeddable":true,"href":"https:\/\/jaws-fishing.com\/index.php\/wp-json\/wp\/v2\/product_tag?post=987510987"}],"curies":[{"name":"wp","href":"https:\/\/api.w.org\/{rel}","templated":true}]}}