{"id":987511009,"date":"2024-12-09T16:04:44","date_gmt":"2024-12-09T15:04:44","guid":{"rendered":"https:\/\/jaws-fishing.com\/?post_type=product&#038;p=987511009"},"modified":"2025-08-13T16:31:28","modified_gmt":"2025-08-13T14:31:28","slug":"jaws-soft-swimbait-260","status":"publish","type":"product","link":"https:\/\/jaws-fishing.com\/index.php\/produit\/jaws-soft-swimbait-260\/","title":{"rendered":"FALCON SWIMBAIT 260"},"content":{"rendered":"<p><strong>Longueur<\/strong> : 260 mm<br \/><strong>Poids<\/strong> : \u2248 135 gr<br \/><strong>Type<\/strong> : Swimbait souple \u00e0 sangle big-bait<br \/><strong>Action<\/strong> : Nage fluide, naturelle <br \/><strong>Utilisation<\/strong> : Lin\u00e9aire ultra lent, cranking , sharpshooting<br \/><strong>Cibl\u00e9 pour<\/strong> : Brochets G\u00e9ants<br \/><strong>Conditions id\u00e9ales<\/strong> : Grand Soleil et Eaux claires<br \/><strong>Montage recommand\u00e9<\/strong> : Shallow rig ou t\u00eate plomb\u00e9e + stinger 3\/0<br \/><strong>Mat\u00e9riau<\/strong> : Plastique raide + Sangle renforc\u00e9e <br \/><strong>Flottabilit\u00e9<\/strong> : Neutre \/ l\u00e9g\u00e8rement coulante<\/p>\n","protected":false},"excerpt":{"rendered":"<p><strong>FALCON SWIMBAIT 260 \u2013 SWIMBAIT NATUREL pour Poissons S\u00e9lectifs<\/strong><\/p>\n<p>Le <strong>FALCON SWIMBAIT 260<\/strong> est la version allong\u00e9e et renforc\u00e9e du Falcon 200, pens\u00e9e pour <strong>cibler les brochets de grande taille<\/strong> dans des milieux ouverts et profonds.<\/p>\n<p>Avec ses <strong>26 cm pour environ 135<\/strong> <strong>gr<\/strong>, il combine <strong>pr\u00e9sence visuelle forte et finesse d\u2019action<\/strong>. Sa nage est toujours aussi naturelle, mais <strong>plus ample et plus lente<\/strong>, parfaite pour les conditions froides, les grands lacs ou les p\u00e9riodes de faible activit\u00e9.<\/p>\n<p>Le Falcon 260, c\u2019est <strong>le swimbait de pr\u00e9cision pour poissons les plus d\u00e9licats<\/strong>. Le choix de ceux qui savent que le bon lancer peut tout changer.<\/p>\n","protected":false},"featured_media":987511327,"comment_status":"open","ping_status":"closed","template":"","meta":{"_et_pb_use_builder":"","_et_pb_old_content":"","_et_gb_content_width":""},"product_brand":[],"product_cat":[86,139],"product_tag":[],"class_list":{"0":"post-987511009","1":"product","2":"type-product","3":"status-publish","4":"has-post-thumbnail","6":"product_cat-leurre-souple","7":"product_cat-swimbait","9":"first","10":"instock","11":"featured","12":"taxable","13":"shipping-taxable","14":"purchasable","15":"product-type-variable","16":"has-default-attributes"},"yoast_head":"<!-- This site is optimized with the Yoast SEO plugin v25.6 - https:\/\/yoast.com\/wordpress\/plugins\/seo\/ -->\n<title>FALCON SWIMBAIT 260 - JAWS<\/title>\n<meta name=\"robots\" content=\"index, follow, max-snippet:-1, max-image-preview:large, max-video-preview:-1\" \/>\n<link rel=\"canonical\" href=\"https:\/\/jaws-fishing.com\/index.php\/produit\/jaws-soft-swimbait-260\/\" \/>\n<meta property=\"og:locale\" content=\"fr_FR\" \/>\n<meta property=\"og:type\" content=\"article\" \/>\n<meta property=\"og:title\" content=\"FALCON SWIMBAIT 260 - JAWS\" \/>\n<meta property=\"og:description\" content=\"FALCON SWIMBAIT 260 \u2013 SWIMBAIT NATUREL pour Poissons S\u00e9lectifsLe FALCON SWIMBAIT 260 est la version allong\u00e9e et renforc\u00e9e du Falcon 200, pens\u00e9e pour cibler les brochets de grande taille dans des milieux ouverts et profonds.Avec ses 26 cm pour environ 135 gr, il combine pr\u00e9sence visuelle forte et finesse d\u2019action. Sa nage est toujours aussi naturelle, mais plus ample et plus lente, parfaite pour les conditions froides, les grands lacs ou les p\u00e9riodes de faible activit\u00e9.Le Falcon 260, c\u2019est le swimbait de pr\u00e9cision pour poissons les plus d\u00e9licats. Le choix de ceux qui savent que le bon lancer peut tout changer.\" \/>\n<meta property=\"og:url\" content=\"https:\/\/jaws-fishing.com\/index.php\/produit\/jaws-soft-swimbait-260\/\" \/>\n<meta property=\"og:site_name\" content=\"JAWS\" \/>\n<meta property=\"article:modified_time\" content=\"2025-08-13T14:31:28+00:00\" \/>\n<meta property=\"og:image\" content=\"https:\/\/jaws-fishing.com\/wp-content\/uploads\/2025\/06\/swim-26-perso.jpeg\" \/>\n\t<meta property=\"og:image:width\" content=\"1536\" \/>\n\t<meta property=\"og:image:height\" content=\"2048\" \/>\n\t<meta property=\"og:image:type\" content=\"image\/jpeg\" \/>\n<meta name=\"twitter:card\" content=\"summary_large_image\" \/>\n<script type=\"application\/ld+json\" class=\"yoast-schema-graph\">{\"@context\":\"https:\/\/schema.org\",\"@graph\":[{\"@type\":\"WebPage\",\"@id\":\"https:\/\/jaws-fishing.com\/index.php\/produit\/jaws-soft-swimbait-260\/\",\"url\":\"https:\/\/jaws-fishing.com\/index.php\/produit\/jaws-soft-swimbait-260\/\",\"name\":\"FALCON SWIMBAIT 260 - JAWS\",\"isPartOf\":{\"@id\":\"https:\/\/jaws-fishing.com\/#website\"},\"primaryImageOfPage\":{\"@id\":\"https:\/\/jaws-fishing.com\/index.php\/produit\/jaws-soft-swimbait-260\/#primaryimage\"},\"image\":{\"@id\":\"https:\/\/jaws-fishing.com\/index.php\/produit\/jaws-soft-swimbait-260\/#primaryimage\"},\"thumbnailUrl\":\"https:\/\/jaws-fishing.com\/wp-content\/uploads\/2025\/06\/swim-26-perso.jpeg\",\"datePublished\":\"2024-12-09T15:04:44+00:00\",\"dateModified\":\"2025-08-13T14:31:28+00:00\",\"breadcrumb\":{\"@id\":\"https:\/\/jaws-fishing.com\/index.php\/produit\/jaws-soft-swimbait-260\/#breadcrumb\"},\"inLanguage\":\"fr-FR\",\"potentialAction\":[{\"@type\":\"ReadAction\",\"target\":[\"https:\/\/jaws-fishing.com\/index.php\/produit\/jaws-soft-swimbait-260\/\"]}]},{\"@type\":\"ImageObject\",\"inLanguage\":\"fr-FR\",\"@id\":\"https:\/\/jaws-fishing.com\/index.php\/produit\/jaws-soft-swimbait-260\/#primaryimage\",\"url\":\"https:\/\/jaws-fishing.com\/wp-content\/uploads\/2025\/06\/swim-26-perso.jpeg\",\"contentUrl\":\"https:\/\/jaws-fishing.com\/wp-content\/uploads\/2025\/06\/swim-26-perso.jpeg\",\"width\":1536,\"height\":2048},{\"@type\":\"BreadcrumbList\",\"@id\":\"https:\/\/jaws-fishing.com\/index.php\/produit\/jaws-soft-swimbait-260\/#breadcrumb\",\"itemListElement\":[{\"@type\":\"ListItem\",\"position\":1,\"name\":\"Accueil\",\"item\":\"https:\/\/jaws-fishing.com\/\"},{\"@type\":\"ListItem\",\"position\":2,\"name\":\"Boutique\",\"item\":\"https:\/\/jaws-fishing.com\/index.php\/boutique\/\"},{\"@type\":\"ListItem\",\"position\":3,\"name\":\"FALCON SWIMBAIT 260\"}]},{\"@type\":\"WebSite\",\"@id\":\"https:\/\/jaws-fishing.com\/#website\",\"url\":\"https:\/\/jaws-fishing.com\/\",\"name\":\"JAWS\",\"description\":\"HANDMADE FISHING LURES\",\"publisher\":{\"@id\":\"https:\/\/jaws-fishing.com\/#organization\"},\"potentialAction\":[{\"@type\":\"SearchAction\",\"target\":{\"@type\":\"EntryPoint\",\"urlTemplate\":\"https:\/\/jaws-fishing.com\/?s={search_term_string}\"},\"query-input\":{\"@type\":\"PropertyValueSpecification\",\"valueRequired\":true,\"valueName\":\"search_term_string\"}}],\"inLanguage\":\"fr-FR\"},{\"@type\":\"Organization\",\"@id\":\"https:\/\/jaws-fishing.com\/#organization\",\"name\":\"JAWS\",\"url\":\"https:\/\/jaws-fishing.com\/\",\"logo\":{\"@type\":\"ImageObject\",\"inLanguage\":\"fr-FR\",\"@id\":\"https:\/\/jaws-fishing.com\/#\/schema\/logo\/image\/\",\"url\":\"https:\/\/jaws-fishing.com\/wp-content\/uploads\/2020\/12\/web-agency-logo-3.png\",\"contentUrl\":\"https:\/\/jaws-fishing.com\/wp-content\/uploads\/2020\/12\/web-agency-logo-3.png\",\"width\":200,\"height\":200,\"caption\":\"JAWS\"},\"image\":{\"@id\":\"https:\/\/jaws-fishing.com\/#\/schema\/logo\/image\/\"}}]}<\/script>\n<!-- \/ Yoast SEO plugin. -->","yoast_head_json":{"title":"FALCON SWIMBAIT 260 - JAWS","robots":{"index":"index","follow":"follow","max-snippet":"max-snippet:-1","max-image-preview":"max-image-preview:large","max-video-preview":"max-video-preview:-1"},"canonical":"https:\/\/jaws-fishing.com\/index.php\/produit\/jaws-soft-swimbait-260\/","og_locale":"fr_FR","og_type":"article","og_title":"FALCON SWIMBAIT 260 - JAWS","og_description":"FALCON SWIMBAIT 260 \u2013 SWIMBAIT NATUREL pour Poissons S\u00e9lectifsLe FALCON SWIMBAIT 260 est la version allong\u00e9e et renforc\u00e9e du Falcon 200, pens\u00e9e pour cibler les brochets de grande taille dans des milieux ouverts et profonds.Avec ses 26 cm pour environ 135 gr, il combine pr\u00e9sence visuelle forte et finesse d\u2019action. Sa nage est toujours aussi naturelle, mais plus ample et plus lente, parfaite pour les conditions froides, les grands lacs ou les p\u00e9riodes de faible activit\u00e9.Le Falcon 260, c\u2019est le swimbait de pr\u00e9cision pour poissons les plus d\u00e9licats. Le choix de ceux qui savent que le bon lancer peut tout changer.","og_url":"https:\/\/jaws-fishing.com\/index.php\/produit\/jaws-soft-swimbait-260\/","og_site_name":"JAWS","article_modified_time":"2025-08-13T14:31:28+00:00","og_image":[{"width":1536,"height":2048,"url":"https:\/\/jaws-fishing.com\/wp-content\/uploads\/2025\/06\/swim-26-perso.jpeg","type":"image\/jpeg"}],"twitter_card":"summary_large_image","schema":{"@context":"https:\/\/schema.org","@graph":[{"@type":"WebPage","@id":"https:\/\/jaws-fishing.com\/index.php\/produit\/jaws-soft-swimbait-260\/","url":"https:\/\/jaws-fishing.com\/index.php\/produit\/jaws-soft-swimbait-260\/","name":"FALCON SWIMBAIT 260 - JAWS","isPartOf":{"@id":"https:\/\/jaws-fishing.com\/#website"},"primaryImageOfPage":{"@id":"https:\/\/jaws-fishing.com\/index.php\/produit\/jaws-soft-swimbait-260\/#primaryimage"},"image":{"@id":"https:\/\/jaws-fishing.com\/index.php\/produit\/jaws-soft-swimbait-260\/#primaryimage"},"thumbnailUrl":"https:\/\/jaws-fishing.com\/wp-content\/uploads\/2025\/06\/swim-26-perso.jpeg","datePublished":"2024-12-09T15:04:44+00:00","dateModified":"2025-08-13T14:31:28+00:00","breadcrumb":{"@id":"https:\/\/jaws-fishing.com\/index.php\/produit\/jaws-soft-swimbait-260\/#breadcrumb"},"inLanguage":"fr-FR","potentialAction":[{"@type":"ReadAction","target":["https:\/\/jaws-fishing.com\/index.php\/produit\/jaws-soft-swimbait-260\/"]}]},{"@type":"ImageObject","inLanguage":"fr-FR","@id":"https:\/\/jaws-fishing.com\/index.php\/produit\/jaws-soft-swimbait-260\/#primaryimage","url":"https:\/\/jaws-fishing.com\/wp-content\/uploads\/2025\/06\/swim-26-perso.jpeg","contentUrl":"https:\/\/jaws-fishing.com\/wp-content\/uploads\/2025\/06\/swim-26-perso.jpeg","width":1536,"height":2048},{"@type":"BreadcrumbList","@id":"https:\/\/jaws-fishing.com\/index.php\/produit\/jaws-soft-swimbait-260\/#breadcrumb","itemListElement":[{"@type":"ListItem","position":1,"name":"Accueil","item":"https:\/\/jaws-fishing.com\/"},{"@type":"ListItem","position":2,"name":"Boutique","item":"https:\/\/jaws-fishing.com\/index.php\/boutique\/"},{"@type":"ListItem","position":3,"name":"FALCON SWIMBAIT 260"}]},{"@type":"WebSite","@id":"https:\/\/jaws-fishing.com\/#website","url":"https:\/\/jaws-fishing.com\/","name":"JAWS","description":"HANDMADE FISHING LURES","publisher":{"@id":"https:\/\/jaws-fishing.com\/#organization"},"potentialAction":[{"@type":"SearchAction","target":{"@type":"EntryPoint","urlTemplate":"https:\/\/jaws-fishing.com\/?s={search_term_string}"},"query-input":{"@type":"PropertyValueSpecification","valueRequired":true,"valueName":"search_term_string"}}],"inLanguage":"fr-FR"},{"@type":"Organization","@id":"https:\/\/jaws-fishing.com\/#organization","name":"JAWS","url":"https:\/\/jaws-fishing.com\/","logo":{"@type":"ImageObject","inLanguage":"fr-FR","@id":"https:\/\/jaws-fishing.com\/#\/schema\/logo\/image\/","url":"https:\/\/jaws-fishing.com\/wp-content\/uploads\/2020\/12\/web-agency-logo-3.png","contentUrl":"https:\/\/jaws-fishing.com\/wp-content\/uploads\/2020\/12\/web-agency-logo-3.png","width":200,"height":200,"caption":"JAWS"},"image":{"@id":"https:\/\/jaws-fishing.com\/#\/schema\/logo\/image\/"}}]}},"_links":{"self":[{"href":"https:\/\/jaws-fishing.com\/index.php\/wp-json\/wp\/v2\/product\/987511009","targetHints":{"allow":["GET"]}}],"collection":[{"href":"https:\/\/jaws-fishing.com\/index.php\/wp-json\/wp\/v2\/product"}],"about":[{"href":"https:\/\/jaws-fishing.com\/index.php\/wp-json\/wp\/v2\/types\/product"}],"replies":[{"embeddable":true,"href":"https:\/\/jaws-fishing.com\/index.php\/wp-json\/wp\/v2\/comments?post=987511009"}],"wp:featuredmedia":[{"embeddable":true,"href":"https:\/\/jaws-fishing.com\/index.php\/wp-json\/wp\/v2\/media\/987511327"}],"wp:attachment":[{"href":"https:\/\/jaws-fishing.com\/index.php\/wp-json\/wp\/v2\/media?parent=987511009"}],"wp:term":[{"taxonomy":"product_brand","embeddable":true,"href":"https:\/\/jaws-fishing.com\/index.php\/wp-json\/wp\/v2\/product_brand?post=987511009"},{"taxonomy":"product_cat","embeddable":true,"href":"https:\/\/jaws-fishing.com\/index.php\/wp-json\/wp\/v2\/product_cat?post=987511009"},{"taxonomy":"product_tag","embeddable":true,"href":"https:\/\/jaws-fishing.com\/index.php\/wp-json\/wp\/v2\/product_tag?post=987511009"}],"curies":[{"name":"wp","href":"https:\/\/api.w.org\/{rel}","templated":true}]}}