{"id":987511033,"date":"2025-03-24T19:29:14","date_gmt":"2025-03-24T18:29:14","guid":{"rendered":"https:\/\/jaws-fishing.com\/?post_type=product&#038;p=987511033"},"modified":"2025-03-24T19:30:18","modified_gmt":"2025-03-24T18:30:18","slug":"tee-shirt-jaws-syndicate","status":"publish","type":"product","link":"https:\/\/jaws-fishing.com\/index.php\/produit\/tee-shirt-jaws-syndicate\/","title":{"rendered":"TEE-SHIRT JAWS SYNDICATE"},"content":{"rendered":"<p>Fabriqu\u00e9 en <strong>100% coton premium<\/strong> avec un grammage exceptionnel de <strong>280 GSM<\/strong>, ce tee-shirt offre une qualit\u00e9 et une durabilit\u00e9 qui surpassent la moyenne. Doux, r\u00e9sistant, et ultra-confortable, il est parfait pour affronter de longues journ\u00e9es sur l\u2019eau ou pour afficher ton style en ville.<\/p>\n<p>Que tu sois au bord d\u2019un lac alpin ou dans les rues, le \u201cJAWS SYNDICATE\u201d affirme ton appartenance \u00e0 une communaut\u00e9 de passionn\u00e9s. <\/p>\n<p><strong>Caract\u00e9ristiques :<\/strong><br \/>Mati\u00e8re : 100% coton ultra-qualitatif.<br \/>Grammage : 280 GSM pour un toucher et une durabilit\u00e9 haut de gamme.<br \/>Coupe : Moderne et confortable, assez ample.<br \/>Design : Impression haute qualit\u00e9 mettant en sc\u00e8ne deux p\u00eacheurs sur un bateau.<\/p>\n<p><strong>Porte fi\u00e8rement le logo JAWS FISHING et fais partie du syndicat des vrais p\u00eacheurs.<\/strong> <\/p>\n","protected":false},"excerpt":{"rendered":"<p>Rejoins l\u2019\u00e9lite avec le tee-shirt <strong>\u201cJAWS SYNDICATE\u201d<\/strong>. <\/p>\n<p>Inspir\u00e9 par l\u2019esprit de camaraderie et la passion de la p\u00eache, ce mod\u00e8le met en sc\u00e8ne deux p\u00eacheurs debout sur un bass-boat, un instant suspendu entre strat\u00e9gie et aventure dans un style Street-wear assum\u00e9.<\/p>\n","protected":false},"featured_media":987511034,"comment_status":"open","ping_status":"closed","template":"","meta":{"_et_pb_use_builder":"","_et_pb_old_content":"","_et_gb_content_width":""},"product_brand":[],"product_cat":[91,151],"product_tag":[],"class_list":{"0":"post-987511033","1":"product","2":"type-product","3":"status-publish","4":"has-post-thumbnail","6":"product_cat-vetements","7":"product_cat-tee-shirt","9":"first","10":"instock","11":"taxable","12":"shipping-taxable","13":"purchasable","14":"product-type-variable","15":"has-default-attributes"},"yoast_head":"<!-- This site is optimized with the Yoast SEO plugin v25.6 - https:\/\/yoast.com\/wordpress\/plugins\/seo\/ -->\n<title>TEE-SHIRT JAWS SYNDICATE - JAWS<\/title>\n<meta name=\"robots\" content=\"index, follow, max-snippet:-1, max-image-preview:large, max-video-preview:-1\" \/>\n<link rel=\"canonical\" href=\"https:\/\/jaws-fishing.com\/index.php\/produit\/tee-shirt-jaws-syndicate\/\" \/>\n<meta property=\"og:locale\" content=\"fr_FR\" \/>\n<meta property=\"og:type\" content=\"article\" \/>\n<meta property=\"og:title\" content=\"TEE-SHIRT JAWS SYNDICATE - JAWS\" \/>\n<meta property=\"og:description\" content=\"Rejoins l\u2019\u00e9lite avec le tee-shirt \u201cJAWS SYNDICATE\u201d. Inspir\u00e9 par l\u2019esprit de camaraderie et la passion de la p\u00eache, ce mod\u00e8le met en sc\u00e8ne deux p\u00eacheurs debout sur un bass-boat, un instant suspendu entre strat\u00e9gie et aventure dans un style Street-wear assum\u00e9.\" \/>\n<meta property=\"og:url\" content=\"https:\/\/jaws-fishing.com\/index.php\/produit\/tee-shirt-jaws-syndicate\/\" \/>\n<meta property=\"og:site_name\" content=\"JAWS\" \/>\n<meta property=\"article:modified_time\" content=\"2025-03-24T18:30:18+00:00\" \/>\n<meta property=\"og:image\" content=\"https:\/\/jaws-fishing.com\/wp-content\/uploads\/2024\/12\/ARRIERE-MOCKUP-BLANC.png\" \/>\n\t<meta property=\"og:image:width\" content=\"758\" \/>\n\t<meta property=\"og:image:height\" content=\"731\" \/>\n\t<meta property=\"og:image:type\" content=\"image\/png\" \/>\n<meta name=\"twitter:card\" content=\"summary_large_image\" \/>\n<meta name=\"twitter:label1\" content=\"Dur\u00e9e de lecture estim\u00e9e\" \/>\n\t<meta name=\"twitter:data1\" content=\"1 minute\" \/>\n<script type=\"application\/ld+json\" class=\"yoast-schema-graph\">{\"@context\":\"https:\/\/schema.org\",\"@graph\":[{\"@type\":\"WebPage\",\"@id\":\"https:\/\/jaws-fishing.com\/index.php\/produit\/tee-shirt-jaws-syndicate\/\",\"url\":\"https:\/\/jaws-fishing.com\/index.php\/produit\/tee-shirt-jaws-syndicate\/\",\"name\":\"TEE-SHIRT JAWS SYNDICATE - JAWS\",\"isPartOf\":{\"@id\":\"https:\/\/jaws-fishing.com\/#website\"},\"primaryImageOfPage\":{\"@id\":\"https:\/\/jaws-fishing.com\/index.php\/produit\/tee-shirt-jaws-syndicate\/#primaryimage\"},\"image\":{\"@id\":\"https:\/\/jaws-fishing.com\/index.php\/produit\/tee-shirt-jaws-syndicate\/#primaryimage\"},\"thumbnailUrl\":\"https:\/\/jaws-fishing.com\/wp-content\/uploads\/2024\/12\/ARRIERE-MOCKUP-BLANC.png\",\"datePublished\":\"2025-03-24T18:29:14+00:00\",\"dateModified\":\"2025-03-24T18:30:18+00:00\",\"breadcrumb\":{\"@id\":\"https:\/\/jaws-fishing.com\/index.php\/produit\/tee-shirt-jaws-syndicate\/#breadcrumb\"},\"inLanguage\":\"fr-FR\",\"potentialAction\":[{\"@type\":\"ReadAction\",\"target\":[\"https:\/\/jaws-fishing.com\/index.php\/produit\/tee-shirt-jaws-syndicate\/\"]}]},{\"@type\":\"ImageObject\",\"inLanguage\":\"fr-FR\",\"@id\":\"https:\/\/jaws-fishing.com\/index.php\/produit\/tee-shirt-jaws-syndicate\/#primaryimage\",\"url\":\"https:\/\/jaws-fishing.com\/wp-content\/uploads\/2024\/12\/ARRIERE-MOCKUP-BLANC.png\",\"contentUrl\":\"https:\/\/jaws-fishing.com\/wp-content\/uploads\/2024\/12\/ARRIERE-MOCKUP-BLANC.png\",\"width\":758,\"height\":731,\"caption\":\"T SHIRT POUR LA PECHE ET POUR LA VILLE JAWS SYNDICATE\"},{\"@type\":\"BreadcrumbList\",\"@id\":\"https:\/\/jaws-fishing.com\/index.php\/produit\/tee-shirt-jaws-syndicate\/#breadcrumb\",\"itemListElement\":[{\"@type\":\"ListItem\",\"position\":1,\"name\":\"Accueil\",\"item\":\"https:\/\/jaws-fishing.com\/\"},{\"@type\":\"ListItem\",\"position\":2,\"name\":\"Boutique\",\"item\":\"https:\/\/jaws-fishing.com\/index.php\/boutique\/\"},{\"@type\":\"ListItem\",\"position\":3,\"name\":\"TEE-SHIRT JAWS SYNDICATE\"}]},{\"@type\":\"WebSite\",\"@id\":\"https:\/\/jaws-fishing.com\/#website\",\"url\":\"https:\/\/jaws-fishing.com\/\",\"name\":\"JAWS\",\"description\":\"HANDMADE FISHING LURES\",\"publisher\":{\"@id\":\"https:\/\/jaws-fishing.com\/#organization\"},\"potentialAction\":[{\"@type\":\"SearchAction\",\"target\":{\"@type\":\"EntryPoint\",\"urlTemplate\":\"https:\/\/jaws-fishing.com\/?s={search_term_string}\"},\"query-input\":{\"@type\":\"PropertyValueSpecification\",\"valueRequired\":true,\"valueName\":\"search_term_string\"}}],\"inLanguage\":\"fr-FR\"},{\"@type\":\"Organization\",\"@id\":\"https:\/\/jaws-fishing.com\/#organization\",\"name\":\"JAWS\",\"url\":\"https:\/\/jaws-fishing.com\/\",\"logo\":{\"@type\":\"ImageObject\",\"inLanguage\":\"fr-FR\",\"@id\":\"https:\/\/jaws-fishing.com\/#\/schema\/logo\/image\/\",\"url\":\"https:\/\/jaws-fishing.com\/wp-content\/uploads\/2020\/12\/web-agency-logo-3.png\",\"contentUrl\":\"https:\/\/jaws-fishing.com\/wp-content\/uploads\/2020\/12\/web-agency-logo-3.png\",\"width\":200,\"height\":200,\"caption\":\"JAWS\"},\"image\":{\"@id\":\"https:\/\/jaws-fishing.com\/#\/schema\/logo\/image\/\"}}]}<\/script>\n<!-- \/ Yoast SEO plugin. -->","yoast_head_json":{"title":"TEE-SHIRT JAWS SYNDICATE - JAWS","robots":{"index":"index","follow":"follow","max-snippet":"max-snippet:-1","max-image-preview":"max-image-preview:large","max-video-preview":"max-video-preview:-1"},"canonical":"https:\/\/jaws-fishing.com\/index.php\/produit\/tee-shirt-jaws-syndicate\/","og_locale":"fr_FR","og_type":"article","og_title":"TEE-SHIRT JAWS SYNDICATE - JAWS","og_description":"Rejoins l\u2019\u00e9lite avec le tee-shirt \u201cJAWS SYNDICATE\u201d. Inspir\u00e9 par l\u2019esprit de camaraderie et la passion de la p\u00eache, ce mod\u00e8le met en sc\u00e8ne deux p\u00eacheurs debout sur un bass-boat, un instant suspendu entre strat\u00e9gie et aventure dans un style Street-wear assum\u00e9.","og_url":"https:\/\/jaws-fishing.com\/index.php\/produit\/tee-shirt-jaws-syndicate\/","og_site_name":"JAWS","article_modified_time":"2025-03-24T18:30:18+00:00","og_image":[{"width":758,"height":731,"url":"https:\/\/jaws-fishing.com\/wp-content\/uploads\/2024\/12\/ARRIERE-MOCKUP-BLANC.png","type":"image\/png"}],"twitter_card":"summary_large_image","twitter_misc":{"Dur\u00e9e de lecture estim\u00e9e":"1 minute"},"schema":{"@context":"https:\/\/schema.org","@graph":[{"@type":"WebPage","@id":"https:\/\/jaws-fishing.com\/index.php\/produit\/tee-shirt-jaws-syndicate\/","url":"https:\/\/jaws-fishing.com\/index.php\/produit\/tee-shirt-jaws-syndicate\/","name":"TEE-SHIRT JAWS SYNDICATE - JAWS","isPartOf":{"@id":"https:\/\/jaws-fishing.com\/#website"},"primaryImageOfPage":{"@id":"https:\/\/jaws-fishing.com\/index.php\/produit\/tee-shirt-jaws-syndicate\/#primaryimage"},"image":{"@id":"https:\/\/jaws-fishing.com\/index.php\/produit\/tee-shirt-jaws-syndicate\/#primaryimage"},"thumbnailUrl":"https:\/\/jaws-fishing.com\/wp-content\/uploads\/2024\/12\/ARRIERE-MOCKUP-BLANC.png","datePublished":"2025-03-24T18:29:14+00:00","dateModified":"2025-03-24T18:30:18+00:00","breadcrumb":{"@id":"https:\/\/jaws-fishing.com\/index.php\/produit\/tee-shirt-jaws-syndicate\/#breadcrumb"},"inLanguage":"fr-FR","potentialAction":[{"@type":"ReadAction","target":["https:\/\/jaws-fishing.com\/index.php\/produit\/tee-shirt-jaws-syndicate\/"]}]},{"@type":"ImageObject","inLanguage":"fr-FR","@id":"https:\/\/jaws-fishing.com\/index.php\/produit\/tee-shirt-jaws-syndicate\/#primaryimage","url":"https:\/\/jaws-fishing.com\/wp-content\/uploads\/2024\/12\/ARRIERE-MOCKUP-BLANC.png","contentUrl":"https:\/\/jaws-fishing.com\/wp-content\/uploads\/2024\/12\/ARRIERE-MOCKUP-BLANC.png","width":758,"height":731,"caption":"T SHIRT POUR LA PECHE ET POUR LA VILLE JAWS SYNDICATE"},{"@type":"BreadcrumbList","@id":"https:\/\/jaws-fishing.com\/index.php\/produit\/tee-shirt-jaws-syndicate\/#breadcrumb","itemListElement":[{"@type":"ListItem","position":1,"name":"Accueil","item":"https:\/\/jaws-fishing.com\/"},{"@type":"ListItem","position":2,"name":"Boutique","item":"https:\/\/jaws-fishing.com\/index.php\/boutique\/"},{"@type":"ListItem","position":3,"name":"TEE-SHIRT JAWS SYNDICATE"}]},{"@type":"WebSite","@id":"https:\/\/jaws-fishing.com\/#website","url":"https:\/\/jaws-fishing.com\/","name":"JAWS","description":"HANDMADE FISHING LURES","publisher":{"@id":"https:\/\/jaws-fishing.com\/#organization"},"potentialAction":[{"@type":"SearchAction","target":{"@type":"EntryPoint","urlTemplate":"https:\/\/jaws-fishing.com\/?s={search_term_string}"},"query-input":{"@type":"PropertyValueSpecification","valueRequired":true,"valueName":"search_term_string"}}],"inLanguage":"fr-FR"},{"@type":"Organization","@id":"https:\/\/jaws-fishing.com\/#organization","name":"JAWS","url":"https:\/\/jaws-fishing.com\/","logo":{"@type":"ImageObject","inLanguage":"fr-FR","@id":"https:\/\/jaws-fishing.com\/#\/schema\/logo\/image\/","url":"https:\/\/jaws-fishing.com\/wp-content\/uploads\/2020\/12\/web-agency-logo-3.png","contentUrl":"https:\/\/jaws-fishing.com\/wp-content\/uploads\/2020\/12\/web-agency-logo-3.png","width":200,"height":200,"caption":"JAWS"},"image":{"@id":"https:\/\/jaws-fishing.com\/#\/schema\/logo\/image\/"}}]}},"_links":{"self":[{"href":"https:\/\/jaws-fishing.com\/index.php\/wp-json\/wp\/v2\/product\/987511033","targetHints":{"allow":["GET"]}}],"collection":[{"href":"https:\/\/jaws-fishing.com\/index.php\/wp-json\/wp\/v2\/product"}],"about":[{"href":"https:\/\/jaws-fishing.com\/index.php\/wp-json\/wp\/v2\/types\/product"}],"replies":[{"embeddable":true,"href":"https:\/\/jaws-fishing.com\/index.php\/wp-json\/wp\/v2\/comments?post=987511033"}],"wp:featuredmedia":[{"embeddable":true,"href":"https:\/\/jaws-fishing.com\/index.php\/wp-json\/wp\/v2\/media\/987511034"}],"wp:attachment":[{"href":"https:\/\/jaws-fishing.com\/index.php\/wp-json\/wp\/v2\/media?parent=987511033"}],"wp:term":[{"taxonomy":"product_brand","embeddable":true,"href":"https:\/\/jaws-fishing.com\/index.php\/wp-json\/wp\/v2\/product_brand?post=987511033"},{"taxonomy":"product_cat","embeddable":true,"href":"https:\/\/jaws-fishing.com\/index.php\/wp-json\/wp\/v2\/product_cat?post=987511033"},{"taxonomy":"product_tag","embeddable":true,"href":"https:\/\/jaws-fishing.com\/index.php\/wp-json\/wp\/v2\/product_tag?post=987511033"}],"curies":[{"name":"wp","href":"https:\/\/api.w.org\/{rel}","templated":true}]}}