{"id":987511061,"date":"2025-03-24T19:29:13","date_gmt":"2025-03-24T18:29:13","guid":{"rendered":"https:\/\/jaws-fishing.com\/?post_type=product&#038;p=987511061"},"modified":"2025-03-24T19:30:18","modified_gmt":"2025-03-24T18:30:18","slug":"tee-shirt-jaws-shad","status":"publish","type":"product","link":"https:\/\/jaws-fishing.com\/index.php\/produit\/tee-shirt-jaws-shad\/","title":{"rendered":"TEE-SHIRT JAWS SHAD"},"content":{"rendered":"<p>Positionn\u00e9 en <strong>grand format au centre du tee-shirt<\/strong>, ce logo c\u00e9l\u00e8bre l\u2019ADN de JAWS : l\u2019innovation, la qualit\u00e9 artisanale, et la qu\u00eate de troph\u00e9es. <\/p>\n<p>Fabriqu\u00e9 en <strong>100% coton premium<\/strong> avec un grammage de <strong>280 GSM<\/strong>, ce mod\u00e8le est aussi robuste que styl\u00e9.<\/p>\n<p>Le tee <strong>\u201cJAWS SHAD\u201d<\/strong> est bien plus qu\u2019un v\u00eatement : c\u2019est une d\u00e9claration. Porte-le pour afficher fi\u00e8rement ta passion et ton appartenance \u00e0 l\u2019univers des vrais ponceurs de brochets.<\/p>\n<p><strong>Caract\u00e9ristiques :<\/strong><br \/>Mati\u00e8re : 100% coton ultra-qualitatif.<br \/>Grammage : 280 GSM, pour une tenue impeccable et une durabilit\u00e9 sup\u00e9rieure.<br \/>Coupe : Moderne et d\u00e9contract\u00e9e, adapt\u00e9e \u00e0 tous les environnements.<br \/>Design : Gros logo JAWS au centre, inspir\u00e9 des contours du leurre JAWS Shad.<\/p>\n<p><strong>Montre qui tu es. Joue dans la cour des grands. Rejoins la famille JAWS.<\/strong><\/p>\n","protected":false},"excerpt":{"rendered":"<p>Affirme ton style avec le tee-shirt <strong>\u201cJAWS SHAD\u201d<\/strong>, une pi\u00e8ce o\u00f9 la cr\u00e9ativit\u00e9 rencontre la passion. Ce design audacieux met en avant un logo JAWS unique, inspir\u00e9 des contours embl\u00e9matiques du <strong>JAWS Shad<\/strong>. Les lettres s\u2019int\u00e8grent harmonieusement \u00e0 la silhouette du leurre, cr\u00e9ant un effet graphique percutant et r\u00e9solument streetwear.<\/p>\n","protected":false},"featured_media":987511062,"comment_status":"open","ping_status":"closed","template":"","meta":{"_et_pb_use_builder":"","_et_pb_old_content":"","_et_gb_content_width":""},"product_brand":[],"product_cat":[91,151],"product_tag":[],"class_list":{"0":"post-987511061","1":"product","2":"type-product","3":"status-publish","4":"has-post-thumbnail","6":"product_cat-vetements","7":"product_cat-tee-shirt","9":"first","10":"instock","11":"shipping-taxable","12":"purchasable","13":"product-type-variable","14":"has-default-attributes"},"yoast_head":"<!-- This site is optimized with the Yoast SEO plugin v25.6 - https:\/\/yoast.com\/wordpress\/plugins\/seo\/ -->\n<title>TEE-SHIRT JAWS SHAD - JAWS<\/title>\n<meta name=\"robots\" content=\"index, follow, max-snippet:-1, max-image-preview:large, max-video-preview:-1\" \/>\n<link rel=\"canonical\" href=\"https:\/\/jaws-fishing.com\/index.php\/produit\/tee-shirt-jaws-shad\/\" \/>\n<meta property=\"og:locale\" content=\"fr_FR\" \/>\n<meta property=\"og:type\" content=\"article\" \/>\n<meta property=\"og:title\" content=\"TEE-SHIRT JAWS SHAD - JAWS\" \/>\n<meta property=\"og:description\" content=\"Affirme ton style avec le tee-shirt \u201cJAWS SHAD\u201d, une pi\u00e8ce o\u00f9 la cr\u00e9ativit\u00e9 rencontre la passion. Ce design audacieux met en avant un logo JAWS unique, inspir\u00e9 des contours embl\u00e9matiques du JAWS Shad. Les lettres s\u2019int\u00e8grent harmonieusement \u00e0 la silhouette du leurre, cr\u00e9ant un effet graphique percutant et r\u00e9solument streetwear.\" \/>\n<meta property=\"og:url\" content=\"https:\/\/jaws-fishing.com\/index.php\/produit\/tee-shirt-jaws-shad\/\" \/>\n<meta property=\"og:site_name\" content=\"JAWS\" \/>\n<meta property=\"article:modified_time\" content=\"2025-03-24T18:30:18+00:00\" \/>\n<meta property=\"og:image\" content=\"https:\/\/jaws-fishing.com\/wp-content\/uploads\/2024\/12\/final-mockup-devant.png\" \/>\n\t<meta property=\"og:image:width\" content=\"757\" \/>\n\t<meta property=\"og:image:height\" content=\"722\" \/>\n\t<meta property=\"og:image:type\" content=\"image\/png\" \/>\n<meta name=\"twitter:card\" content=\"summary_large_image\" \/>\n<meta name=\"twitter:label1\" content=\"Dur\u00e9e de lecture estim\u00e9e\" \/>\n\t<meta name=\"twitter:data1\" content=\"1 minute\" \/>\n<script type=\"application\/ld+json\" class=\"yoast-schema-graph\">{\"@context\":\"https:\/\/schema.org\",\"@graph\":[{\"@type\":\"WebPage\",\"@id\":\"https:\/\/jaws-fishing.com\/index.php\/produit\/tee-shirt-jaws-shad\/\",\"url\":\"https:\/\/jaws-fishing.com\/index.php\/produit\/tee-shirt-jaws-shad\/\",\"name\":\"TEE-SHIRT JAWS SHAD - JAWS\",\"isPartOf\":{\"@id\":\"https:\/\/jaws-fishing.com\/#website\"},\"primaryImageOfPage\":{\"@id\":\"https:\/\/jaws-fishing.com\/index.php\/produit\/tee-shirt-jaws-shad\/#primaryimage\"},\"image\":{\"@id\":\"https:\/\/jaws-fishing.com\/index.php\/produit\/tee-shirt-jaws-shad\/#primaryimage\"},\"thumbnailUrl\":\"https:\/\/jaws-fishing.com\/wp-content\/uploads\/2024\/12\/final-mockup-devant.png\",\"datePublished\":\"2025-03-24T18:29:13+00:00\",\"dateModified\":\"2025-03-24T18:30:18+00:00\",\"breadcrumb\":{\"@id\":\"https:\/\/jaws-fishing.com\/index.php\/produit\/tee-shirt-jaws-shad\/#breadcrumb\"},\"inLanguage\":\"fr-FR\",\"potentialAction\":[{\"@type\":\"ReadAction\",\"target\":[\"https:\/\/jaws-fishing.com\/index.php\/produit\/tee-shirt-jaws-shad\/\"]}]},{\"@type\":\"ImageObject\",\"inLanguage\":\"fr-FR\",\"@id\":\"https:\/\/jaws-fishing.com\/index.php\/produit\/tee-shirt-jaws-shad\/#primaryimage\",\"url\":\"https:\/\/jaws-fishing.com\/wp-content\/uploads\/2024\/12\/final-mockup-devant.png\",\"contentUrl\":\"https:\/\/jaws-fishing.com\/wp-content\/uploads\/2024\/12\/final-mockup-devant.png\",\"width\":757,\"height\":722,\"caption\":\"TEE SHIRT JAWS SHAD mettant en avant le logo de la marque retravaill\u00e9 en \u00e9pousant les forme d'un de nos leurres le shad. Un design tr\u00e8s streetwear\"},{\"@type\":\"BreadcrumbList\",\"@id\":\"https:\/\/jaws-fishing.com\/index.php\/produit\/tee-shirt-jaws-shad\/#breadcrumb\",\"itemListElement\":[{\"@type\":\"ListItem\",\"position\":1,\"name\":\"Accueil\",\"item\":\"https:\/\/jaws-fishing.com\/\"},{\"@type\":\"ListItem\",\"position\":2,\"name\":\"Boutique\",\"item\":\"https:\/\/jaws-fishing.com\/index.php\/boutique\/\"},{\"@type\":\"ListItem\",\"position\":3,\"name\":\"TEE-SHIRT JAWS SHAD\"}]},{\"@type\":\"WebSite\",\"@id\":\"https:\/\/jaws-fishing.com\/#website\",\"url\":\"https:\/\/jaws-fishing.com\/\",\"name\":\"JAWS\",\"description\":\"HANDMADE FISHING LURES\",\"publisher\":{\"@id\":\"https:\/\/jaws-fishing.com\/#organization\"},\"potentialAction\":[{\"@type\":\"SearchAction\",\"target\":{\"@type\":\"EntryPoint\",\"urlTemplate\":\"https:\/\/jaws-fishing.com\/?s={search_term_string}\"},\"query-input\":{\"@type\":\"PropertyValueSpecification\",\"valueRequired\":true,\"valueName\":\"search_term_string\"}}],\"inLanguage\":\"fr-FR\"},{\"@type\":\"Organization\",\"@id\":\"https:\/\/jaws-fishing.com\/#organization\",\"name\":\"JAWS\",\"url\":\"https:\/\/jaws-fishing.com\/\",\"logo\":{\"@type\":\"ImageObject\",\"inLanguage\":\"fr-FR\",\"@id\":\"https:\/\/jaws-fishing.com\/#\/schema\/logo\/image\/\",\"url\":\"https:\/\/jaws-fishing.com\/wp-content\/uploads\/2020\/12\/web-agency-logo-3.png\",\"contentUrl\":\"https:\/\/jaws-fishing.com\/wp-content\/uploads\/2020\/12\/web-agency-logo-3.png\",\"width\":200,\"height\":200,\"caption\":\"JAWS\"},\"image\":{\"@id\":\"https:\/\/jaws-fishing.com\/#\/schema\/logo\/image\/\"}}]}<\/script>\n<!-- \/ Yoast SEO plugin. -->","yoast_head_json":{"title":"TEE-SHIRT JAWS SHAD - JAWS","robots":{"index":"index","follow":"follow","max-snippet":"max-snippet:-1","max-image-preview":"max-image-preview:large","max-video-preview":"max-video-preview:-1"},"canonical":"https:\/\/jaws-fishing.com\/index.php\/produit\/tee-shirt-jaws-shad\/","og_locale":"fr_FR","og_type":"article","og_title":"TEE-SHIRT JAWS SHAD - JAWS","og_description":"Affirme ton style avec le tee-shirt \u201cJAWS SHAD\u201d, une pi\u00e8ce o\u00f9 la cr\u00e9ativit\u00e9 rencontre la passion. Ce design audacieux met en avant un logo JAWS unique, inspir\u00e9 des contours embl\u00e9matiques du JAWS Shad. Les lettres s\u2019int\u00e8grent harmonieusement \u00e0 la silhouette du leurre, cr\u00e9ant un effet graphique percutant et r\u00e9solument streetwear.","og_url":"https:\/\/jaws-fishing.com\/index.php\/produit\/tee-shirt-jaws-shad\/","og_site_name":"JAWS","article_modified_time":"2025-03-24T18:30:18+00:00","og_image":[{"width":757,"height":722,"url":"https:\/\/jaws-fishing.com\/wp-content\/uploads\/2024\/12\/final-mockup-devant.png","type":"image\/png"}],"twitter_card":"summary_large_image","twitter_misc":{"Dur\u00e9e de lecture estim\u00e9e":"1 minute"},"schema":{"@context":"https:\/\/schema.org","@graph":[{"@type":"WebPage","@id":"https:\/\/jaws-fishing.com\/index.php\/produit\/tee-shirt-jaws-shad\/","url":"https:\/\/jaws-fishing.com\/index.php\/produit\/tee-shirt-jaws-shad\/","name":"TEE-SHIRT JAWS SHAD - JAWS","isPartOf":{"@id":"https:\/\/jaws-fishing.com\/#website"},"primaryImageOfPage":{"@id":"https:\/\/jaws-fishing.com\/index.php\/produit\/tee-shirt-jaws-shad\/#primaryimage"},"image":{"@id":"https:\/\/jaws-fishing.com\/index.php\/produit\/tee-shirt-jaws-shad\/#primaryimage"},"thumbnailUrl":"https:\/\/jaws-fishing.com\/wp-content\/uploads\/2024\/12\/final-mockup-devant.png","datePublished":"2025-03-24T18:29:13+00:00","dateModified":"2025-03-24T18:30:18+00:00","breadcrumb":{"@id":"https:\/\/jaws-fishing.com\/index.php\/produit\/tee-shirt-jaws-shad\/#breadcrumb"},"inLanguage":"fr-FR","potentialAction":[{"@type":"ReadAction","target":["https:\/\/jaws-fishing.com\/index.php\/produit\/tee-shirt-jaws-shad\/"]}]},{"@type":"ImageObject","inLanguage":"fr-FR","@id":"https:\/\/jaws-fishing.com\/index.php\/produit\/tee-shirt-jaws-shad\/#primaryimage","url":"https:\/\/jaws-fishing.com\/wp-content\/uploads\/2024\/12\/final-mockup-devant.png","contentUrl":"https:\/\/jaws-fishing.com\/wp-content\/uploads\/2024\/12\/final-mockup-devant.png","width":757,"height":722,"caption":"TEE SHIRT JAWS SHAD mettant en avant le logo de la marque retravaill\u00e9 en \u00e9pousant les forme d'un de nos leurres le shad. Un design tr\u00e8s streetwear"},{"@type":"BreadcrumbList","@id":"https:\/\/jaws-fishing.com\/index.php\/produit\/tee-shirt-jaws-shad\/#breadcrumb","itemListElement":[{"@type":"ListItem","position":1,"name":"Accueil","item":"https:\/\/jaws-fishing.com\/"},{"@type":"ListItem","position":2,"name":"Boutique","item":"https:\/\/jaws-fishing.com\/index.php\/boutique\/"},{"@type":"ListItem","position":3,"name":"TEE-SHIRT JAWS SHAD"}]},{"@type":"WebSite","@id":"https:\/\/jaws-fishing.com\/#website","url":"https:\/\/jaws-fishing.com\/","name":"JAWS","description":"HANDMADE FISHING LURES","publisher":{"@id":"https:\/\/jaws-fishing.com\/#organization"},"potentialAction":[{"@type":"SearchAction","target":{"@type":"EntryPoint","urlTemplate":"https:\/\/jaws-fishing.com\/?s={search_term_string}"},"query-input":{"@type":"PropertyValueSpecification","valueRequired":true,"valueName":"search_term_string"}}],"inLanguage":"fr-FR"},{"@type":"Organization","@id":"https:\/\/jaws-fishing.com\/#organization","name":"JAWS","url":"https:\/\/jaws-fishing.com\/","logo":{"@type":"ImageObject","inLanguage":"fr-FR","@id":"https:\/\/jaws-fishing.com\/#\/schema\/logo\/image\/","url":"https:\/\/jaws-fishing.com\/wp-content\/uploads\/2020\/12\/web-agency-logo-3.png","contentUrl":"https:\/\/jaws-fishing.com\/wp-content\/uploads\/2020\/12\/web-agency-logo-3.png","width":200,"height":200,"caption":"JAWS"},"image":{"@id":"https:\/\/jaws-fishing.com\/#\/schema\/logo\/image\/"}}]}},"_links":{"self":[{"href":"https:\/\/jaws-fishing.com\/index.php\/wp-json\/wp\/v2\/product\/987511061","targetHints":{"allow":["GET"]}}],"collection":[{"href":"https:\/\/jaws-fishing.com\/index.php\/wp-json\/wp\/v2\/product"}],"about":[{"href":"https:\/\/jaws-fishing.com\/index.php\/wp-json\/wp\/v2\/types\/product"}],"replies":[{"embeddable":true,"href":"https:\/\/jaws-fishing.com\/index.php\/wp-json\/wp\/v2\/comments?post=987511061"}],"wp:featuredmedia":[{"embeddable":true,"href":"https:\/\/jaws-fishing.com\/index.php\/wp-json\/wp\/v2\/media\/987511062"}],"wp:attachment":[{"href":"https:\/\/jaws-fishing.com\/index.php\/wp-json\/wp\/v2\/media?parent=987511061"}],"wp:term":[{"taxonomy":"product_brand","embeddable":true,"href":"https:\/\/jaws-fishing.com\/index.php\/wp-json\/wp\/v2\/product_brand?post=987511061"},{"taxonomy":"product_cat","embeddable":true,"href":"https:\/\/jaws-fishing.com\/index.php\/wp-json\/wp\/v2\/product_cat?post=987511061"},{"taxonomy":"product_tag","embeddable":true,"href":"https:\/\/jaws-fishing.com\/index.php\/wp-json\/wp\/v2\/product_tag?post=987511061"}],"curies":[{"name":"wp","href":"https:\/\/api.w.org\/{rel}","templated":true}]}}