{"id":987511068,"date":"2025-03-24T19:29:13","date_gmt":"2025-03-24T18:29:13","guid":{"rendered":"https:\/\/jaws-fishing.com\/?post_type=product&#038;p=987511068"},"modified":"2025-03-24T19:30:18","modified_gmt":"2025-03-24T18:30:18","slug":"tee-shirt-pikes-deserve-respect","status":"publish","type":"product","link":"https:\/\/jaws-fishing.com\/index.php\/produit\/tee-shirt-pikes-deserve-respect\/","title":{"rendered":"TEE-SHIRT PIKES DESERVE RESPECT"},"content":{"rendered":"<p>Pens\u00e9 pour les passionn\u00e9s qui savent que la vraie grandeur r\u00e9side dans la pr\u00e9servation, ce tee-shirt ne fait pas de compromis entre streetwear et engagement. <\/p>\n<p>Fabriqu\u00e9 en <strong>100% coton premium<\/strong> avec un grammage de <strong>280 GSM<\/strong>, il offre une qualit\u00e9 exceptionnelle et un confort incomparable, que ce soit sur l\u2019eau ou dans les rues.<\/p>\n<p>Le tee <strong>\u201cPIKES DESERVE RESPECT\u201d<\/strong> est bien plus qu\u2019un v\u00eatement : c\u2019est une d\u00e9claration de passion et de respect pour ces pr\u00e9dateurs majestueux. Fais passer le message.<\/p>\n<p><strong>Caract\u00e9ristiques :<\/strong><br \/>Mati\u00e8re : 100% coton de qualit\u00e9 sup\u00e9rieure.<br \/>Grammage : 280 GSM, alliant durabilit\u00e9 et toucher premium.<br \/>Coupe : Streetwear, ample et moderne.<br \/>Design : Squelette de brochet et message impactant \u201cPikes Deserve Respect, Release Them\u201d.<\/p>\n<p><strong>Porter ce tee-shirt, c\u2019est afficher ton style tout en d\u00e9fendant une cause. Respecte le brochet, rends-lui sa libert\u00e9.<\/strong> <\/p>\n","protected":false},"excerpt":{"rendered":"<p>Affiche tes valeurs avec le tee-shirt <strong>\u201cPIKES DESERVE RESPECT\u201d<\/strong>, un mod\u00e8le qui impose le respect, autant pour ton style que pour ton \u00e9thique. Ce design percutant met en sc\u00e8ne un <strong>squelette de brochet<\/strong>, symbole brut et puissant, accompagn\u00e9 d\u2019un message fort : <strong>\u201cPIKES DESERVE RESPECT, RELEASE THEM\u201d<\/strong>.<\/p>\n","protected":false},"featured_media":987511069,"comment_status":"open","ping_status":"closed","template":"","meta":{"_et_pb_use_builder":"","_et_pb_old_content":"","_et_gb_content_width":""},"product_brand":[],"product_cat":[91,151],"product_tag":[],"class_list":{"0":"post-987511068","1":"product","2":"type-product","3":"status-publish","4":"has-post-thumbnail","6":"product_cat-vetements","7":"product_cat-tee-shirt","9":"first","10":"instock","11":"taxable","12":"shipping-taxable","13":"purchasable","14":"product-type-variable","15":"has-default-attributes"},"yoast_head":"<!-- This site is optimized with the Yoast SEO plugin v25.6 - https:\/\/yoast.com\/wordpress\/plugins\/seo\/ -->\n<title>TEE-SHIRT PIKES DESERVE RESPECT - JAWS<\/title>\n<meta name=\"robots\" content=\"index, follow, max-snippet:-1, max-image-preview:large, max-video-preview:-1\" \/>\n<link rel=\"canonical\" href=\"https:\/\/jaws-fishing.com\/index.php\/produit\/tee-shirt-pikes-deserve-respect\/\" \/>\n<meta property=\"og:locale\" content=\"fr_FR\" \/>\n<meta property=\"og:type\" content=\"article\" \/>\n<meta property=\"og:title\" content=\"TEE-SHIRT PIKES DESERVE RESPECT - JAWS\" \/>\n<meta property=\"og:description\" content=\"Affiche tes valeurs avec le tee-shirt \u201cPIKES DESERVE RESPECT\u201d, un mod\u00e8le qui impose le respect, autant pour ton style que pour ton \u00e9thique. Ce design percutant met en sc\u00e8ne un squelette de brochet, symbole brut et puissant, accompagn\u00e9 d\u2019un message fort : \u201cPIKES DESERVE RESPECT, RELEASE THEM\u201d.\" \/>\n<meta property=\"og:url\" content=\"https:\/\/jaws-fishing.com\/index.php\/produit\/tee-shirt-pikes-deserve-respect\/\" \/>\n<meta property=\"og:site_name\" content=\"JAWS\" \/>\n<meta property=\"article:modified_time\" content=\"2025-03-24T18:30:18+00:00\" \/>\n<meta property=\"og:image\" content=\"https:\/\/jaws-fishing.com\/wp-content\/uploads\/2024\/12\/MOCKUP-ARRIERE.png\" \/>\n\t<meta property=\"og:image:width\" content=\"753\" \/>\n\t<meta property=\"og:image:height\" content=\"719\" \/>\n\t<meta property=\"og:image:type\" content=\"image\/png\" \/>\n<meta name=\"twitter:card\" content=\"summary_large_image\" \/>\n<meta name=\"twitter:label1\" content=\"Dur\u00e9e de lecture estim\u00e9e\" \/>\n\t<meta name=\"twitter:data1\" content=\"1 minute\" \/>\n<script type=\"application\/ld+json\" class=\"yoast-schema-graph\">{\"@context\":\"https:\/\/schema.org\",\"@graph\":[{\"@type\":\"WebPage\",\"@id\":\"https:\/\/jaws-fishing.com\/index.php\/produit\/tee-shirt-pikes-deserve-respect\/\",\"url\":\"https:\/\/jaws-fishing.com\/index.php\/produit\/tee-shirt-pikes-deserve-respect\/\",\"name\":\"TEE-SHIRT PIKES DESERVE RESPECT - JAWS\",\"isPartOf\":{\"@id\":\"https:\/\/jaws-fishing.com\/#website\"},\"primaryImageOfPage\":{\"@id\":\"https:\/\/jaws-fishing.com\/index.php\/produit\/tee-shirt-pikes-deserve-respect\/#primaryimage\"},\"image\":{\"@id\":\"https:\/\/jaws-fishing.com\/index.php\/produit\/tee-shirt-pikes-deserve-respect\/#primaryimage\"},\"thumbnailUrl\":\"https:\/\/jaws-fishing.com\/wp-content\/uploads\/2024\/12\/MOCKUP-ARRIERE.png\",\"datePublished\":\"2025-03-24T18:29:13+00:00\",\"dateModified\":\"2025-03-24T18:30:18+00:00\",\"breadcrumb\":{\"@id\":\"https:\/\/jaws-fishing.com\/index.php\/produit\/tee-shirt-pikes-deserve-respect\/#breadcrumb\"},\"inLanguage\":\"fr-FR\",\"potentialAction\":[{\"@type\":\"ReadAction\",\"target\":[\"https:\/\/jaws-fishing.com\/index.php\/produit\/tee-shirt-pikes-deserve-respect\/\"]}]},{\"@type\":\"ImageObject\",\"inLanguage\":\"fr-FR\",\"@id\":\"https:\/\/jaws-fishing.com\/index.php\/produit\/tee-shirt-pikes-deserve-respect\/#primaryimage\",\"url\":\"https:\/\/jaws-fishing.com\/wp-content\/uploads\/2024\/12\/MOCKUP-ARRIERE.png\",\"contentUrl\":\"https:\/\/jaws-fishing.com\/wp-content\/uploads\/2024\/12\/MOCKUP-ARRIERE.png\",\"width\":753,\"height\":719,\"caption\":\"le tee pikes deserve respect met en avant un squelette de brochet, un message fort est envoy\u00e9 afin de pr\u00e9server l'espece et de favoriser le no-kill\"},{\"@type\":\"BreadcrumbList\",\"@id\":\"https:\/\/jaws-fishing.com\/index.php\/produit\/tee-shirt-pikes-deserve-respect\/#breadcrumb\",\"itemListElement\":[{\"@type\":\"ListItem\",\"position\":1,\"name\":\"Accueil\",\"item\":\"https:\/\/jaws-fishing.com\/\"},{\"@type\":\"ListItem\",\"position\":2,\"name\":\"Boutique\",\"item\":\"https:\/\/jaws-fishing.com\/index.php\/boutique\/\"},{\"@type\":\"ListItem\",\"position\":3,\"name\":\"TEE-SHIRT PIKES DESERVE RESPECT\"}]},{\"@type\":\"WebSite\",\"@id\":\"https:\/\/jaws-fishing.com\/#website\",\"url\":\"https:\/\/jaws-fishing.com\/\",\"name\":\"JAWS\",\"description\":\"HANDMADE FISHING LURES\",\"publisher\":{\"@id\":\"https:\/\/jaws-fishing.com\/#organization\"},\"potentialAction\":[{\"@type\":\"SearchAction\",\"target\":{\"@type\":\"EntryPoint\",\"urlTemplate\":\"https:\/\/jaws-fishing.com\/?s={search_term_string}\"},\"query-input\":{\"@type\":\"PropertyValueSpecification\",\"valueRequired\":true,\"valueName\":\"search_term_string\"}}],\"inLanguage\":\"fr-FR\"},{\"@type\":\"Organization\",\"@id\":\"https:\/\/jaws-fishing.com\/#organization\",\"name\":\"JAWS\",\"url\":\"https:\/\/jaws-fishing.com\/\",\"logo\":{\"@type\":\"ImageObject\",\"inLanguage\":\"fr-FR\",\"@id\":\"https:\/\/jaws-fishing.com\/#\/schema\/logo\/image\/\",\"url\":\"https:\/\/jaws-fishing.com\/wp-content\/uploads\/2020\/12\/web-agency-logo-3.png\",\"contentUrl\":\"https:\/\/jaws-fishing.com\/wp-content\/uploads\/2020\/12\/web-agency-logo-3.png\",\"width\":200,\"height\":200,\"caption\":\"JAWS\"},\"image\":{\"@id\":\"https:\/\/jaws-fishing.com\/#\/schema\/logo\/image\/\"}}]}<\/script>\n<!-- \/ Yoast SEO plugin. -->","yoast_head_json":{"title":"TEE-SHIRT PIKES DESERVE RESPECT - JAWS","robots":{"index":"index","follow":"follow","max-snippet":"max-snippet:-1","max-image-preview":"max-image-preview:large","max-video-preview":"max-video-preview:-1"},"canonical":"https:\/\/jaws-fishing.com\/index.php\/produit\/tee-shirt-pikes-deserve-respect\/","og_locale":"fr_FR","og_type":"article","og_title":"TEE-SHIRT PIKES DESERVE RESPECT - JAWS","og_description":"Affiche tes valeurs avec le tee-shirt \u201cPIKES DESERVE RESPECT\u201d, un mod\u00e8le qui impose le respect, autant pour ton style que pour ton \u00e9thique. Ce design percutant met en sc\u00e8ne un squelette de brochet, symbole brut et puissant, accompagn\u00e9 d\u2019un message fort : \u201cPIKES DESERVE RESPECT, RELEASE THEM\u201d.","og_url":"https:\/\/jaws-fishing.com\/index.php\/produit\/tee-shirt-pikes-deserve-respect\/","og_site_name":"JAWS","article_modified_time":"2025-03-24T18:30:18+00:00","og_image":[{"width":753,"height":719,"url":"https:\/\/jaws-fishing.com\/wp-content\/uploads\/2024\/12\/MOCKUP-ARRIERE.png","type":"image\/png"}],"twitter_card":"summary_large_image","twitter_misc":{"Dur\u00e9e de lecture estim\u00e9e":"1 minute"},"schema":{"@context":"https:\/\/schema.org","@graph":[{"@type":"WebPage","@id":"https:\/\/jaws-fishing.com\/index.php\/produit\/tee-shirt-pikes-deserve-respect\/","url":"https:\/\/jaws-fishing.com\/index.php\/produit\/tee-shirt-pikes-deserve-respect\/","name":"TEE-SHIRT PIKES DESERVE RESPECT - JAWS","isPartOf":{"@id":"https:\/\/jaws-fishing.com\/#website"},"primaryImageOfPage":{"@id":"https:\/\/jaws-fishing.com\/index.php\/produit\/tee-shirt-pikes-deserve-respect\/#primaryimage"},"image":{"@id":"https:\/\/jaws-fishing.com\/index.php\/produit\/tee-shirt-pikes-deserve-respect\/#primaryimage"},"thumbnailUrl":"https:\/\/jaws-fishing.com\/wp-content\/uploads\/2024\/12\/MOCKUP-ARRIERE.png","datePublished":"2025-03-24T18:29:13+00:00","dateModified":"2025-03-24T18:30:18+00:00","breadcrumb":{"@id":"https:\/\/jaws-fishing.com\/index.php\/produit\/tee-shirt-pikes-deserve-respect\/#breadcrumb"},"inLanguage":"fr-FR","potentialAction":[{"@type":"ReadAction","target":["https:\/\/jaws-fishing.com\/index.php\/produit\/tee-shirt-pikes-deserve-respect\/"]}]},{"@type":"ImageObject","inLanguage":"fr-FR","@id":"https:\/\/jaws-fishing.com\/index.php\/produit\/tee-shirt-pikes-deserve-respect\/#primaryimage","url":"https:\/\/jaws-fishing.com\/wp-content\/uploads\/2024\/12\/MOCKUP-ARRIERE.png","contentUrl":"https:\/\/jaws-fishing.com\/wp-content\/uploads\/2024\/12\/MOCKUP-ARRIERE.png","width":753,"height":719,"caption":"le tee pikes deserve respect met en avant un squelette de brochet, un message fort est envoy\u00e9 afin de pr\u00e9server l'espece et de favoriser le no-kill"},{"@type":"BreadcrumbList","@id":"https:\/\/jaws-fishing.com\/index.php\/produit\/tee-shirt-pikes-deserve-respect\/#breadcrumb","itemListElement":[{"@type":"ListItem","position":1,"name":"Accueil","item":"https:\/\/jaws-fishing.com\/"},{"@type":"ListItem","position":2,"name":"Boutique","item":"https:\/\/jaws-fishing.com\/index.php\/boutique\/"},{"@type":"ListItem","position":3,"name":"TEE-SHIRT PIKES DESERVE RESPECT"}]},{"@type":"WebSite","@id":"https:\/\/jaws-fishing.com\/#website","url":"https:\/\/jaws-fishing.com\/","name":"JAWS","description":"HANDMADE FISHING LURES","publisher":{"@id":"https:\/\/jaws-fishing.com\/#organization"},"potentialAction":[{"@type":"SearchAction","target":{"@type":"EntryPoint","urlTemplate":"https:\/\/jaws-fishing.com\/?s={search_term_string}"},"query-input":{"@type":"PropertyValueSpecification","valueRequired":true,"valueName":"search_term_string"}}],"inLanguage":"fr-FR"},{"@type":"Organization","@id":"https:\/\/jaws-fishing.com\/#organization","name":"JAWS","url":"https:\/\/jaws-fishing.com\/","logo":{"@type":"ImageObject","inLanguage":"fr-FR","@id":"https:\/\/jaws-fishing.com\/#\/schema\/logo\/image\/","url":"https:\/\/jaws-fishing.com\/wp-content\/uploads\/2020\/12\/web-agency-logo-3.png","contentUrl":"https:\/\/jaws-fishing.com\/wp-content\/uploads\/2020\/12\/web-agency-logo-3.png","width":200,"height":200,"caption":"JAWS"},"image":{"@id":"https:\/\/jaws-fishing.com\/#\/schema\/logo\/image\/"}}]}},"_links":{"self":[{"href":"https:\/\/jaws-fishing.com\/index.php\/wp-json\/wp\/v2\/product\/987511068","targetHints":{"allow":["GET"]}}],"collection":[{"href":"https:\/\/jaws-fishing.com\/index.php\/wp-json\/wp\/v2\/product"}],"about":[{"href":"https:\/\/jaws-fishing.com\/index.php\/wp-json\/wp\/v2\/types\/product"}],"replies":[{"embeddable":true,"href":"https:\/\/jaws-fishing.com\/index.php\/wp-json\/wp\/v2\/comments?post=987511068"}],"wp:featuredmedia":[{"embeddable":true,"href":"https:\/\/jaws-fishing.com\/index.php\/wp-json\/wp\/v2\/media\/987511069"}],"wp:attachment":[{"href":"https:\/\/jaws-fishing.com\/index.php\/wp-json\/wp\/v2\/media?parent=987511068"}],"wp:term":[{"taxonomy":"product_brand","embeddable":true,"href":"https:\/\/jaws-fishing.com\/index.php\/wp-json\/wp\/v2\/product_brand?post=987511068"},{"taxonomy":"product_cat","embeddable":true,"href":"https:\/\/jaws-fishing.com\/index.php\/wp-json\/wp\/v2\/product_cat?post=987511068"},{"taxonomy":"product_tag","embeddable":true,"href":"https:\/\/jaws-fishing.com\/index.php\/wp-json\/wp\/v2\/product_tag?post=987511068"}],"curies":[{"name":"wp","href":"https:\/\/api.w.org\/{rel}","templated":true}]}}