{"id":987511555,"date":"2025-08-11T15:10:37","date_gmt":"2025-08-11T13:10:37","guid":{"rendered":"https:\/\/jaws-fishing.com\/?post_type=product&#038;p=987511555"},"modified":"2025-08-13T13:36:45","modified_gmt":"2025-08-13T11:36:45","slug":"jaws-eagle-shad-et-grub","status":"publish","type":"product","link":"https:\/\/jaws-fishing.com\/index.php\/produit\/jaws-eagle-shad-et-grub\/","title":{"rendered":"JAWS EAGLE SHAD ET GRUB"},"content":{"rendered":"","protected":false},"excerpt":{"rendered":"<p><strong>JAWS : Leurres Souples Big Bait pour Brochets G\u00e9ants | Eagle Shad &amp; Eagle Grub (Made in France)<\/strong> <\/p>\n<p>Chez JAWS, notre mission est simple : cr\u00e9er des leurres d&rsquo;exception pour les brochets records.<br \/>Fiers de notre savoir-faire fran\u00e7ais, nous r\u00e9alisons chaque leurre <strong>Eagle Shad<\/strong> et <strong>Eagle Grub<\/strong> \u00e0 la main, avec des mat\u00e9riaux 100% europ\u00e9ens. C&rsquo;est ce travail artisanal qui garantit une qualit\u00e9 irr\u00e9prochable, une nage unique et des performances qui font la diff\u00e9rence sur l&rsquo;eau.<\/p>\n<p><strong>EAGLE SHAD &#8211; LE Shad R\u00e9f\u00e9rence \u00e0 Gros Brochets <br \/><\/strong><br \/>Le <strong>Eagle Shad<\/strong> est l&rsquo;ic\u00f4ne de notre gamme. Sa nage ample et puissante, alli\u00e9e \u00e0 un paddle carr\u00e9 innovant, \u00e9met des vibrations basse fr\u00e9quence qui d\u00e9clenchent les attaques des plus grands brochets. Un leurre qui travaille, m\u00eame \u00e0 faible vitesse.<\/p>\n<p><strong>EAGLE GRUB &#8211;<\/strong> <strong>Le sauve capot par excellence<\/strong> <\/p>\n<p>Le <strong>Eagle Grub<\/strong> est con\u00e7u pour les conditions difficiles. Son corps \u00e9pais et sa queue surdimensionn\u00e9e \u00e9mettent des signaux subtils mais irr\u00e9sistibles, parfaits pour surprendre les brochets m\u00e9fiants ou pour les animations lentes et pr\u00e9cises.<\/p>\n","protected":false},"featured_media":987511335,"comment_status":"open","ping_status":"closed","template":"","meta":{"_et_pb_use_builder":"","_et_pb_old_content":"","_et_gb_content_width":""},"product_brand":[],"product_cat":[85],"product_tag":[],"class_list":{"0":"post-987511555","1":"product","2":"type-product","3":"status-publish","4":"has-post-thumbnail","6":"product_cat-non-classe","8":"first","9":"instock","10":"taxable","11":"shipping-taxable","12":"purchasable","13":"product-type-variable","14":"has-default-attributes"},"yoast_head":"<!-- This site is optimized with the Yoast SEO plugin v25.6 - https:\/\/yoast.com\/wordpress\/plugins\/seo\/ -->\n<title>JAWS EAGLE SHAD ET GRUB - JAWS<\/title>\n<meta name=\"robots\" content=\"index, follow, max-snippet:-1, max-image-preview:large, max-video-preview:-1\" \/>\n<link rel=\"canonical\" href=\"https:\/\/jaws-fishing.com\/index.php\/produit\/jaws-eagle-shad-et-grub\/\" \/>\n<meta property=\"og:locale\" content=\"fr_FR\" \/>\n<meta property=\"og:type\" content=\"article\" \/>\n<meta property=\"og:title\" content=\"JAWS EAGLE SHAD ET GRUB - JAWS\" \/>\n<meta property=\"og:description\" content=\"JAWS : Leurres Souples Big Bait pour Brochets G\u00e9ants | Eagle Shad &amp; Eagle Grub (Made in France) Chez JAWS, notre mission est simple : cr\u00e9er des leurres d&#039;exception pour les brochets records.Fiers de notre savoir-faire fran\u00e7ais, nous r\u00e9alisons chaque leurre Eagle Shad et Eagle Grub \u00e0 la main, avec des mat\u00e9riaux 100% europ\u00e9ens. C&#039;est ce travail artisanal qui garantit une qualit\u00e9 irr\u00e9prochable, une nage unique et des performances qui font la diff\u00e9rence sur l&#039;eau.EAGLE SHAD - LE Shad R\u00e9f\u00e9rence \u00e0 Gros Brochets Le Eagle Shad est l&#039;ic\u00f4ne de notre gamme. Sa nage ample et puissante, alli\u00e9e \u00e0 un paddle carr\u00e9 innovant, \u00e9met des vibrations basse fr\u00e9quence qui d\u00e9clenchent les attaques des plus grands brochets. Un leurre qui travaille, m\u00eame \u00e0 faible vitesse.EAGLE GRUB - Le sauve capot par excellence Le Eagle Grub est con\u00e7u pour les conditions difficiles. Son corps \u00e9pais et sa queue surdimensionn\u00e9e \u00e9mettent des signaux subtils mais irr\u00e9sistibles, parfaits pour surprendre les brochets m\u00e9fiants ou pour les animations lentes et pr\u00e9cises.\" \/>\n<meta property=\"og:url\" content=\"https:\/\/jaws-fishing.com\/index.php\/produit\/jaws-eagle-shad-et-grub\/\" \/>\n<meta property=\"og:site_name\" content=\"JAWS\" \/>\n<meta property=\"article:modified_time\" content=\"2025-08-13T11:36:45+00:00\" \/>\n<meta property=\"og:image\" content=\"https:\/\/jaws-fishing.com\/wp-content\/uploads\/2025\/06\/IMG_3959.jpeg\" \/>\n\t<meta property=\"og:image:width\" content=\"1536\" \/>\n\t<meta property=\"og:image:height\" content=\"2048\" \/>\n\t<meta property=\"og:image:type\" content=\"image\/jpeg\" \/>\n<meta name=\"twitter:card\" content=\"summary_large_image\" \/>\n<script type=\"application\/ld+json\" class=\"yoast-schema-graph\">{\"@context\":\"https:\/\/schema.org\",\"@graph\":[{\"@type\":\"WebPage\",\"@id\":\"https:\/\/jaws-fishing.com\/index.php\/produit\/jaws-eagle-shad-et-grub\/\",\"url\":\"https:\/\/jaws-fishing.com\/index.php\/produit\/jaws-eagle-shad-et-grub\/\",\"name\":\"JAWS EAGLE SHAD ET GRUB - JAWS\",\"isPartOf\":{\"@id\":\"https:\/\/jaws-fishing.com\/#website\"},\"primaryImageOfPage\":{\"@id\":\"https:\/\/jaws-fishing.com\/index.php\/produit\/jaws-eagle-shad-et-grub\/#primaryimage\"},\"image\":{\"@id\":\"https:\/\/jaws-fishing.com\/index.php\/produit\/jaws-eagle-shad-et-grub\/#primaryimage\"},\"thumbnailUrl\":\"https:\/\/jaws-fishing.com\/wp-content\/uploads\/2025\/06\/IMG_3959.jpeg\",\"datePublished\":\"2025-08-11T13:10:37+00:00\",\"dateModified\":\"2025-08-13T11:36:45+00:00\",\"breadcrumb\":{\"@id\":\"https:\/\/jaws-fishing.com\/index.php\/produit\/jaws-eagle-shad-et-grub\/#breadcrumb\"},\"inLanguage\":\"fr-FR\",\"potentialAction\":[{\"@type\":\"ReadAction\",\"target\":[\"https:\/\/jaws-fishing.com\/index.php\/produit\/jaws-eagle-shad-et-grub\/\"]}]},{\"@type\":\"ImageObject\",\"inLanguage\":\"fr-FR\",\"@id\":\"https:\/\/jaws-fishing.com\/index.php\/produit\/jaws-eagle-shad-et-grub\/#primaryimage\",\"url\":\"https:\/\/jaws-fishing.com\/wp-content\/uploads\/2025\/06\/IMG_3959.jpeg\",\"contentUrl\":\"https:\/\/jaws-fishing.com\/wp-content\/uploads\/2025\/06\/IMG_3959.jpeg\",\"width\":1536,\"height\":2048},{\"@type\":\"BreadcrumbList\",\"@id\":\"https:\/\/jaws-fishing.com\/index.php\/produit\/jaws-eagle-shad-et-grub\/#breadcrumb\",\"itemListElement\":[{\"@type\":\"ListItem\",\"position\":1,\"name\":\"Accueil\",\"item\":\"https:\/\/jaws-fishing.com\/\"},{\"@type\":\"ListItem\",\"position\":2,\"name\":\"Boutique\",\"item\":\"https:\/\/jaws-fishing.com\/index.php\/boutique\/\"},{\"@type\":\"ListItem\",\"position\":3,\"name\":\"JAWS EAGLE SHAD ET GRUB\"}]},{\"@type\":\"WebSite\",\"@id\":\"https:\/\/jaws-fishing.com\/#website\",\"url\":\"https:\/\/jaws-fishing.com\/\",\"name\":\"JAWS\",\"description\":\"HANDMADE FISHING LURES\",\"publisher\":{\"@id\":\"https:\/\/jaws-fishing.com\/#organization\"},\"potentialAction\":[{\"@type\":\"SearchAction\",\"target\":{\"@type\":\"EntryPoint\",\"urlTemplate\":\"https:\/\/jaws-fishing.com\/?s={search_term_string}\"},\"query-input\":{\"@type\":\"PropertyValueSpecification\",\"valueRequired\":true,\"valueName\":\"search_term_string\"}}],\"inLanguage\":\"fr-FR\"},{\"@type\":\"Organization\",\"@id\":\"https:\/\/jaws-fishing.com\/#organization\",\"name\":\"JAWS\",\"url\":\"https:\/\/jaws-fishing.com\/\",\"logo\":{\"@type\":\"ImageObject\",\"inLanguage\":\"fr-FR\",\"@id\":\"https:\/\/jaws-fishing.com\/#\/schema\/logo\/image\/\",\"url\":\"https:\/\/jaws-fishing.com\/wp-content\/uploads\/2020\/12\/web-agency-logo-3.png\",\"contentUrl\":\"https:\/\/jaws-fishing.com\/wp-content\/uploads\/2020\/12\/web-agency-logo-3.png\",\"width\":200,\"height\":200,\"caption\":\"JAWS\"},\"image\":{\"@id\":\"https:\/\/jaws-fishing.com\/#\/schema\/logo\/image\/\"}}]}<\/script>\n<!-- \/ Yoast SEO plugin. -->","yoast_head_json":{"title":"JAWS EAGLE SHAD ET GRUB - JAWS","robots":{"index":"index","follow":"follow","max-snippet":"max-snippet:-1","max-image-preview":"max-image-preview:large","max-video-preview":"max-video-preview:-1"},"canonical":"https:\/\/jaws-fishing.com\/index.php\/produit\/jaws-eagle-shad-et-grub\/","og_locale":"fr_FR","og_type":"article","og_title":"JAWS EAGLE SHAD ET GRUB - JAWS","og_description":"JAWS : Leurres Souples Big Bait pour Brochets G\u00e9ants | Eagle Shad &amp; Eagle Grub (Made in France) Chez JAWS, notre mission est simple : cr\u00e9er des leurres d'exception pour les brochets records.Fiers de notre savoir-faire fran\u00e7ais, nous r\u00e9alisons chaque leurre Eagle Shad et Eagle Grub \u00e0 la main, avec des mat\u00e9riaux 100% europ\u00e9ens. C'est ce travail artisanal qui garantit une qualit\u00e9 irr\u00e9prochable, une nage unique et des performances qui font la diff\u00e9rence sur l'eau.EAGLE SHAD - LE Shad R\u00e9f\u00e9rence \u00e0 Gros Brochets Le Eagle Shad est l'ic\u00f4ne de notre gamme. Sa nage ample et puissante, alli\u00e9e \u00e0 un paddle carr\u00e9 innovant, \u00e9met des vibrations basse fr\u00e9quence qui d\u00e9clenchent les attaques des plus grands brochets. Un leurre qui travaille, m\u00eame \u00e0 faible vitesse.EAGLE GRUB - Le sauve capot par excellence Le Eagle Grub est con\u00e7u pour les conditions difficiles. Son corps \u00e9pais et sa queue surdimensionn\u00e9e \u00e9mettent des signaux subtils mais irr\u00e9sistibles, parfaits pour surprendre les brochets m\u00e9fiants ou pour les animations lentes et pr\u00e9cises.","og_url":"https:\/\/jaws-fishing.com\/index.php\/produit\/jaws-eagle-shad-et-grub\/","og_site_name":"JAWS","article_modified_time":"2025-08-13T11:36:45+00:00","og_image":[{"width":1536,"height":2048,"url":"https:\/\/jaws-fishing.com\/wp-content\/uploads\/2025\/06\/IMG_3959.jpeg","type":"image\/jpeg"}],"twitter_card":"summary_large_image","schema":{"@context":"https:\/\/schema.org","@graph":[{"@type":"WebPage","@id":"https:\/\/jaws-fishing.com\/index.php\/produit\/jaws-eagle-shad-et-grub\/","url":"https:\/\/jaws-fishing.com\/index.php\/produit\/jaws-eagle-shad-et-grub\/","name":"JAWS EAGLE SHAD ET GRUB - JAWS","isPartOf":{"@id":"https:\/\/jaws-fishing.com\/#website"},"primaryImageOfPage":{"@id":"https:\/\/jaws-fishing.com\/index.php\/produit\/jaws-eagle-shad-et-grub\/#primaryimage"},"image":{"@id":"https:\/\/jaws-fishing.com\/index.php\/produit\/jaws-eagle-shad-et-grub\/#primaryimage"},"thumbnailUrl":"https:\/\/jaws-fishing.com\/wp-content\/uploads\/2025\/06\/IMG_3959.jpeg","datePublished":"2025-08-11T13:10:37+00:00","dateModified":"2025-08-13T11:36:45+00:00","breadcrumb":{"@id":"https:\/\/jaws-fishing.com\/index.php\/produit\/jaws-eagle-shad-et-grub\/#breadcrumb"},"inLanguage":"fr-FR","potentialAction":[{"@type":"ReadAction","target":["https:\/\/jaws-fishing.com\/index.php\/produit\/jaws-eagle-shad-et-grub\/"]}]},{"@type":"ImageObject","inLanguage":"fr-FR","@id":"https:\/\/jaws-fishing.com\/index.php\/produit\/jaws-eagle-shad-et-grub\/#primaryimage","url":"https:\/\/jaws-fishing.com\/wp-content\/uploads\/2025\/06\/IMG_3959.jpeg","contentUrl":"https:\/\/jaws-fishing.com\/wp-content\/uploads\/2025\/06\/IMG_3959.jpeg","width":1536,"height":2048},{"@type":"BreadcrumbList","@id":"https:\/\/jaws-fishing.com\/index.php\/produit\/jaws-eagle-shad-et-grub\/#breadcrumb","itemListElement":[{"@type":"ListItem","position":1,"name":"Accueil","item":"https:\/\/jaws-fishing.com\/"},{"@type":"ListItem","position":2,"name":"Boutique","item":"https:\/\/jaws-fishing.com\/index.php\/boutique\/"},{"@type":"ListItem","position":3,"name":"JAWS EAGLE SHAD ET GRUB"}]},{"@type":"WebSite","@id":"https:\/\/jaws-fishing.com\/#website","url":"https:\/\/jaws-fishing.com\/","name":"JAWS","description":"HANDMADE FISHING LURES","publisher":{"@id":"https:\/\/jaws-fishing.com\/#organization"},"potentialAction":[{"@type":"SearchAction","target":{"@type":"EntryPoint","urlTemplate":"https:\/\/jaws-fishing.com\/?s={search_term_string}"},"query-input":{"@type":"PropertyValueSpecification","valueRequired":true,"valueName":"search_term_string"}}],"inLanguage":"fr-FR"},{"@type":"Organization","@id":"https:\/\/jaws-fishing.com\/#organization","name":"JAWS","url":"https:\/\/jaws-fishing.com\/","logo":{"@type":"ImageObject","inLanguage":"fr-FR","@id":"https:\/\/jaws-fishing.com\/#\/schema\/logo\/image\/","url":"https:\/\/jaws-fishing.com\/wp-content\/uploads\/2020\/12\/web-agency-logo-3.png","contentUrl":"https:\/\/jaws-fishing.com\/wp-content\/uploads\/2020\/12\/web-agency-logo-3.png","width":200,"height":200,"caption":"JAWS"},"image":{"@id":"https:\/\/jaws-fishing.com\/#\/schema\/logo\/image\/"}}]}},"_links":{"self":[{"href":"https:\/\/jaws-fishing.com\/index.php\/wp-json\/wp\/v2\/product\/987511555","targetHints":{"allow":["GET"]}}],"collection":[{"href":"https:\/\/jaws-fishing.com\/index.php\/wp-json\/wp\/v2\/product"}],"about":[{"href":"https:\/\/jaws-fishing.com\/index.php\/wp-json\/wp\/v2\/types\/product"}],"replies":[{"embeddable":true,"href":"https:\/\/jaws-fishing.com\/index.php\/wp-json\/wp\/v2\/comments?post=987511555"}],"wp:featuredmedia":[{"embeddable":true,"href":"https:\/\/jaws-fishing.com\/index.php\/wp-json\/wp\/v2\/media\/987511335"}],"wp:attachment":[{"href":"https:\/\/jaws-fishing.com\/index.php\/wp-json\/wp\/v2\/media?parent=987511555"}],"wp:term":[{"taxonomy":"product_brand","embeddable":true,"href":"https:\/\/jaws-fishing.com\/index.php\/wp-json\/wp\/v2\/product_brand?post=987511555"},{"taxonomy":"product_cat","embeddable":true,"href":"https:\/\/jaws-fishing.com\/index.php\/wp-json\/wp\/v2\/product_cat?post=987511555"},{"taxonomy":"product_tag","embeddable":true,"href":"https:\/\/jaws-fishing.com\/index.php\/wp-json\/wp\/v2\/product_tag?post=987511555"}],"curies":[{"name":"wp","href":"https:\/\/api.w.org\/{rel}","templated":true}]}}